{"id":1410784698,"date":"2025-07-25T21:29:09","date_gmt":"2025-07-26T00:29:09","guid":{"rendered":"https:\/\/dinhosreef.com\/produto\/racao-poytara-carpa-premium-6x1-15kg\/"},"modified":"2026-03-27T12:39:09","modified_gmt":"2026-03-27T15:39:09","slug":"racao-poytara-carpa-premium-6x1-15kg","status":"publish","type":"product","link":"https:\/\/dinhosreef.com\/en\/product\/racao-poytara-carpa-premium-6x1-15kg\/","title":{"rendered":"Ra\u00e7\u00e3o Poytara Carpa Premium 6&#215;1 1,5kg"},"content":{"rendered":"<p>RA\u00c7\u00c3O POYTARA CARPA 6X1 PREMIUM &#8211; 1,5KG<\/p>\n<p>A RA\u00c7\u00c3O MAIS ESPERADA DO MERCADO &#8211; MIX COMPLETO PARA UM LAGO SAUD\u00c1VEL E EQUILIBRADO<\/p>\n<p>ALIMENTO COMPLETO PARA TODOS OS PEIXES DO LAGO<\/p>\n<p>\u00d3LEOS ESSENCIAIS<\/p>\n<p>FITOG\u00caNICOS<\/p>\n<p>Ingredientes funcionais representando as diferentes nutri\u00e7\u00f5es e cuidados, abaixo segue a descri\u00e7\u00e3o de cada stick, s\u00e3o 6:<\/p>\n<p>1- Composta por extratos vegetais, spirulina e fitog\u00eanicos. Melhoram a resist\u00eancia e sa\u00fade dos peixes.<\/p>\n<p>2- \u00c1cidos graxos (\u00f4mega 3), EPA (\u00e1cido eicosapentaen\u00f3ico) eDHA (\u00e1cido docosa-hexaen\u00f3ico). Garantindo maior resist\u00eancia e vitalidade as varia\u00e7\u00f5es de temperatura e imunidade.<\/p>\n<p>3- Possui em sua composi\u00e7\u00e3o farinha de salm\u00e3o, prote\u00edna funcional de extratos marinhos e urucum. Melhora a palatabilidade, cor e crescimento.<\/p>\n<p>4- Prebi\u00f3ticos (Betaglucanos), probi\u00f3ticos (Baccillus sp) e hemoglobina. Prote\u00edna de alta digestibilidade, melhora na flora intestinal e maior resist\u00eancia a doen\u00e7as.<\/p>\n<p>5- Urucum, Gl\u00faten de Milho, Caroten\u00f3ides e cataxantina. Garante mais vida e realce das cores nos peixes.<\/p>\n<p>6- Amino\u00e1cidos, plasma, \u00f3leos essenciais e alicina (Alho). Melhora na imunidade, produ\u00e7\u00e3o de muco e fun\u00e7\u00e3o antibacteriano natural.<\/p>\n<p>Umidade (M\u00e1x.)<\/p>\n<p>120 g\/Kg (12%)<\/p>\n<p>Prote\u00edna Bruta (M\u00edn.)<\/p>\n<p>260 g\/Kg (26%)<\/p>\n<p>Extrato Et\u00e9reo (M\u00edn.)<\/p>\n<p>25 g\/Kg (2,5%)<\/p>\n<p>Mat\u00e9ria Fibrosa (M\u00e1x.)<\/p>\n<p>25 g\/Kg (2,5%)<\/p>\n<p>Mat\u00e9ria Mineral (M\u00e1x.)<\/p>\n<p>6000 mg\/Kg (0,6%)<\/p>\n<p>C\u00e1lcio (M\u00edn.)<\/p>\n<p>C\u00e1lcio (M\u00e1x.)<\/p>\n<p>6000 mg\/Kg (0,6%)<\/p>\n<p>10000 mg\/Kg (1%)<\/p>\n<p>F\u00f3sforo (M\u00edn.)<\/p>\n<p>6000 mg\/Kg (0,6%)<\/p>\n<p>DHA (M\u00edn.)<\/p>\n<p>100 mg\/Kg<\/p>\n<p>Nucleot\u00eddeos (M\u00edn.)<\/p>\n<p>1000 mg\/Kg<\/p>\n<p>Lisina (M\u00edn.)<\/p>\n<p>1000 mg\/Kg<\/p>\n<p>Metionina (M\u00edn.)<\/p>\n<p>1000 mg\/Kg<\/p>\n<p>Treonina (M\u00edn.)<\/p>\n<p>1000 mg\/Kg<\/p>\n<p>Saccharomyces cerevisiae (M\u00edn.)<\/p>\n<p>8&#215;108 UFC\/g<\/p>\n<p>Enterococcus faecium (M\u00edn.)<\/p>\n<p>4&#215;107 UFC\/g<\/p>\n<p>Lactobacillus acidophilus (M\u00edn.)<\/p>\n<p>4&#215;107 UFC\/g<\/p>\n<p>Beta Glucanas (M\u00edn.)<\/p>\n<p>180 mg\/Kg<\/p>","protected":false},"excerpt":{"rendered":"<p>RA\u00c7\u00c3O POYTARA CARPA 6X1 PREMIUM &#8211; 1,5KG A RA\u00c7\u00c3O MAIS ESPERADA DO MERCADO &#8211; MIX COMPLETO PARA UM LAGO SAUD\u00c1VEL E EQUILIBRADO ALIMENTO COMPLETO PARA TODOS OS PEIXES DO LAGO \u00d3LEOS ESSENCIAIS FITOG\u00caNICOS Ingredientes funcionais representando as diferentes nutri\u00e7\u00f5es e cuidados, abaixo segue a descri\u00e7\u00e3o de cada stick, s\u00e3o 6: 1- Composta por extratos vegetais, [&hellip;]<\/p>\n","protected":false},"featured_media":1410784697,"comment_status":"open","ping_status":"closed","template":"","meta":{"googlesitekit_rrm_CAow0N7NCw:productID":"","content-type":"","pmpro_default_level":"","_themeisle_gutenberg_block_has_review":false},"product_brand":[380],"product_cat":[57],"product_tag":[],"class_list":{"0":"post-1410784698","1":"product","2":"type-product","3":"status-publish","4":"has-post-thumbnail","6":"product_brand-poytara","7":"product_cat-alimentos","8":"pmpro-has-access","10":"first","11":"instock","12":"taxable","13":"shipping-taxable","14":"purchasable","15":"product-type-simple"},"_links":{"self":[{"href":"https:\/\/dinhosreef.com\/en\/wp-json\/wp\/v2\/product\/1410784698","targetHints":{"allow":["GET"]}}],"collection":[{"href":"https:\/\/dinhosreef.com\/en\/wp-json\/wp\/v2\/product"}],"about":[{"href":"https:\/\/dinhosreef.com\/en\/wp-json\/wp\/v2\/types\/product"}],"replies":[{"embeddable":true,"href":"https:\/\/dinhosreef.com\/en\/wp-json\/wp\/v2\/comments?post=1410784698"}],"wp:featuredmedia":[{"embeddable":true,"href":"https:\/\/dinhosreef.com\/en\/wp-json\/wp\/v2\/media\/1410784697"}],"wp:attachment":[{"href":"https:\/\/dinhosreef.com\/en\/wp-json\/wp\/v2\/media?parent=1410784698"}],"wp:term":[{"taxonomy":"product_brand","embeddable":true,"href":"https:\/\/dinhosreef.com\/en\/wp-json\/wp\/v2\/product_brand?post=1410784698"},{"taxonomy":"product_cat","embeddable":true,"href":"https:\/\/dinhosreef.com\/en\/wp-json\/wp\/v2\/product_cat?post=1410784698"},{"taxonomy":"product_tag","embeddable":true,"href":"https:\/\/dinhosreef.com\/en\/wp-json\/wp\/v2\/product_tag?post=1410784698"}],"curies":[{"name":"wp","href":"https:\/\/api.w.org\/{rel}","templated":true}]}}