{"id":1410784700,"date":"2025-07-25T21:29:12","date_gmt":"2025-07-26T00:29:12","guid":{"rendered":"https:\/\/dinhosreef.com\/produto\/racao-para-peixe-beta-poytara-betta-14g-premium\/"},"modified":"2026-03-31T12:51:30","modified_gmt":"2026-03-31T15:51:30","slug":"racao-para-peixe-beta-poytara-betta-14g-premium","status":"publish","type":"product","link":"https:\/\/dinhosreef.com\/en\/product\/racao-para-peixe-beta-poytara-betta-14g-premium\/","title":{"rendered":"Ra\u00e7ao Para Peixe Beta Poytara Betta 14g Premium"},"content":{"rendered":"<h1 id=\"titulo_novo_produto\" style=\"font-size: var(--font-size-big); margin: 0px; font-family: var(--font-family-primary); color: #e4e6eb; padding: 0px; letter-spacing: var(--letter-spacing); background-color: #242526;\" data-i18n=\"Produto:productStepByStep.form.titleNewProduct\">Ra\u00e7ao Para Peixe Beta Poytara Betta 14g Premium<\/h1>\n<p><span style=\"color: #666666; font-family: 'Proxima Nova', -apple-system, Roboto, Arial, sans-serif; font-size: 20px; background-color: #ffffff;\">Indica\u00e7\u00e3o do Produto:<\/span><\/p>\n<p><br style=\"color: #666666; font-family: 'Proxima Nova', -apple-system, Roboto, Arial, sans-serif; font-size: 20px; background-color: #ffffff;\" \/><span style=\"color: #666666; font-family: 'Proxima Nova', -apple-system, Roboto, Arial, sans-serif; font-size: 20px; background-color: #ffffff;\">Baseado em ingredientes altamente digest\u00edveis, a fim de suprir as necessidades di\u00e1rias desta esp\u00e9cie e de outras<\/span><br style=\"color: #666666; font-family: 'Proxima Nova', -apple-system, Roboto, Arial, sans-serif; font-size: 20px; background-color: #ffffff;\" \/><span style=\"color: #666666; font-family: 'Proxima Nova', -apple-system, Roboto, Arial, sans-serif; font-size: 20px; background-color: #ffffff;\">que t\u00eam predile\u00e7\u00e3o por larvas, este produto \u00e9 formulado a partir do correto balanceamento dos amino\u00e1cidos.<\/span><br style=\"color: #666666; font-family: 'Proxima Nova', -apple-system, Roboto, Arial, sans-serif; font-size: 20px; background-color: #ffffff;\" \/><span style=\"color: #666666; font-family: 'Proxima Nova', -apple-system, Roboto, Arial, sans-serif; font-size: 20px; background-color: #ffffff;\">Cont\u00e9m carnitina, que atua na metaboliza\u00e7\u00e3o dos lip\u00eddeos, aumenta a taxa de crescimento e melhora o fator<\/span><br style=\"color: #666666; font-family: 'Proxima Nova', -apple-system, Roboto, Arial, sans-serif; font-size: 20px; background-color: #ffffff;\" \/><span style=\"color: #666666; font-family: 'Proxima Nova', -apple-system, Roboto, Arial, sans-serif; font-size: 20px; background-color: #ffffff;\">de condi\u00e7\u00e3o dos peixes; caroteno, especialmente destinado ao fortalecimento do sistema digest\u00f3rio, al\u00e9m de<\/span><br style=\"color: #666666; font-family: 'Proxima Nova', -apple-system, Roboto, Arial, sans-serif; font-size: 20px; background-color: #ffffff;\" \/><span style=\"color: #666666; font-family: 'Proxima Nova', -apple-system, Roboto, Arial, sans-serif; font-size: 20px; background-color: #ffffff;\">atuar como anticancer\u00edgeno e antimutag\u00eanico, e de real\u00e7ar a cor dos peixes, e tamb\u00e9m \u00e9 adicionado de 500mg\/kg de vitamina C \u00edntegra<\/span><br style=\"color: #666666; font-family: 'Proxima Nova', -apple-system, Roboto, Arial, sans-serif; font-size: 20px; background-color: #ffffff;\" \/><span style=\"color: #666666; font-family: 'Proxima Nova', -apple-system, Roboto, Arial, sans-serif; font-size: 20px; background-color: #ffffff;\">e est\u00e1vel na \u00e1gua, que atua no sistema imunol\u00f3gico dos peixes, uma vez que inibe todo e qualquer tipo de infec\u00e7\u00e3o,<\/span><br style=\"color: #666666; font-family: 'Proxima Nova', -apple-system, Roboto, Arial, sans-serif; font-size: 20px; background-color: #ffffff;\" \/><span style=\"color: #666666; font-family: 'Proxima Nova', -apple-system, Roboto, Arial, sans-serif; font-size: 20px; background-color: #ffffff;\">fortalece o tecido epitelial e garante nadadeiras mais bonitas e saud\u00e1veis. Com granulometria de 2mm,<\/span><br style=\"color: #666666; font-family: 'Proxima Nova', -apple-system, Roboto, Arial, sans-serif; font-size: 20px; background-color: #ffffff;\" \/><span style=\"color: #666666; font-family: 'Proxima Nova', -apple-system, Roboto, Arial, sans-serif; font-size: 20px; background-color: #ffffff;\">\u00e9 adequado ao sistema fisiol\u00f3gico destas esp\u00e9cies.<\/span><br style=\"color: #666666; font-family: 'Proxima Nova', -apple-system, Roboto, Arial, sans-serif; font-size: 20px; background-color: #ffffff;\" \/><br style=\"color: #666666; font-family: 'Proxima Nova', -apple-system, Roboto, Arial, sans-serif; font-size: 20px; background-color: #ffffff;\" \/><span style=\"color: #666666; font-family: 'Proxima Nova', -apple-system, Roboto, Arial, sans-serif; font-size: 20px; background-color: #ffffff;\">Modo de usar:<\/span><br style=\"color: #666666; font-family: 'Proxima Nova', -apple-system, Roboto, Arial, sans-serif; font-size: 20px; background-color: #ffffff;\" \/><span style=\"color: #666666; font-family: 'Proxima Nova', -apple-system, Roboto, Arial, sans-serif; font-size: 20px; background-color: #ffffff;\">Sugerimos que ofere\u00e7a Poytara Betta de duas a tr\u00eas vezes ao dia, para que se obtenham melhores \u00edndices<\/span><br style=\"color: #666666; font-family: 'Proxima Nova', -apple-system, Roboto, Arial, sans-serif; font-size: 20px; background-color: #ffffff;\" \/><span style=\"color: #666666; font-family: 'Proxima Nova', -apple-system, Roboto, Arial, sans-serif; font-size: 20px; background-color: #ffffff;\">de crescimento e de desempenho reprodutivo. Experimentos cient\u00edficos investigaram a influ\u00eancia da freq\u00fc\u00eancia<\/span><br style=\"color: #666666; font-family: 'Proxima Nova', -apple-system, Roboto, Arial, sans-serif; font-size: 20px; background-color: #ffffff;\" \/><span style=\"color: #666666; font-family: 'Proxima Nova', -apple-system, Roboto, Arial, sans-serif; font-size: 20px; background-color: #ffffff;\">alimentar sobre o crescimento, peso das g\u00f4nadas e fecundidade em Betta splendens, pois este \u00e9 um dos fatores que<\/span><br style=\"color: #666666; font-family: 'Proxima Nova', -apple-system, Roboto, Arial, sans-serif; font-size: 20px; background-color: #ffffff;\" \/><span style=\"color: #666666; font-family: 'Proxima Nova', -apple-system, Roboto, Arial, sans-serif; font-size: 20px; background-color: #ffffff;\">determina melhores indices de crescimento e de desempenho reprodutivo..<\/span><br style=\"color: #666666; font-family: 'Proxima Nova', -apple-system, Roboto, Arial, sans-serif; font-size: 20px; background-color: #ffffff;\" \/><br style=\"color: #666666; font-family: 'Proxima Nova', -apple-system, Roboto, Arial, sans-serif; font-size: 20px; background-color: #ffffff;\" \/><span style=\"color: #666666; font-family: 'Proxima Nova', -apple-system, Roboto, Arial, sans-serif; font-size: 20px; background-color: #ffffff;\">Granulometria:<\/span><br style=\"color: #666666; font-family: 'Proxima Nova', -apple-system, Roboto, Arial, sans-serif; font-size: 20px; background-color: #ffffff;\" \/><span style=\"color: #666666; font-family: 'Proxima Nova', -apple-system, Roboto, Arial, sans-serif; font-size: 20px; background-color: #ffffff;\">Os gr\u00e2nulos 100% flutuantes, com aproximadamente 2mm,<\/span><br style=\"color: #666666; font-family: 'Proxima Nova', -apple-system, Roboto, Arial, sans-serif; font-size: 20px; background-color: #ffffff;\" \/><span style=\"color: #666666; font-family: 'Proxima Nova', -apple-system, Roboto, Arial, sans-serif; font-size: 20px; background-color: #ffffff;\">ad\u00e9quam-se perfeitamente \u00e0s bocas de Bettas e outros anabantideos.<\/span><br style=\"color: #666666; font-family: 'Proxima Nova', -apple-system, Roboto, Arial, sans-serif; font-size: 20px; background-color: #ffffff;\" \/><span style=\"color: #666666; font-family: 'Proxima Nova', -apple-system, Roboto, Arial, sans-serif; font-size: 20px; background-color: #ffffff;\">A colora\u00e7\u00e3o vermelha, atrativa, estimula os peixes a se alimentar e o formato esf\u00e9rico facilita,<\/span><br style=\"color: #666666; font-family: 'Proxima Nova', -apple-system, Roboto, Arial, sans-serif; font-size: 20px; background-color: #ffffff;\" \/><span style=\"color: #666666; font-family: 'Proxima Nova', -apple-system, Roboto, Arial, sans-serif; font-size: 20px; background-color: #ffffff;\">aos peixes, a captura dos gr\u00e2nulos.<\/span><br style=\"color: #666666; font-family: 'Proxima Nova', -apple-system, Roboto, Arial, sans-serif; font-size: 20px; background-color: #ffffff;\" \/><br style=\"color: #666666; font-family: 'Proxima Nova', -apple-system, Roboto, Arial, sans-serif; font-size: 20px; background-color: #ffffff;\" \/><span style=\"color: #666666; font-family: 'Proxima Nova', -apple-system, Roboto, Arial, sans-serif; font-size: 20px; background-color: #ffffff;\">Composi\u00e7\u00e3o B\u00e1sica:<\/span><br style=\"color: #666666; font-family: 'Proxima Nova', -apple-system, Roboto, Arial, sans-serif; font-size: 20px; background-color: #ffffff;\" \/><span style=\"color: #666666; font-family: 'Proxima Nova', -apple-system, Roboto, Arial, sans-serif; font-size: 20px; background-color: #ffffff;\">Amido de Milho, Alho, Beterraba, Cantaxantina, L-Carnitina, Extrato Vegetal, Farelo de Linha\u00e7a, Farelo de Soja, Farinha de Art\u00eamia, Farinha de Peixe, Isolado Proteico de Soja, L-Lisina, Milho, \u00d3leo de Peixe, \u00d3leo de Soja, Protenose, Quirera de Arroz, Sal, Extrato de Yucca, Premix Vitam\u00ednico Mineral e Aditivos Conservantes, Antioxidante, Adsorvente de Micotoxinas, Probi\u00f3tico, Prebi\u00f3tico e Multienzim\u00e1tico.<\/span><\/p>","protected":false},"excerpt":{"rendered":"<p>Ra\u00e7ao Para Peixe Beta Poytara Betta 14g Premium Indica\u00e7\u00e3o do Produto: Baseado em ingredientes altamente digest\u00edveis, a fim de suprir as necessidades di\u00e1rias desta esp\u00e9cie e de outrasque t\u00eam predile\u00e7\u00e3o por larvas, este produto \u00e9 formulado a partir do correto balanceamento dos amino\u00e1cidos.Cont\u00e9m carnitina, que atua na metaboliza\u00e7\u00e3o dos lip\u00eddeos, aumenta a taxa de crescimento [&hellip;]<\/p>\n","protected":false},"featured_media":1410784699,"comment_status":"open","ping_status":"closed","template":"","meta":{"googlesitekit_rrm_CAow0N7NCw:productID":"","content-type":"","pmpro_default_level":"","_themeisle_gutenberg_block_has_review":false},"product_brand":[380],"product_cat":[57],"product_tag":[],"class_list":{"0":"post-1410784700","1":"product","2":"type-product","3":"status-publish","4":"has-post-thumbnail","6":"product_brand-poytara","7":"product_cat-alimentos","8":"pmpro-has-access","10":"first","11":"instock","12":"taxable","13":"shipping-taxable","14":"purchasable","15":"product-type-simple"},"_links":{"self":[{"href":"https:\/\/dinhosreef.com\/en\/wp-json\/wp\/v2\/product\/1410784700","targetHints":{"allow":["GET"]}}],"collection":[{"href":"https:\/\/dinhosreef.com\/en\/wp-json\/wp\/v2\/product"}],"about":[{"href":"https:\/\/dinhosreef.com\/en\/wp-json\/wp\/v2\/types\/product"}],"replies":[{"embeddable":true,"href":"https:\/\/dinhosreef.com\/en\/wp-json\/wp\/v2\/comments?post=1410784700"}],"wp:featuredmedia":[{"embeddable":true,"href":"https:\/\/dinhosreef.com\/en\/wp-json\/wp\/v2\/media\/1410784699"}],"wp:attachment":[{"href":"https:\/\/dinhosreef.com\/en\/wp-json\/wp\/v2\/media?parent=1410784700"}],"wp:term":[{"taxonomy":"product_brand","embeddable":true,"href":"https:\/\/dinhosreef.com\/en\/wp-json\/wp\/v2\/product_brand?post=1410784700"},{"taxonomy":"product_cat","embeddable":true,"href":"https:\/\/dinhosreef.com\/en\/wp-json\/wp\/v2\/product_cat?post=1410784700"},{"taxonomy":"product_tag","embeddable":true,"href":"https:\/\/dinhosreef.com\/en\/wp-json\/wp\/v2\/product_tag?post=1410784700"}],"curies":[{"name":"wp","href":"https:\/\/api.w.org\/{rel}","templated":true}]}}