{"id":1410784704,"date":"2025-07-25T21:29:16","date_gmt":"2025-07-26T00:29:16","guid":{"rendered":"https:\/\/dinhosreef.com\/produto\/racao-poytara-spirulina-40-black-line-120g-sem-corantes\/"},"modified":"2025-12-01T18:44:00","modified_gmt":"2025-12-01T21:44:00","slug":"racao-poytara-spirulina-40-black-line-120g-sem-corantes","status":"publish","type":"product","link":"https:\/\/dinhosreef.com\/en\/product\/racao-poytara-spirulina-40-black-line-120g-sem-corantes\/","title":{"rendered":"Ra\u00e7\u00e3o Poytara Spirulina 40% Black Line 120g Sem Corantes"},"content":{"rendered":"<p><span style=\"color: #666666; font-family: 'Proxima Nova', -apple-system, Roboto, Arial, sans-serif; font-size: 20px; background-color: #ffffff;\">Principais caracter\u00edsticas:<\/span><br style=\"color: #666666; font-family: 'Proxima Nova', -apple-system, Roboto, Arial, sans-serif; font-size: 20px; background-color: #ffffff;\" \/><span style=\"color: #666666; font-family: 'Proxima Nova', -apple-system, Roboto, Arial, sans-serif; font-size: 20px; background-color: #ffffff;\">I &#8211; Ra\u00e7\u00e3o totalmente livre de corantes artificiais e transg\u00eanicos;<\/span><br style=\"color: #666666; font-family: 'Proxima Nova', -apple-system, Roboto, Arial, sans-serif; font-size: 20px; background-color: #ffffff;\" \/><span style=\"color: #666666; font-family: 'Proxima Nova', -apple-system, Roboto, Arial, sans-serif; font-size: 20px; background-color: #ffffff;\">II &#8211; \u00danica no mundo em gr\u00e3os com 40% de Spirulina;<\/span><br style=\"color: #666666; font-family: 'Proxima Nova', -apple-system, Roboto, Arial, sans-serif; font-size: 20px; background-color: #ffffff;\" \/><span style=\"color: #666666; font-family: 'Proxima Nova', -apple-system, Roboto, Arial, sans-serif; font-size: 20px; background-color: #ffffff;\">III &#8211; Melhora a imunidade e sa\u00fade dos peixes;<\/span><br style=\"color: #666666; font-family: 'Proxima Nova', -apple-system, Roboto, Arial, sans-serif; font-size: 20px; background-color: #ffffff;\" \/><span style=\"color: #666666; font-family: 'Proxima Nova', -apple-system, Roboto, Arial, sans-serif; font-size: 20px; background-color: #ffffff;\">IV &#8211; Intensifica as cores naturais dos peixes;<\/span><br style=\"color: #666666; font-family: 'Proxima Nova', -apple-system, Roboto, Arial, sans-serif; font-size: 20px; background-color: #ffffff;\" \/><span style=\"color: #666666; font-family: 'Proxima Nova', -apple-system, Roboto, Arial, sans-serif; font-size: 20px; background-color: #ffffff;\">V &#8211; Recomendado para todas as esp\u00e9cies de peixes, seja de \u00e1gua doce ou salgada;<\/span><br style=\"color: #666666; font-family: 'Proxima Nova', -apple-system, Roboto, Arial, sans-serif; font-size: 20px; background-color: #ffffff;\" \/><span style=\"color: #666666; font-family: 'Proxima Nova', -apple-system, Roboto, Arial, sans-serif; font-size: 20px; background-color: #ffffff;\">VI &#8211; Possui alho, \u00f4mega 3 e spirulina em sua composi\u00e7\u00e3o;<\/span><br style=\"color: #666666; font-family: 'Proxima Nova', -apple-system, Roboto, Arial, sans-serif; font-size: 20px; background-color: #ffffff;\" \/><span style=\"color: #666666; font-family: 'Proxima Nova', -apple-system, Roboto, Arial, sans-serif; font-size: 20px; background-color: #ffffff;\">VII &#8211; Possui gr\u00e3os com 1,5mm que afundam lentamente no aqu\u00e1rio;<\/span><br style=\"color: #666666; font-family: 'Proxima Nova', -apple-system, Roboto, Arial, sans-serif; font-size: 20px; background-color: #ffffff;\" \/><span style=\"color: #666666; font-family: 'Proxima Nova', -apple-system, Roboto, Arial, sans-serif; font-size: 20px; background-color: #ffffff;\">VIII &#8211; Possui altos teores de prote\u00ednas;<\/span><br style=\"color: #666666; font-family: 'Proxima Nova', -apple-system, Roboto, Arial, sans-serif; font-size: 20px; background-color: #ffffff;\" \/><span style=\"color: #666666; font-family: 'Proxima Nova', -apple-system, Roboto, Arial, sans-serif; font-size: 20px; background-color: #ffffff;\">IX &#8211; Pode ser utilizado com outras ra\u00e7\u00f5es ou em dias alternados na semana;<\/span><br style=\"color: #666666; font-family: 'Proxima Nova', -apple-system, Roboto, Arial, sans-serif; font-size: 20px; background-color: #ffffff;\" \/><span style=\"color: #666666; font-family: 'Proxima Nova', -apple-system, Roboto, Arial, sans-serif; font-size: 20px; background-color: #ffffff;\">X &#8211; Ra\u00e7\u00e3o recomendada na recupera\u00e7\u00e3o de peixes que passaram por stress ou que est\u00e3o debilitados.<\/span><br style=\"color: #666666; font-family: 'Proxima Nova', -apple-system, Roboto, Arial, sans-serif; font-size: 20px; background-color: #ffffff;\" \/><span style=\"color: #666666; font-family: 'Proxima Nova', -apple-system, Roboto, Arial, sans-serif; font-size: 20px; background-color: #ffffff;\">Descri\u00e7\u00e3o:<\/span><br style=\"color: #666666; font-family: 'Proxima Nova', -apple-system, Roboto, Arial, sans-serif; font-size: 20px; background-color: #ffffff;\" \/><span style=\"color: #666666; font-family: 'Proxima Nova', -apple-system, Roboto, Arial, sans-serif; font-size: 20px; background-color: #ffffff;\">A spirulina 40% black line \u00e9 um alimento complementar super premium em gr\u00e2nulos, nutricionalmente balanceado, formulado para atender aos requisitos de todas as esp\u00e9cies de peixes de \u00e1gua doce e salgada. Cont\u00e9m apenas ingredientes nobres e de alta digestibilidade, que promovem crescimento, aumento da imunidade e da colora\u00e7\u00e3o de todos os tipos de peixes.<\/span><br style=\"color: #666666; font-family: 'Proxima Nova', -apple-system, Roboto, Arial, sans-serif; font-size: 20px; background-color: #ffffff;\" \/><span style=\"color: #666666; font-family: 'Proxima Nova', -apple-system, Roboto, Arial, sans-serif; font-size: 20px; background-color: #ffffff;\">Com o tamanho dos pellets com 1,5 mm atende uma ampla gama de esp\u00e9cies, onde os gr\u00e2nulos afundam lentamente tornando-se ideal para todos os peixes que se alimentam nas camadas intermedi\u00e1rias e no fundo, com aproveitamento integral de cada part\u00edcula.<\/span><br style=\"color: #666666; font-family: 'Proxima Nova', -apple-system, Roboto, Arial, sans-serif; font-size: 20px; background-color: #ffffff;\" \/><span style=\"color: #666666; font-family: 'Proxima Nova', -apple-system, Roboto, Arial, sans-serif; font-size: 20px; background-color: #ffffff;\">Composta por ingredientes funcionais, de alta digestibilidade, essa ra\u00e7\u00e3o \u00e9 formulada com ingredientes especiais como a microalga spirulina, crust\u00e1ceos, krill e farinha de peixe, garantindo um elevado teor de prote\u00ednas.<\/span><br style=\"color: #666666; font-family: 'Proxima Nova', -apple-system, Roboto, Arial, sans-serif; font-size: 20px; background-color: #ffffff;\" \/><span style=\"color: #666666; font-family: 'Proxima Nova', -apple-system, Roboto, Arial, sans-serif; font-size: 20px; background-color: #ffffff;\">Al\u00e9m de conter ingredientes como alho, ervilha, nucleot\u00eddeos, \u00f4mega 3 e fontes de macroalgas marinhas, favorecendo a melhora no sistema imunol\u00f3gico, assegurando desenvolvimento saud\u00e1vel e nutri\u00e7\u00e3o de qualidade para os peixes.<\/span><br style=\"color: #666666; font-family: 'Proxima Nova', -apple-system, Roboto, Arial, sans-serif; font-size: 20px; background-color: #ffffff;\" \/><span style=\"color: #666666; font-family: 'Proxima Nova', -apple-system, Roboto, Arial, sans-serif; font-size: 20px; background-color: #ffffff;\">Um diferencial expressivo da Spirulina 40% Black Line \u00e9 que em sua formula\u00e7\u00e3o n\u00e3o tem a presen\u00e7a de transg\u00eanicos e corantes artificiais. \u00c9 um alimento suplementar podendo ser utilizado diariamente em conjunto \u00e0s demais ra\u00e7\u00f5es Poytara ou em dias alternados ao longo da semana.<\/span><br style=\"color: #666666; font-family: 'Proxima Nova', -apple-system, Roboto, Arial, sans-serif; font-size: 20px; background-color: #ffffff;\" \/><span style=\"color: #666666; font-family: 'Proxima Nova', -apple-system, Roboto, Arial, sans-serif; font-size: 20px; background-color: #ffffff;\">Atributos do Produto:<\/span><br style=\"color: #666666; font-family: 'Proxima Nova', -apple-system, Roboto, Arial, sans-serif; font-size: 20px; background-color: #ffffff;\" \/><span style=\"color: #666666; font-family: 'Proxima Nova', -apple-system, Roboto, Arial, sans-serif; font-size: 20px; background-color: #ffffff;\">Marca: Poytara<\/span><br style=\"color: #666666; font-family: 'Proxima Nova', -apple-system, Roboto, Arial, sans-serif; font-size: 20px; background-color: #ffffff;\" \/><span style=\"color: #666666; font-family: 'Proxima Nova', -apple-system, Roboto, Arial, sans-serif; font-size: 20px; background-color: #ffffff;\">Modelo: Spirulina Black Line<\/span><br style=\"color: #666666; font-family: 'Proxima Nova', -apple-system, Roboto, Arial, sans-serif; font-size: 20px; background-color: #ffffff;\" \/><span style=\"color: #666666; font-family: 'Proxima Nova', -apple-system, Roboto, Arial, sans-serif; font-size: 20px; background-color: #ffffff;\">Tipo de Pet: Peixes<\/span><br style=\"color: #666666; font-family: 'Proxima Nova', -apple-system, Roboto, Arial, sans-serif; font-size: 20px; background-color: #ffffff;\" \/><span style=\"color: #666666; font-family: 'Proxima Nova', -apple-system, Roboto, Arial, sans-serif; font-size: 20px; background-color: #ffffff;\">Tipo de \u00c1gua: Doce e Salgada<\/span><br style=\"color: #666666; font-family: 'Proxima Nova', -apple-system, Roboto, Arial, sans-serif; font-size: 20px; background-color: #ffffff;\" \/><span style=\"color: #666666; font-family: 'Proxima Nova', -apple-system, Roboto, Arial, sans-serif; font-size: 20px; background-color: #ffffff;\">Formato Alimento: Gr\u00e3os<\/span><br style=\"color: #666666; font-family: 'Proxima Nova', -apple-system, Roboto, Arial, sans-serif; font-size: 20px; background-color: #ffffff;\" \/><span style=\"color: #666666; font-family: 'Proxima Nova', -apple-system, Roboto, Arial, sans-serif; font-size: 20px; background-color: #ffffff;\">Peso L\u00edq. Produto (Kg): 120g<\/span><br style=\"color: #666666; font-family: 'Proxima Nova', -apple-system, Roboto, Arial, sans-serif; font-size: 20px; background-color: #ffffff;\" \/><span style=\"color: #666666; font-family: 'Proxima Nova', -apple-system, Roboto, Arial, sans-serif; font-size: 20px; background-color: #ffffff;\">Composi\u00e7\u00e3o|Formula\u00e7\u00e3o: Spirulina (m\u00edn. 40%), Farinha de Peixe, Farinha de Crust\u00e1ceos, Algas Marinhas, Ervilha, Gl\u00faten de Trigo, Krill, Farinha de Insetos, Marinha, Algas Marinhas Calc\u00e1rias, \u00f3leo de Peixe, \u00f3leo de Alho (m\u00edn. 0,1%), Probi\u00f3tico, Nucleot\u00eddeos (m\u00edn. 500 mg), Suplemento Vitam\u00ednico e Mineral, \u00e1cido Propi\u00f4nico, Vitamina A, Vitamina D3, Vitamina E, Vitamina K3 (Menadiona), Vitamina B1 (Tiamina), Vitamina B2 (Riboflavina), Vitamina B6 (Piridoxina), Vitamina B12 (Cianocobalamina), Vitamina C (\u00e1cido Asc\u00f3rbico Monofosfatado), \u00e1cido Nicot\u00ednico, \u00e1cido Pantot\u00eanico, Cloreto de Colina, \u00e1cido F\u00f3lico, Biotina, Inositol, Sulfato de Cobalto, Iodato de C\u00e1lcio, Ferro Quelatado, Mangan\u00eas Quelatado, Zinco Quelatado, Sel\u00eanio Org\u00e2nico, Aditivo Conservante (\u00e1cido Propi\u00f4nico) e Antioxidante (Vitamina E).<\/span><br style=\"color: #666666; font-family: 'Proxima Nova', -apple-system, Roboto, Arial, sans-serif; font-size: 20px; background-color: #ffffff;\" \/><span style=\"color: #666666; font-family: 'Proxima Nova', -apple-system, Roboto, Arial, sans-serif; font-size: 20px; background-color: #ffffff;\">Eventuais Substitutivos: Hidrolisado de Prote\u00edna Marinha, G\u00e9rmen de Trigo, Farinha de Trigo, Fosfato Monoc\u00e1lcico, Farinha de Mexilh\u00e3o.<\/span><\/p>","protected":false},"excerpt":{"rendered":"<p>Principais caracter\u00edsticas:I &#8211; Ra\u00e7\u00e3o totalmente livre de corantes artificiais e transg\u00eanicos;II &#8211; \u00danica no mundo em gr\u00e3os com 40% de Spirulina;III &#8211; Melhora a imunidade e sa\u00fade dos peixes;IV &#8211; Intensifica as cores naturais dos peixes;V &#8211; Recomendado para todas as esp\u00e9cies de peixes, seja de \u00e1gua doce ou salgada;VI &#8211; Possui alho, \u00f4mega 3 [&hellip;]<\/p>\n","protected":false},"featured_media":1410784703,"comment_status":"open","ping_status":"closed","template":"","meta":{"googlesitekit_rrm_CAow0N7NCw:productID":"","content-type":"","pmpro_default_level":"","_themeisle_gutenberg_block_has_review":false},"product_brand":[380],"product_cat":[57],"product_tag":[],"class_list":{"0":"post-1410784704","1":"product","2":"type-product","3":"status-publish","4":"has-post-thumbnail","6":"product_brand-poytara","7":"product_cat-alimentos","8":"pmpro-has-access","10":"first","11":"instock","12":"taxable","13":"shipping-taxable","14":"purchasable","15":"product-type-simple"},"_links":{"self":[{"href":"https:\/\/dinhosreef.com\/en\/wp-json\/wp\/v2\/product\/1410784704","targetHints":{"allow":["GET"]}}],"collection":[{"href":"https:\/\/dinhosreef.com\/en\/wp-json\/wp\/v2\/product"}],"about":[{"href":"https:\/\/dinhosreef.com\/en\/wp-json\/wp\/v2\/types\/product"}],"replies":[{"embeddable":true,"href":"https:\/\/dinhosreef.com\/en\/wp-json\/wp\/v2\/comments?post=1410784704"}],"wp:featuredmedia":[{"embeddable":true,"href":"https:\/\/dinhosreef.com\/en\/wp-json\/wp\/v2\/media\/1410784703"}],"wp:attachment":[{"href":"https:\/\/dinhosreef.com\/en\/wp-json\/wp\/v2\/media?parent=1410784704"}],"wp:term":[{"taxonomy":"product_brand","embeddable":true,"href":"https:\/\/dinhosreef.com\/en\/wp-json\/wp\/v2\/product_brand?post=1410784704"},{"taxonomy":"product_cat","embeddable":true,"href":"https:\/\/dinhosreef.com\/en\/wp-json\/wp\/v2\/product_cat?post=1410784704"},{"taxonomy":"product_tag","embeddable":true,"href":"https:\/\/dinhosreef.com\/en\/wp-json\/wp\/v2\/product_tag?post=1410784704"}],"curies":[{"name":"wp","href":"https:\/\/api.w.org\/{rel}","templated":true}]}}