{"id":1410784712,"date":"2025-07-25T21:29:25","date_gmt":"2025-07-26T00:29:25","guid":{"rendered":"https:\/\/dinhosreef.com\/produto\/racao-poytara-peixes-de-fundo-135g-cascudos-botias-coridoras\/"},"modified":"2026-02-02T18:41:35","modified_gmt":"2026-02-02T21:41:35","slug":"racao-poytara-peixes-de-fundo-135g-cascudos-botias-coridoras","status":"publish","type":"product","link":"https:\/\/dinhosreef.com\/en\/product\/racao-poytara-peixes-de-fundo-135g-cascudos-botias-coridoras\/","title":{"rendered":"Ra\u00e7\u00e3o Poytara Peixes De Fundo 135g Cascudos Botias Coridoras"},"content":{"rendered":"<p><span style=\"color: #666666; font-family: 'Proxima Nova', -apple-system, Roboto, Arial, sans-serif; font-size: 20px; background-color: #ffffff;\">Indica\u00e7\u00e3o do Produto:<\/span><br style=\"color: #666666; font-family: 'Proxima Nova', -apple-system, Roboto, Arial, sans-serif; font-size: 20px; background-color: #ffffff;\" \/><span style=\"color: #666666; font-family: 'Proxima Nova', -apple-system, Roboto, Arial, sans-serif; font-size: 20px; background-color: #ffffff;\">Poytara Peixes de Fundo foi desenvolvido para peixes com h\u00e1bito on\u00edvoro\/herb\u00edvoro, que se alimentem no fundo. Produto extrusado de alta densidade, desenvolvido para favorecer a r\u00e1pida descida do gr\u00e2nulo ao fundo, de modo que o alimento n\u00e3o sofra ataques dos peixes de superf\u00edcie e de meia \u00e1gua. Na \u00e1gua, os gr\u00e2nulos liberar\u00e3o, gradativamente, pequenas part\u00edculas do alimento, de forma que peixes de boca pequena, como as coridoras, tamb\u00e9m possam ingeri-las. Cont\u00e9m ingredientes que atuam como imunoestimulantes.<\/span><br style=\"color: #666666; font-family: 'Proxima Nova', -apple-system, Roboto, Arial, sans-serif; font-size: 20px; background-color: #ffffff;\" \/><br style=\"color: #666666; font-family: 'Proxima Nova', -apple-system, Roboto, Arial, sans-serif; font-size: 20px; background-color: #ffffff;\" \/><span style=\"color: #666666; font-family: 'Proxima Nova', -apple-system, Roboto, Arial, sans-serif; font-size: 20px; background-color: #ffffff;\">Modo de usar:<\/span><br style=\"color: #666666; font-family: 'Proxima Nova', -apple-system, Roboto, Arial, sans-serif; font-size: 20px; background-color: #ffffff;\" \/><span style=\"color: #666666; font-family: 'Proxima Nova', -apple-system, Roboto, Arial, sans-serif; font-size: 20px; background-color: #ffffff;\">Sugerimos que ofere\u00e7a Poytara Peixes de Fundo de duas a tr\u00eas vezes ao dia, em quantidade suficiente para o completo consumo em poucos minutos, ou at\u00e9 que cesse a voracidade dos peixes. Rotina indicada inclusive para cipridontiformes e silurifomes. Se o objetivo for interagir com os animais, pode-se oferecer tr\u00eas ou quatro refei\u00e7\u00f5es ao dia, desde que as sobras, se houver, sejam retiradas.<\/span><br style=\"color: #666666; font-family: 'Proxima Nova', -apple-system, Roboto, Arial, sans-serif; font-size: 20px; background-color: #ffffff;\" \/><br style=\"color: #666666; font-family: 'Proxima Nova', -apple-system, Roboto, Arial, sans-serif; font-size: 20px; background-color: #ffffff;\" \/><span style=\"color: #666666; font-family: 'Proxima Nova', -apple-system, Roboto, Arial, sans-serif; font-size: 20px; background-color: #ffffff;\">Composi\u00e7\u00e3o B\u00e1sica:<\/span><br style=\"color: #666666; font-family: 'Proxima Nova', -apple-system, Roboto, Arial, sans-serif; font-size: 20px; background-color: #ffffff;\" \/><span style=\"color: #666666; font-family: 'Proxima Nova', -apple-system, Roboto, Arial, sans-serif; font-size: 20px; background-color: #ffffff;\">Amido de Milho, Betacaroteno, Farelo de Soja, Farinha de Peixe, Farinha de Trigo, Milho, Extrato de Levedura, \u00d3leo de Linha\u00e7a, \u00d3leo de Peixe, \u00d3leo de Soja, Protenose, Sal, Spirulina, Tenebrio molitor, Extrato de Yucca, Premix Vitam\u00ednico Mineral e Aditivos Conservantes, Antioxidante, Adsorvente de Micotoxinas, Probi\u00f3tico, Prebi\u00f3tico e Multienzim\u00e1tico.<\/span><\/p>","protected":false},"excerpt":{"rendered":"<p>Indica\u00e7\u00e3o do Produto:Poytara Peixes de Fundo foi desenvolvido para peixes com h\u00e1bito on\u00edvoro\/herb\u00edvoro, que se alimentem no fundo. Produto extrusado de alta densidade, desenvolvido para favorecer a r\u00e1pida descida do gr\u00e2nulo ao fundo, de modo que o alimento n\u00e3o sofra ataques dos peixes de superf\u00edcie e de meia \u00e1gua. Na \u00e1gua, os gr\u00e2nulos liberar\u00e3o, gradativamente, [&hellip;]<\/p>\n","protected":false},"featured_media":1410784711,"comment_status":"open","ping_status":"closed","template":"","meta":{"googlesitekit_rrm_CAow0N7NCw:productID":"","content-type":"","pmpro_default_level":"","_themeisle_gutenberg_block_has_review":false},"product_brand":[380],"product_cat":[57],"product_tag":[],"class_list":{"0":"post-1410784712","1":"product","2":"type-product","3":"status-publish","4":"has-post-thumbnail","6":"product_brand-poytara","7":"product_cat-alimentos","8":"pmpro-has-access","10":"first","11":"instock","12":"taxable","13":"shipping-taxable","14":"purchasable","15":"product-type-simple"},"_links":{"self":[{"href":"https:\/\/dinhosreef.com\/en\/wp-json\/wp\/v2\/product\/1410784712","targetHints":{"allow":["GET"]}}],"collection":[{"href":"https:\/\/dinhosreef.com\/en\/wp-json\/wp\/v2\/product"}],"about":[{"href":"https:\/\/dinhosreef.com\/en\/wp-json\/wp\/v2\/types\/product"}],"replies":[{"embeddable":true,"href":"https:\/\/dinhosreef.com\/en\/wp-json\/wp\/v2\/comments?post=1410784712"}],"wp:featuredmedia":[{"embeddable":true,"href":"https:\/\/dinhosreef.com\/en\/wp-json\/wp\/v2\/media\/1410784711"}],"wp:attachment":[{"href":"https:\/\/dinhosreef.com\/en\/wp-json\/wp\/v2\/media?parent=1410784712"}],"wp:term":[{"taxonomy":"product_brand","embeddable":true,"href":"https:\/\/dinhosreef.com\/en\/wp-json\/wp\/v2\/product_brand?post=1410784712"},{"taxonomy":"product_cat","embeddable":true,"href":"https:\/\/dinhosreef.com\/en\/wp-json\/wp\/v2\/product_cat?post=1410784712"},{"taxonomy":"product_tag","embeddable":true,"href":"https:\/\/dinhosreef.com\/en\/wp-json\/wp\/v2\/product_tag?post=1410784712"}],"curies":[{"name":"wp","href":"https:\/\/api.w.org\/{rel}","templated":true}]}}