{"id":1410784718,"date":"2025-07-26T14:26:36","date_gmt":"2025-07-26T17:26:36","guid":{"rendered":"https:\/\/dinhosreef.com\/produto\/royal-canin-bhn-pomeranian-adult-1kg-racao-seca-caes\/"},"modified":"2025-12-21T20:21:44","modified_gmt":"2025-12-21T23:21:44","slug":"royal-canin-bhn-pomeranian-adult-1kg-racao-seca-caes","status":"publish","type":"product","link":"https:\/\/dinhosreef.com\/en\/product\/royal-canin-bhn-pomeranian-adult-1kg-racao-seca-caes\/","title":{"rendered":"Royal Canin Bhn Pomeranian Adult 1kg Ra\u00e7\u00e3o Seca C\u00e3es"},"content":{"rendered":"<div class=\"box-descricao\">\n<div class=\"span12\">\n<div id=\"smarthint-product-position1\"><\/div>\n<div id=\"blank-product-position1\"><\/div>\n<div class=\"abas-custom\">\n<div class=\"tab-content\">\n<div id=\"descricao\" class=\"tab-pane active\">\n<p><strong>Ra\u00e7\u00e3o Royal Canin para C\u00e3es Adultos da Ra\u00e7a Pomeranian<\/strong><br \/>Alimento completo seco para c\u00e3es adultos e maduros da ra\u00e7a Pomeranian \u2013 A partir de 8 meses de idade.<\/p>\n<p><strong>Croquete feito sob medida<\/strong><br \/>A f\u00f3rmula, tamanho, formato e textura dos croquetes s\u00e3o adaptados para a pequena mand\u00edbula do Pomeranian. Esta f\u00f3rmula ajuda a reduzir a forma\u00e7\u00e3o de t\u00e1rtaro por estimular o c\u00e3o a mastigar. A colora\u00e7\u00e3o dos croquetes pode variar devido aos ingredientes naturais.<\/p>\n<p><strong>Suporte a ossos e articula\u00e7\u00f5es<\/strong><br \/>Os c\u00e3es da ra\u00e7a Pomeranian podem ter as articula\u00e7\u00f5es dos joelhos fr\u00e1geis. POMERANIAN ADULT cont\u00e9m n\u00edveis de minerais adaptados para contribuir na manuten\u00e7\u00e3o de ossos e articula\u00e7\u00f5es saud\u00e1veis. Enriquecido com EPA e DHA.<\/p>\n<p><strong>Pele e pelagem saud\u00e1veis<\/strong><br \/>A pelagem gloriosa com um subpelo abundante \u00e9 uma das caracter\u00edsticas extraordin\u00e1rias do Pomeranian. Esta f\u00f3rmula exclusiva auxilia no suporte \u00e0 barreira natural cut\u00e2nea, ajuda a manter a sa\u00fade da pele e a nutrir a pelagem. Enriquecido com conte\u00fado adaptado de EPA e DHA.<\/p>\n<p><strong>Sa\u00fade digestiva<\/strong><br \/>Uma combina\u00e7\u00e3o balanceada de fibras, incluindo psyllium, e prote\u00ednas de alta qualidade (L.I.P.*), contribuindo para facilitar o tr\u00e2nsito intestinal e a \u00f3tima qualidade das fezes. *L.I.P.: Prote\u00ednas selecionadas por sua alta digestibilidade.<\/p>\n<p><strong>Ingredientes<\/strong><br \/>Milho integral mo\u00eddo*, farinha de v\u00edsceras de aves, quirera de arroz, farinha de trigo, farelo de gl\u00faten de milho*, gordura su\u00edna, farinha de torresmo, gordura de frango, gl\u00faten de trigo, \u00f3leo de peixe refinado, \u00f3leo de soja refinado*, \u00f3leo de borragem, polpa de chic\u00f3ria seca, casca de psyllium (0,5%), hidrocloreto de glicosamina, sulfato de condroitina, cloreto de pot\u00e1ssio, carbonato de c\u00e1lcio, cloreto de s\u00f3dio (sal comum), \u00f3xido de magn\u00e9sio, tripolifosfato de s\u00f3dio, sorbato de pot\u00e1ssio, fruto-oligossacar\u00eddeos, extrato de marigold, extrato de ch\u00e1 verde, zeolita, vitaminas (A, C, D3, E, B1, B2, B6, B12, PP), \u00e1cido pantot\u00eanico, biotina, \u00e1cido f\u00f3lico, cloreto de colina, sulfato de ferro, sulfato de cobre, \u00f3xido de zinco, \u00f3xido de mangan\u00eas, iodato de c\u00e1lcio, levedura enriquecida com sel\u00eanio, zinco amino\u00e1cido quelato, mangan\u00eas amino\u00e1cido quelato, cobre amino\u00e1cido quelato, DL-metionina, taurina, L-carnitina, palatabilizante \u00e0 base de f\u00edgado de frango, antioxidante (BHA).<\/p>\n<p><strong>N\u00edveis de garantia<\/strong><br \/>Umidade (m\u00e1x.): 115 g\/kg (11,5%)<br \/>Prote\u00edna Bruta (m\u00edn.): 240 g\/kg (24%)<br \/>Extrato Et\u00e9reo (m\u00edn.): 140 g\/kg (14%)<br \/>Mat\u00e9ria Fibrosa (m\u00e1x.): 36 g\/kg (3,6%)<br \/>Mat\u00e9ria Mineral (m\u00e1x.): 76 g\/kg (7,6%)<br \/>C\u00e1lcio (m\u00edn.): 4.500 mg\/kg (0,45%)<br \/>C\u00e1lcio (m\u00e1x.): 10,5 g\/kg (1,05%)<br \/>F\u00f3sforo (m\u00edn.): 3.600 mg\/kg (0,36%)<br \/>S\u00f3dio (m\u00edn.): 1.800 mg\/kg (0,18%)<br \/>Cloro (m\u00edn.): 3.360 mg\/kg (0,336%)<br \/>Pot\u00e1ssio (m\u00edn.): 4.200 mg\/kg (0,42%)<br \/>Magn\u00e9sio (m\u00edn.): 480 mg\/kg (0,048%)<br \/>Metionina (m\u00edn.): 5.670 mg\/kg (0,567%)<br \/>Taurina (m\u00edn.): 1.330 mg\/kg (0,133%)<br \/>L-carnitina (m\u00edn.): 35 mg\/kg (0,0035%)<\/p>\n<p>ENRIQUECIMENTOS POR QUILOGRAMA DO PRODUTO (M\u00cdN.): VITAMINAS: A: 29.500 UI, C: 200 mg, D3: 800 UI, E: 590 UI, B1: 27,1 mg, B2: 51 mg, B6: 75,9 mg, B12: 140 \u00b5g, PP: 509 mg, \u00c1cido pantot\u00eanico: 146,5 mg, \u00c1cido f\u00f3lico: 13,7 mg, Biotina: 3,08 mg, Colina: 2.400 mg. MINERAIS: Cobre: 11 mg, Ferro: 34 mg, Mangan\u00eas: 45 mg, Iodo: 3,4 mg, Zinco: 134 mg, Sel\u00eanio: 0,07 mg.<\/p>\n<p>ENERGIA METABOLIZ\u00c1VEL: 3.937 kcal\/kg.<\/p>\n<p>VITAMINAS: A: 29.500 UI, C: 200 mg, D3: 800 UI, E: 590 UI, B1: 27,1 mg, B2: 51 mg, B6: 75,9 mg, B12: 140 \u00b5g, PP: 509 mg, \u00c1cido pantot\u00eanico: 146,5 mg, \u00c1cido f\u00f3lico: 13,7 mg, Biotina: 3,08 mg, Colina: 2.400 mg. MINERAIS: Cobre: 11 mg, Ferro: 34 mg, Mangan\u00eas: 45 mg, Iodo: 3,4 mg, Zinco: 134 mg, Sel\u00eanio: 0,07 mg.<\/p>\n<\/p><\/div>\n<\/p><\/div>\n<\/p><\/div>\n<\/p><\/div>\n<\/p><\/div>","protected":false},"excerpt":{"rendered":"<p>Ra\u00e7\u00e3o Royal Canin para C\u00e3es Adultos da Ra\u00e7a PomeranianAlimento completo seco para c\u00e3es adultos e maduros da ra\u00e7a Pomeranian \u2013 A partir de 8 meses de idade. Croquete feito sob medidaA f\u00f3rmula, tamanho, formato e textura dos croquetes s\u00e3o adaptados para a pequena mand\u00edbula do Pomeranian. Esta f\u00f3rmula ajuda a reduzir a forma\u00e7\u00e3o de t\u00e1rtaro [&hellip;]<\/p>\n","protected":false},"featured_media":1410784717,"comment_status":"open","ping_status":"closed","template":"","meta":{"googlesitekit_rrm_CAow0N7NCw:productID":"","content-type":"","pmpro_default_level":"","_themeisle_gutenberg_block_has_review":false},"product_brand":[],"product_cat":[259],"product_tag":[],"class_list":{"0":"post-1410784718","1":"product","2":"type-product","3":"status-publish","4":"has-post-thumbnail","6":"product_cat-racoes-alimento-petisco-e-suplemento-caes","7":"pmpro-has-access","9":"first","10":"outofstock","11":"taxable","12":"shipping-taxable","13":"purchasable","14":"product-type-simple"},"_links":{"self":[{"href":"https:\/\/dinhosreef.com\/en\/wp-json\/wp\/v2\/product\/1410784718","targetHints":{"allow":["GET"]}}],"collection":[{"href":"https:\/\/dinhosreef.com\/en\/wp-json\/wp\/v2\/product"}],"about":[{"href":"https:\/\/dinhosreef.com\/en\/wp-json\/wp\/v2\/types\/product"}],"replies":[{"embeddable":true,"href":"https:\/\/dinhosreef.com\/en\/wp-json\/wp\/v2\/comments?post=1410784718"}],"wp:featuredmedia":[{"embeddable":true,"href":"https:\/\/dinhosreef.com\/en\/wp-json\/wp\/v2\/media\/1410784717"}],"wp:attachment":[{"href":"https:\/\/dinhosreef.com\/en\/wp-json\/wp\/v2\/media?parent=1410784718"}],"wp:term":[{"taxonomy":"product_brand","embeddable":true,"href":"https:\/\/dinhosreef.com\/en\/wp-json\/wp\/v2\/product_brand?post=1410784718"},{"taxonomy":"product_cat","embeddable":true,"href":"https:\/\/dinhosreef.com\/en\/wp-json\/wp\/v2\/product_cat?post=1410784718"},{"taxonomy":"product_tag","embeddable":true,"href":"https:\/\/dinhosreef.com\/en\/wp-json\/wp\/v2\/product_tag?post=1410784718"}],"curies":[{"name":"wp","href":"https:\/\/api.w.org\/{rel}","templated":true}]}}