{"id":1410784996,"date":"2025-08-11T19:21:14","date_gmt":"2025-08-11T22:21:14","guid":{"rendered":"https:\/\/dinhosreef.com\/produto\/gramma-basslet-caribe\/"},"modified":"2026-02-19T20:26:25","modified_gmt":"2026-02-19T23:26:25","slug":"gramma-basslet-caribe","status":"publish","type":"product","link":"https:\/\/dinhosreef.com\/en\/product\/gramma-basslet-caribe\/","title":{"rendered":"Gramma Basslet CARIBE"},"content":{"rendered":"<p>O peixe Royal Gramma, da esp\u00e9cie Gramma loreto, \u00e9 um peixe muito conhecido por colecionadores de peixes de aqu\u00e1rio. Ele come\u00e7a com cor de uva que vai &#8216;clareando&#8217; e termina em amarelo. Existe um peixe que alguma vezes \u00e9 confundido com o Royal Gramma: \u00e9 o Royal Gramma Falso.<\/p>\n<p><a href=\"https:\/\/www.google.com\/search?rlz=1C1GCEU_pt-BRBR960BR985&amp;sxsrf=APq-WBv_OAFA4zkUdWlsxeDD2OB0kAP0ew:1644870781493&amp;q=peixe-royal-gramma+nome+cient%C3%ADfico&amp;stick=H4sIAAAAAAAAAOPgE-LUz9U3SDYuNDLUMs5OttJPyszPyU-v1M8vSk_MyyzOjU_OSSwuzkzLTE4syczPsypOzkzNKwHxFfISc1MXsSoXpGZWpOoW5Vcm5uimFyXm5iYq5OXnpiqAFR5eC1SZDwA_rPW3aAAAAA&amp;sa=X&amp;ved=2ahUKEwislIeVhYD2AhU3I7kGHT1-DKYQ6BMoAHoECCoQAg\" data-ved=\"2ahUKEwislIeVhYD2AhU3I7kGHT1-DKYQ6BMoAHoECCoQAg\" target=\"_blank\" rel=\"noopener\">Nome cient\u00edfico<\/a>:\u00a0Gramma loreto<\/p>\n<p><a href=\"https:\/\/www.google.com\/search?rlz=1C1GCEU_pt-BRBR960BR985&amp;sxsrf=APq-WBv_OAFA4zkUdWlsxeDD2OB0kAP0ew:1644870781493&amp;q=peixe-royal-gramma+classifica%C3%A7%C3%A3o+superior&amp;stick=H4sIAAAAAAAAAOPgE-LUz9U3SDYuNDLUssxOttJPyszPyU-v1M8vSk_MyyzOjU_OSSwuzkzLTE4syczPs8rITM9ILVJAFV3Eql2QmlmRqluUX5mYo5telJibm4ik5vDyw4vzFYpLC1KLMvOLAMssHjl2AAAA&amp;sa=X&amp;ved=2ahUKEwislIeVhYD2AhU3I7kGHT1-DKYQ6BMoAHoECCUQAg\" data-ved=\"2ahUKEwislIeVhYD2AhU3I7kGHT1-DKYQ6BMoAHoECCUQAg\" target=\"_blank\" rel=\"noopener\">Classifica\u00e7\u00e3o superior<\/a>:\u00a0<a href=\"https:\/\/www.google.com\/search?rlz=1C1GCEU_pt-BRBR960BR985&amp;sxsrf=APq-WBv_OAFA4zkUdWlsxeDD2OB0kAP0ew:1644870781493&amp;q=Gramma&amp;stick=H4sIAAAAAAAAAOPgE-LUz9U3SDYuNDJU4gIx81IqDLMttSyzk630kzLzc_LTK_Xzi9IT8zKLc-OTcxKLizPTMpMTSzLz86wyMtMzUosUUEUXsbK5FyXm5ibuYGUEAJVnWFZgAAAA&amp;sa=X&amp;ved=2ahUKEwislIeVhYD2AhU3I7kGHT1-DKYQmxMoAXoECCUQAw\" data-ved=\"2ahUKEwislIeVhYD2AhU3I7kGHT1-DKYQmxMoAXoECCUQAw\" target=\"_blank\" rel=\"noopener\">Gramma<\/a><\/p>\n<p><a href=\"https:\/\/www.google.com\/search?rlz=1C1GCEU_pt-BRBR960BR985&amp;sxsrf=APq-WBv_OAFA4zkUdWlsxeDD2OB0kAP0ew:1644870781493&amp;q=peixe-royal-gramma+classifica%C3%A7%C3%A3o&amp;stick=H4sIAAAAAAAAAOPgE-LUz9U3SDYuNDLU0shOttJPyszPyU-v1M8vSk_MyyzOjU_OSSwuzkzLTE4syczPsypKzMtexKpUkJpZkapblF-ZmKObXpSYm5uogFB4ePnhxfkAhyMQc1wAAAA&amp;sa=X&amp;ved=2ahUKEwislIeVhYD2AhU3I7kGHT1-DKYQ6BMoAHoECCYQAg\" data-ved=\"2ahUKEwislIeVhYD2AhU3I7kGHT1-DKYQ6BMoAHoECCYQAg\" target=\"_blank\" rel=\"noopener\">Classifica\u00e7\u00e3o<\/a>:\u00a0Esp\u00e9cie<\/p>\n<p><a href=\"https:\/\/www.google.com\/search?rlz=1C1GCEU_pt-BRBR960BR985&amp;sxsrf=APq-WBv_OAFA4zkUdWlsxeDD2OB0kAP0ew:1644870781493&amp;q=peixe-royal-gramma+filo&amp;sa=X&amp;ved=2ahUKEwislIeVhYD2AhU3I7kGHT1-DKYQ6BMoAHoECCsQAg\" data-ved=\"2ahUKEwislIeVhYD2AhU3I7kGHT1-DKYQ6BMoAHoECCsQAg\" target=\"_blank\" rel=\"noopener\">Filo<\/a>:\u00a0Chordata<\/p>\n<p><a href=\"https:\/\/www.google.com\/search?rlz=1C1GCEU_pt-BRBR960BR985&amp;sxsrf=APq-WBv_OAFA4zkUdWlsxeDD2OB0kAP0ew:1644870781493&amp;q=peixe-royal-gramma+reino&amp;sa=X&amp;ved=2ahUKEwislIeVhYD2AhU3I7kGHT1-DKYQ6BMoAHoECCQQAg\" data-ved=\"2ahUKEwislIeVhYD2AhU3I7kGHT1-DKYQ6BMoAHoECCQQAg\" target=\"_blank\" rel=\"noopener\">Reino<\/a>:\u00a0Animalia<\/p>\n<p><a href=\"https:\/\/www.google.com\/search?rlz=1C1GCEU_pt-BRBR960BR985&amp;sxsrf=APq-WBv_OAFA4zkUdWlsxeDD2OB0kAP0ew:1644870781493&amp;q=peixe-royal-gramma+classe&amp;sa=X&amp;ved=2ahUKEwislIeVhYD2AhU3I7kGHT1-DKYQ6BMoAHoECCkQAg\" data-ved=\"2ahUKEwislIeVhYD2AhU3I7kGHT1-DKYQ6BMoAHoECCkQAg\" target=\"_blank\" rel=\"noopener\">Classe<\/a>:\u00a0<a href=\"https:\/\/www.google.com\/search?rlz=1C1GCEU_pt-BRBR960BR985&amp;sxsrf=APq-WBv_OAFA4zkUdWlsxeDD2OB0kAP0ew:1644870781493&amp;q=Actinopterygii&amp;stick=H4sIAAAAAAAAAONgVmLXz9U3yEpOWcTK55hckpmXX1CSWlSZnpkJAPekSnMcAAAA&amp;sa=X&amp;ved=2ahUKEwislIeVhYD2AhU3I7kGHT1-DKYQmxMoAXoECCkQAw\" data-ved=\"2ahUKEwislIeVhYD2AhU3I7kGHT1-DKYQmxMoAXoECCkQAw\" target=\"_blank\" rel=\"noopener\">Actinopterygii<\/a><\/p>\n<p><a href=\"https:\/\/www.google.com\/search?rlz=1C1GCEU_pt-BRBR960BR985&amp;sxsrf=APq-WBv_OAFA4zkUdWlsxeDD2OB0kAP0ew:1644870781493&amp;q=peixe-royal-gramma+esp%C3%A9cie&amp;sa=X&amp;ved=2ahUKEwislIeVhYD2AhU3I7kGHT1-DKYQ6BMoAHoECCMQAg\" data-ved=\"2ahUKEwislIeVhYD2AhU3I7kGHT1-DKYQ6BMoAHoECCMQAg\" target=\"_blank\" rel=\"noopener\">Esp\u00e9cie<\/a>:\u00a0G. loreto<\/p>","protected":false},"excerpt":{"rendered":"<p>O peixe Royal Gramma, da esp\u00e9cie Gramma loreto, \u00e9 um peixe muito conhecido por colecionadores de peixes de aqu\u00e1rio. Ele come\u00e7a com cor de uva que vai &#8216;clareando&#8217; e termina em amarelo. Existe um peixe que alguma vezes \u00e9 confundido com o Royal Gramma: \u00e9 o Royal Gramma Falso. Nome cient\u00edfico:\u00a0Gramma loreto Classifica\u00e7\u00e3o superior:\u00a0Gramma Classifica\u00e7\u00e3o:\u00a0Esp\u00e9cie [&hellip;]<\/p>\n","protected":false},"featured_media":1410784995,"comment_status":"open","ping_status":"closed","template":"","meta":{"googlesitekit_rrm_CAow0N7NCw:productID":"","content-type":"","pmpro_default_level":"","_themeisle_gutenberg_block_has_review":false},"product_brand":[],"product_cat":[170,350,220],"product_tag":[],"class_list":{"0":"post-1410784996","1":"product","2":"type-product","3":"status-publish","4":"has-post-thumbnail","6":"product_cat-peixes-marinhos","7":"product_cat-basslet","8":"product_cat-todos-os-peixes-de-agua-salgada","9":"pmpro-has-access","11":"first","12":"outofstock","13":"taxable","14":"shipping-taxable","15":"purchasable","16":"product-type-simple"},"_links":{"self":[{"href":"https:\/\/dinhosreef.com\/en\/wp-json\/wp\/v2\/product\/1410784996","targetHints":{"allow":["GET"]}}],"collection":[{"href":"https:\/\/dinhosreef.com\/en\/wp-json\/wp\/v2\/product"}],"about":[{"href":"https:\/\/dinhosreef.com\/en\/wp-json\/wp\/v2\/types\/product"}],"replies":[{"embeddable":true,"href":"https:\/\/dinhosreef.com\/en\/wp-json\/wp\/v2\/comments?post=1410784996"}],"wp:featuredmedia":[{"embeddable":true,"href":"https:\/\/dinhosreef.com\/en\/wp-json\/wp\/v2\/media\/1410784995"}],"wp:attachment":[{"href":"https:\/\/dinhosreef.com\/en\/wp-json\/wp\/v2\/media?parent=1410784996"}],"wp:term":[{"taxonomy":"product_brand","embeddable":true,"href":"https:\/\/dinhosreef.com\/en\/wp-json\/wp\/v2\/product_brand?post=1410784996"},{"taxonomy":"product_cat","embeddable":true,"href":"https:\/\/dinhosreef.com\/en\/wp-json\/wp\/v2\/product_cat?post=1410784996"},{"taxonomy":"product_tag","embeddable":true,"href":"https:\/\/dinhosreef.com\/en\/wp-json\/wp\/v2\/product_tag?post=1410784996"}],"curies":[{"name":"wp","href":"https:\/\/api.w.org\/{rel}","templated":true}]}}