{"id":1410785037,"date":"2025-08-13T08:10:21","date_gmt":"2025-08-13T11:10:21","guid":{"rendered":"https:\/\/dinhosreef.com\/produto\/sache-pedigree-ad-carne-racas-pequenas-100g\/"},"modified":"2026-05-10T09:53:10","modified_gmt":"2026-05-10T12:53:10","slug":"sache-pedigree-ad-carne-racas-pequenas-100g","status":"publish","type":"product","link":"https:\/\/dinhosreef.com\/en\/product\/sache-pedigree-ad-carne-racas-pequenas-100g\/","title":{"rendered":"SACHE PEDIGREE AD CARNE RA\u00c7AS PEQUENAS 100G"},"content":{"rendered":"<h1><strong>Sache Pedigree C\u00e3es Adultos Ra\u00e7as Pequenas Carne Ao Molho 100g<\/strong><\/h1>\n<ul>\n<li>Indicada para c\u00e3es adultos;<br \/>&#8211; Refei\u00e7\u00e3o 100% completa;<br \/>&#8211; Sem conservantes, sem corantes e sem aromas artificiais;<br \/>&#8211; Suculentos pedacinhos cozidos a vapor;<br \/>&#8211; Balan\u00e7o ideal de fibras;<br \/>&#8211; Proporciona fezes firmes e f\u00e1ceis de limpar;<br \/>&#8211; Pelo saud\u00e1vel;<br \/>&#8211; Cont\u00e9m \u00f4mega 6 e zinco;<br \/>\u00a0<\/p>\n<\/li>\n<\/ul>\n<p><strong>Sach\u00ea de carne Pedigree: a ra\u00e7\u00e3o \u00famida do seu c\u00e3ozinho!<\/strong><\/p>\n<p><strong>Idade:\u00a0<\/strong>Adulto<\/p>\n<p><strong>Linha:\u00a0<\/strong>Premium<\/p>\n<p><strong>Pet:\u00a0<\/strong>Cachorros<\/p>\n<p><strong>Porte de Ra\u00e7a:\u00a0<\/strong>Pequeno<\/p>\n<p><strong>Sabor:\u00a0<\/strong>Carne ao Molho<\/p>\n<p><strong>Quantidade Di\u00e1ria Recomendada:<\/strong><\/p>\n<p><strong>1kg a 5kg<\/strong>\u00a0&#8211; 1 a 4 sach\u00eas por dia<br \/><strong>5kg a 10 kg<\/strong>\u00a0&#8211; 4 a 6 sach\u00eas por dia<\/p>\n<p><strong>Informa\u00e7\u00f5es Nutricionais:\u00a0<\/strong>Vitamina D3 (130 UI), vitamina E (17 UI), vitamina C (140 mg), vitamina B1 (0,9 mg), vitamina B2 (0,8 mg), vitamina B6 (0,2 mg), niacina (1,0 mg), biotina (0,01 mg), \u00e1cido pantot\u00eanico (3,8 mg), \u00e1cido f\u00f3lico (0,03 mg), colina (66 mg), mangan\u00eas (6,4 mg), iodo (0,2 mg), zinco (45 mg).<\/p>\n<p><strong>Recomenda\u00e7\u00f5es:\u00a0<\/strong>Conservar em local seco e fresco. Ap\u00f3s aberto manter refrigerado e bem acondicionado por at\u00e9 48 horas. As quantidades podem variar de acordo com a ra\u00e7a, idade e n\u00edvel de atividade do seu c\u00e3o. Quantidades orientativas. Ao trocar o alimento do seu c\u00e3o, fa\u00e7a-o de modo gradual por pelo menos 7 dias. A cada dia, aumente a quantidade at\u00e9 que seu c\u00e3o seja alimentado somente com PEDIGREE\u00ae sach\u00ea. Visite o veterin\u00e1rio regularmente.<\/p>\n<p><strong>N\u00edveis de Garantia:\u00a0<\/strong>Umidade (m\u00e1x.)820 g\/kg (82%)Prote\u00edna Bruta (m\u00edn.)80 g\/kg (8%)Extrato Et\u00e9reo (m\u00edn.)30 g\/kg (3,0%)Mat\u00e9ria Fibrosa (m\u00e1x.)20 g\/kg (2,0%)Mat\u00e9ria Mineral (m\u00e1x.)30 g\/kg (3,0%)C\u00e1lcio (m\u00edn.)1.500 mg\/kg (0,15%)C\u00e1lcio (m\u00e1x.)5.000 mg\/kg (0,5%)F\u00f3sforo (m\u00edn.)1.000 mg\/kg (0,1%)S\u00f3dio (m\u00edn.)500 mg\/kg (0,05%)Pot\u00e1ssio (m\u00edn.)1.260 mg\/kg (0,126%)\u00c1cido Linoleico (m\u00edn.)3.420 mg\/kg (0,342%)Magn\u00e9sio (m\u00edn.)188 mg\/kg (0,0187%)Zinco (m\u00edn.)45 mg\/kg (0,0045%)<\/p>\n<p><strong>Composi\u00e7\u00e3o:\u00a0<\/strong>Mi\u00fado de bovinos, carca\u00e7a de frango, mi\u00fado de su\u00ednos, farinha de trigo, gl\u00faten de trigo, hemoglobina em p\u00f3, plasma su\u00edno em p\u00f3, fibra de cana-de-a\u00e7\u00facar, \u00e1gua, amido de milho, vitaminas (D3, E, C, B1, B2, B6, niacina, \u00e1cido pantot\u00eanico, \u00e1cido f\u00f3lico, cloreto de colina, biotina), minerais (cloreto de s\u00f3dio sal comum, cloreto de pot\u00e1ssio, fosfato bic\u00e1lcico, \u00f3xido de mangan\u00eas, iodato de c\u00e1lcio, \u00f3xido de zinco, \u00f3xido de magn\u00e9sio), tripolifosfato de s\u00f3dio, goma xantana, corante natural caramelo. Eventuais substitutivos: Carne mecanicamente separada de frango, mi\u00fado de aves, v\u00edsceras de frango, gordura de frango, p\u00e9 de frango, cabe\u00e7a de frango, ba\u00e7o de bovino, ba\u00e7o su\u00edno, polpa de beterraba, prote\u00edna concentrada de soja.<\/p>\n<p>\u00a0<\/p>\n<p>J\u00e1 parou para pensar que cada peludo tem um h\u00e1bito alimentar espec\u00edfico? Alguns pets preferem refei\u00e7\u00f5es \u00e0 base de ra\u00e7\u00f5es \u00famidas, por exemplo. O\u00a0<strong>sach\u00ea de carne da Pedigree<\/strong>\u00a0existe para fazer a alegria desses amig\u00f5es!<\/p>\n<p>Indicado para c\u00e3es de ra\u00e7as pequenas, o\u00a0<strong>sach\u00ea da Pedigree de carne<\/strong>\u00a0traz uma s\u00e9rie de benef\u00edcios para o seu c\u00e3o. Alguns deles s\u00e3o:<\/p>\n<p>&#8211; Cont\u00e9m ingredientes de alta qualidade;<br \/>&#8211; Apresenta nutrientes e vitaminas essenciais para o dia a dia;<br \/>&#8211; Ajuda a pelagem do cachorro.\u00a0<\/p>\n<p>S\u00e3o diversas vantagens para a alimenta\u00e7\u00e3o do seu querido amigo de quatro patas, n\u00e3o \u00e9 mesmo? A seguir, voc\u00ea encontra mais detalhes sobre essa deliciosa comidinha!<\/p>\n<p>\u00a0<\/p>","protected":false},"excerpt":{"rendered":"<p>Sache Pedigree C\u00e3es Adultos Ra\u00e7as Pequenas Carne Ao Molho 100g Indicada para c\u00e3es adultos;&#8211; Refei\u00e7\u00e3o 100% completa;&#8211; Sem conservantes, sem corantes e sem aromas artificiais;&#8211; Suculentos pedacinhos cozidos a vapor;&#8211; Balan\u00e7o ideal de fibras;&#8211; Proporciona fezes firmes e f\u00e1ceis de limpar;&#8211; Pelo saud\u00e1vel;&#8211; Cont\u00e9m \u00f4mega 6 e zinco;\u00a0 Sach\u00ea de carne Pedigree: a ra\u00e7\u00e3o \u00famida [&hellip;]<\/p>\n","protected":false},"featured_media":1410785036,"comment_status":"open","ping_status":"closed","template":"","meta":{"googlesitekit_rrm_CAow0N7NCw:productID":"","content-type":"","pmpro_default_level":"","_themeisle_gutenberg_block_has_review":false},"product_brand":[438],"product_cat":[259],"product_tag":[],"class_list":{"0":"post-1410785037","1":"product","2":"type-product","3":"status-publish","4":"has-post-thumbnail","6":"product_brand-pedigree","7":"product_cat-racoes-alimento-petisco-e-suplemento-caes","8":"pmpro-has-access","10":"first","11":"instock","12":"taxable","13":"shipping-taxable","14":"purchasable","15":"product-type-simple"},"_links":{"self":[{"href":"https:\/\/dinhosreef.com\/en\/wp-json\/wp\/v2\/product\/1410785037","targetHints":{"allow":["GET"]}}],"collection":[{"href":"https:\/\/dinhosreef.com\/en\/wp-json\/wp\/v2\/product"}],"about":[{"href":"https:\/\/dinhosreef.com\/en\/wp-json\/wp\/v2\/types\/product"}],"replies":[{"embeddable":true,"href":"https:\/\/dinhosreef.com\/en\/wp-json\/wp\/v2\/comments?post=1410785037"}],"wp:featuredmedia":[{"embeddable":true,"href":"https:\/\/dinhosreef.com\/en\/wp-json\/wp\/v2\/media\/1410785036"}],"wp:attachment":[{"href":"https:\/\/dinhosreef.com\/en\/wp-json\/wp\/v2\/media?parent=1410785037"}],"wp:term":[{"taxonomy":"product_brand","embeddable":true,"href":"https:\/\/dinhosreef.com\/en\/wp-json\/wp\/v2\/product_brand?post=1410785037"},{"taxonomy":"product_cat","embeddable":true,"href":"https:\/\/dinhosreef.com\/en\/wp-json\/wp\/v2\/product_cat?post=1410785037"},{"taxonomy":"product_tag","embeddable":true,"href":"https:\/\/dinhosreef.com\/en\/wp-json\/wp\/v2\/product_tag?post=1410785037"}],"curies":[{"name":"wp","href":"https:\/\/api.w.org\/{rel}","templated":true}]}}