{"id":1410785043,"date":"2025-08-13T08:29:33","date_gmt":"2025-08-13T11:29:33","guid":{"rendered":"https:\/\/dinhosreef.com\/produto\/nd-tropical-select-gatos-castrados-frango-15kg\/"},"modified":"2026-04-24T12:15:26","modified_gmt":"2026-04-24T15:15:26","slug":"nd-tropical-select-gatos-castrados-frango-15kg","status":"publish","type":"product","link":"https:\/\/dinhosreef.com\/en\/product\/nd-tropical-select-gatos-castrados-frango-15kg\/","title":{"rendered":"ND TROPICAL SELECT GATOS CASTRADOS FRANGO 1,5KG"},"content":{"rendered":"<p>Alimentos completos com cereais ancestrais de baixo \u00edndice glic\u00eamico que promovem uma sensa\u00e7\u00e3o de saciedade prolongada junto a uma criteriosa sele\u00e7\u00e3o de frutas tropicais, ricas em antioxidantes e vitaminas, que entregam o sabor que seu pet n\u00e3o vai resistir.<\/p>\n<p>\u00a0<\/p>\n<ul>\n<li><strong>Nutri\u00e7\u00e3o de Qualidade:<\/strong>\u00a0Esta ra\u00e7\u00e3o \u00e9 formulada com ingredientes de alta qualidade para atender \u00e0s necessidades nutricionais dos gatos adultos.<\/li>\n<li><strong>Sabor Irresist\u00edvel:<\/strong>\u00a0O sabor de frango \u00e9 irresist\u00edvel para gatos, incentivando o consumo e garantindo que recebam os nutrientes essenciais.<\/li>\n<li><strong>Sa\u00fade do Trato Urin\u00e1rio:<\/strong>\u00a0Esta ra\u00e7\u00e3o pode ajudar a apoiar a sa\u00fade do trato urin\u00e1rio de felinos adultos.<\/li>\n<li><strong>Ingredientes Naturais:<\/strong>\u00a0Feita com ingredientes naturais, a ra\u00e7\u00e3o promove uma dieta equilibrada e saud\u00e1vel para seu gato.<\/li>\n<\/ul>\n<p>Lembrando que os benef\u00edcios podem variar de acordo com as necessidades espec\u00edficas do gato e a formula\u00e7\u00e3o exata do produto. Consultar um veterin\u00e1rio \u00e9 sempre uma boa pr\u00e1tica para escolher a ra\u00e7\u00e3o mais adequada para o seu gato.<\/p>","protected":false},"excerpt":{"rendered":"<p>Alimentos completos com cereais ancestrais de baixo \u00edndice glic\u00eamico que promovem uma sensa\u00e7\u00e3o de saciedade prolongada junto a uma criteriosa sele\u00e7\u00e3o de frutas tropicais, ricas em antioxidantes e vitaminas, que entregam o sabor que seu pet n\u00e3o vai resistir. \u00a0 Nutri\u00e7\u00e3o de Qualidade:\u00a0Esta ra\u00e7\u00e3o \u00e9 formulada com ingredientes de alta qualidade para atender \u00e0s necessidades [&hellip;]<\/p>\n","protected":false},"featured_media":1410785042,"comment_status":"open","ping_status":"closed","template":"","meta":{"googlesitekit_rrm_CAow0N7NCw:productID":"","content-type":"","pmpro_default_level":"","_themeisle_gutenberg_block_has_review":false},"product_brand":[],"product_cat":[256],"product_tag":[],"class_list":{"0":"post-1410785043","1":"product","2":"type-product","3":"status-publish","4":"has-post-thumbnail","6":"product_cat-racoes","7":"pmpro-has-access","9":"first","10":"instock","11":"taxable","12":"shipping-taxable","13":"purchasable","14":"product-type-simple"},"_links":{"self":[{"href":"https:\/\/dinhosreef.com\/en\/wp-json\/wp\/v2\/product\/1410785043","targetHints":{"allow":["GET"]}}],"collection":[{"href":"https:\/\/dinhosreef.com\/en\/wp-json\/wp\/v2\/product"}],"about":[{"href":"https:\/\/dinhosreef.com\/en\/wp-json\/wp\/v2\/types\/product"}],"replies":[{"embeddable":true,"href":"https:\/\/dinhosreef.com\/en\/wp-json\/wp\/v2\/comments?post=1410785043"}],"wp:featuredmedia":[{"embeddable":true,"href":"https:\/\/dinhosreef.com\/en\/wp-json\/wp\/v2\/media\/1410785042"}],"wp:attachment":[{"href":"https:\/\/dinhosreef.com\/en\/wp-json\/wp\/v2\/media?parent=1410785043"}],"wp:term":[{"taxonomy":"product_brand","embeddable":true,"href":"https:\/\/dinhosreef.com\/en\/wp-json\/wp\/v2\/product_brand?post=1410785043"},{"taxonomy":"product_cat","embeddable":true,"href":"https:\/\/dinhosreef.com\/en\/wp-json\/wp\/v2\/product_cat?post=1410785043"},{"taxonomy":"product_tag","embeddable":true,"href":"https:\/\/dinhosreef.com\/en\/wp-json\/wp\/v2\/product_tag?post=1410785043"}],"curies":[{"name":"wp","href":"https:\/\/api.w.org\/{rel}","templated":true}]}}