{"id":1410785047,"date":"2025-08-13T13:55:14","date_gmt":"2025-08-13T16:55:14","guid":{"rendered":"https:\/\/dinhosreef.com\/produto\/vet-life-racao-para-caes-urinary-ossalati-2kg\/"},"modified":"2026-02-19T12:34:18","modified_gmt":"2026-02-19T15:34:18","slug":"vet-life-racao-para-caes-urinary-ossalati-2kg","status":"publish","type":"product","link":"https:\/\/dinhosreef.com\/en\/product\/vet-life-racao-para-caes-urinary-ossalati-2kg\/","title":{"rendered":"VET LIFE RA\u00c7\u00c3O PARA C\u00c3ES URINARY OSSALATI 2KG"},"content":{"rendered":"<div class=\"styles__TextInfoContent-sc-1qkvy0f-1 iXFCSC\">\n<p class=\"subtitle-md\">Informa\u00e7\u00f5es<\/p>\n<\/p><\/div>\n<div class=\"styles__ProductInformations-sc-1qkvy0f-2 cPWkQg\">Indicado para a preven\u00e7\u00e3o de urato, cistina, e oxalatos<\/div>\n<div class=\"styles__ProductInformations-sc-1qkvy0f-2 cPWkQg\">;Sem ingredientes transg\u00eanicos<\/div>\n<div class=\"styles__ProductInformations-sc-1qkvy0f-2 cPWkQg\">;Antioxidantes naturais<\/div>\n<div class=\"styles__ProductInformations-sc-1qkvy0f-2 cPWkQg\">;Primeira ra\u00e7\u00e3o natural para dietas especiais<\/div>\n<div class=\"styles__ProductInformations-sc-1qkvy0f-2 cPWkQg\">;N\u00e3o substitui o tratamento convencional.<\/div>","protected":false},"excerpt":{"rendered":"<p>Informa\u00e7\u00f5es Indicado para a preven\u00e7\u00e3o de urato, cistina, e oxalatos ;Sem ingredientes transg\u00eanicos ;Antioxidantes naturais ;Primeira ra\u00e7\u00e3o natural para dietas especiais ;N\u00e3o substitui o tratamento convencional.<\/p>","protected":false},"featured_media":1410785046,"comment_status":"open","ping_status":"closed","template":"","meta":{"googlesitekit_rrm_CAow0N7NCw:productID":"","content-type":"","pmpro_default_level":"","_themeisle_gutenberg_block_has_review":false},"product_brand":[392],"product_cat":[259],"product_tag":[],"class_list":{"0":"post-1410785047","1":"product","2":"type-product","3":"status-publish","4":"has-post-thumbnail","6":"product_brand-farmina","7":"product_cat-racoes-alimento-petisco-e-suplemento-caes","8":"pmpro-has-access","10":"first","11":"outofstock","12":"taxable","13":"shipping-taxable","14":"purchasable","15":"product-type-simple"},"_links":{"self":[{"href":"https:\/\/dinhosreef.com\/en\/wp-json\/wp\/v2\/product\/1410785047","targetHints":{"allow":["GET"]}}],"collection":[{"href":"https:\/\/dinhosreef.com\/en\/wp-json\/wp\/v2\/product"}],"about":[{"href":"https:\/\/dinhosreef.com\/en\/wp-json\/wp\/v2\/types\/product"}],"replies":[{"embeddable":true,"href":"https:\/\/dinhosreef.com\/en\/wp-json\/wp\/v2\/comments?post=1410785047"}],"wp:featuredmedia":[{"embeddable":true,"href":"https:\/\/dinhosreef.com\/en\/wp-json\/wp\/v2\/media\/1410785046"}],"wp:attachment":[{"href":"https:\/\/dinhosreef.com\/en\/wp-json\/wp\/v2\/media?parent=1410785047"}],"wp:term":[{"taxonomy":"product_brand","embeddable":true,"href":"https:\/\/dinhosreef.com\/en\/wp-json\/wp\/v2\/product_brand?post=1410785047"},{"taxonomy":"product_cat","embeddable":true,"href":"https:\/\/dinhosreef.com\/en\/wp-json\/wp\/v2\/product_cat?post=1410785047"},{"taxonomy":"product_tag","embeddable":true,"href":"https:\/\/dinhosreef.com\/en\/wp-json\/wp\/v2\/product_tag?post=1410785047"}],"curies":[{"name":"wp","href":"https:\/\/api.w.org\/{rel}","templated":true}]}}