{"id":1410785053,"date":"2025-08-13T13:55:29","date_gmt":"2025-08-13T16:55:29","guid":{"rendered":"https:\/\/dinhosreef.com\/produto\/vet-life-racao-para-gatos-feline-renal-2kg\/"},"modified":"2026-03-09T10:56:15","modified_gmt":"2026-03-09T13:56:15","slug":"vet-life-racao-para-gatos-feline-renal-2kg","status":"publish","type":"product","link":"https:\/\/dinhosreef.com\/en\/product\/vet-life-racao-para-gatos-feline-renal-2kg\/","title":{"rendered":"VET LIFE RA\u00c7\u00c3O PARA GATOS FELINE RENAL 2KG"},"content":{"rendered":"<h3 class=\"mb-3\">Informa\u00e7\u00f5es relevantes:<\/h3>\n<p><img decoding=\"async\" class=\"mt-1\" src=\"https:\/\/files.terrazoo.com.br\/uploads\/2023\/07\/Vector-2.svg\" alt=\"\"><\/p>\n<p>Vet Life Natural Feline Renal \u00e9 um alimento coadjuvante seco para gatos, indicado para o suporte da fun\u00e7\u00e3o renal em casos de doen\u00e7a renal cr\u00f4nica ou aguda, ou em casos de insufici\u00eancia card\u00edaca congestiva. Este alimento cont\u00e9m baixas concentra\u00e7\u00f5es de f\u00f3sforo e reduzido teor de prote\u00ednas de alta qualidade.<\/p>","protected":false},"excerpt":{"rendered":"<p>Informa\u00e7\u00f5es relevantes: Vet Life Natural Feline Renal \u00e9 um alimento coadjuvante seco para gatos, indicado para o suporte da fun\u00e7\u00e3o renal em casos de doen\u00e7a renal cr\u00f4nica ou aguda, ou em casos de insufici\u00eancia card\u00edaca congestiva. Este alimento cont\u00e9m baixas concentra\u00e7\u00f5es de f\u00f3sforo e reduzido teor de prote\u00ednas de alta qualidade.<\/p>","protected":false},"featured_media":1410785052,"comment_status":"open","ping_status":"closed","template":"","meta":{"googlesitekit_rrm_CAow0N7NCw:productID":"","content-type":"","pmpro_default_level":"","_themeisle_gutenberg_block_has_review":false},"product_brand":[392],"product_cat":[259],"product_tag":[],"class_list":{"0":"post-1410785053","1":"product","2":"type-product","3":"status-publish","4":"has-post-thumbnail","6":"product_brand-farmina","7":"product_cat-racoes-alimento-petisco-e-suplemento-caes","8":"pmpro-has-access","10":"first","11":"outofstock","12":"taxable","13":"shipping-taxable","14":"purchasable","15":"product-type-simple"},"_links":{"self":[{"href":"https:\/\/dinhosreef.com\/en\/wp-json\/wp\/v2\/product\/1410785053","targetHints":{"allow":["GET"]}}],"collection":[{"href":"https:\/\/dinhosreef.com\/en\/wp-json\/wp\/v2\/product"}],"about":[{"href":"https:\/\/dinhosreef.com\/en\/wp-json\/wp\/v2\/types\/product"}],"replies":[{"embeddable":true,"href":"https:\/\/dinhosreef.com\/en\/wp-json\/wp\/v2\/comments?post=1410785053"}],"wp:featuredmedia":[{"embeddable":true,"href":"https:\/\/dinhosreef.com\/en\/wp-json\/wp\/v2\/media\/1410785052"}],"wp:attachment":[{"href":"https:\/\/dinhosreef.com\/en\/wp-json\/wp\/v2\/media?parent=1410785053"}],"wp:term":[{"taxonomy":"product_brand","embeddable":true,"href":"https:\/\/dinhosreef.com\/en\/wp-json\/wp\/v2\/product_brand?post=1410785053"},{"taxonomy":"product_cat","embeddable":true,"href":"https:\/\/dinhosreef.com\/en\/wp-json\/wp\/v2\/product_cat?post=1410785053"},{"taxonomy":"product_tag","embeddable":true,"href":"https:\/\/dinhosreef.com\/en\/wp-json\/wp\/v2\/product_tag?post=1410785053"}],"curies":[{"name":"wp","href":"https:\/\/api.w.org\/{rel}","templated":true}]}}