{"id":1410785055,"date":"2025-08-13T13:55:32","date_gmt":"2025-08-13T16:55:32","guid":{"rendered":"https:\/\/dinhosreef.com\/produto\/vet-life-racao-para-gatos-feline-gastro-intestinal-2kg\/"},"modified":"2026-03-30T16:57:53","modified_gmt":"2026-03-30T19:57:53","slug":"vet-life-racao-para-gatos-feline-gastro-intestinal-2kg","status":"publish","type":"product","link":"https:\/\/dinhosreef.com\/en\/product\/vet-life-racao-para-gatos-feline-gastro-intestinal-2kg\/","title":{"rendered":"VET LIFE RA\u00c7\u00c3O PARA GATOS FELINE GASTRO INTESTINAL 2KG"},"content":{"rendered":"<p>A\u00a0<strong>Ra\u00e7\u00e3o\u00a0Farmina\u00a0Vet Life Gastro-Intestinal para Gatos Adultos com Dificuldades Digest\u00f3rias<\/strong>\u00a0\u00e9 um alimento coadjuvante indicado para gatos com dificuldades digest\u00f3rias e de absor\u00e7\u00e3o intestinal, ou recupera\u00e7\u00e3o nutricional de gatos debilitados.\u00a0<strong>Vet Life Feline Formula Gastro-Intestinal<\/strong>\u00a0cont\u00e9m ingredientes de elevada qualidade e digestibilidade.<\/p>\n<p>&#8211; Ra\u00e7\u00e3o super premium terap\u00eautica indicada para gatos adultos com problemas gastro intestinais.<br \/>&#8211; Alta digestibilidade.<br \/>&#8211; Alimento rico em MOS e FOS.<br \/>&#8211; Presen\u00e7a de fibras altamente sol\u00faveis.<br \/>&#8211; Presen\u00e7a de Omega 3.<\/p>","protected":false},"excerpt":{"rendered":"<p>A\u00a0Ra\u00e7\u00e3o\u00a0Farmina\u00a0Vet Life Gastro-Intestinal para Gatos Adultos com Dificuldades Digest\u00f3rias\u00a0\u00e9 um alimento coadjuvante indicado para gatos com dificuldades digest\u00f3rias e de absor\u00e7\u00e3o intestinal, ou recupera\u00e7\u00e3o nutricional de gatos debilitados.\u00a0Vet Life Feline Formula Gastro-Intestinal\u00a0cont\u00e9m ingredientes de elevada qualidade e digestibilidade. &#8211; Ra\u00e7\u00e3o super premium terap\u00eautica indicada para gatos adultos com problemas gastro intestinais.&#8211; Alta digestibilidade.&#8211; Alimento rico [&hellip;]<\/p>\n","protected":false},"featured_media":1410785054,"comment_status":"open","ping_status":"closed","template":"","meta":{"googlesitekit_rrm_CAow0N7NCw:productID":"","content-type":"","pmpro_default_level":"","_themeisle_gutenberg_block_has_review":false},"product_brand":[392],"product_cat":[256],"product_tag":[],"class_list":{"0":"post-1410785055","1":"product","2":"type-product","3":"status-publish","4":"has-post-thumbnail","6":"product_brand-farmina","7":"product_cat-racoes","8":"pmpro-has-access","10":"first","11":"instock","12":"taxable","13":"shipping-taxable","14":"purchasable","15":"product-type-simple"},"_links":{"self":[{"href":"https:\/\/dinhosreef.com\/en\/wp-json\/wp\/v2\/product\/1410785055","targetHints":{"allow":["GET"]}}],"collection":[{"href":"https:\/\/dinhosreef.com\/en\/wp-json\/wp\/v2\/product"}],"about":[{"href":"https:\/\/dinhosreef.com\/en\/wp-json\/wp\/v2\/types\/product"}],"replies":[{"embeddable":true,"href":"https:\/\/dinhosreef.com\/en\/wp-json\/wp\/v2\/comments?post=1410785055"}],"wp:featuredmedia":[{"embeddable":true,"href":"https:\/\/dinhosreef.com\/en\/wp-json\/wp\/v2\/media\/1410785054"}],"wp:attachment":[{"href":"https:\/\/dinhosreef.com\/en\/wp-json\/wp\/v2\/media?parent=1410785055"}],"wp:term":[{"taxonomy":"product_brand","embeddable":true,"href":"https:\/\/dinhosreef.com\/en\/wp-json\/wp\/v2\/product_brand?post=1410785055"},{"taxonomy":"product_cat","embeddable":true,"href":"https:\/\/dinhosreef.com\/en\/wp-json\/wp\/v2\/product_cat?post=1410785055"},{"taxonomy":"product_tag","embeddable":true,"href":"https:\/\/dinhosreef.com\/en\/wp-json\/wp\/v2\/product_tag?post=1410785055"}],"curies":[{"name":"wp","href":"https:\/\/api.w.org\/{rel}","templated":true}]}}