{"id":1410785057,"date":"2025-08-13T13:55:34","date_gmt":"2025-08-13T16:55:34","guid":{"rendered":"https:\/\/dinhosreef.com\/produto\/vet-life-racao-para-caes-canine-urinary-struvite-2kg\/"},"modified":"2026-03-10T10:31:03","modified_gmt":"2026-03-10T13:31:03","slug":"vet-life-racao-para-caes-canine-urinary-struvite-2kg","status":"publish","type":"product","link":"https:\/\/dinhosreef.com\/en\/product\/vet-life-racao-para-caes-canine-urinary-struvite-2kg\/","title":{"rendered":"VET LIFE RA\u00c7\u00c3O PARA C\u00c3ES CANINE URINARY STRUVITE 2KG"},"content":{"rendered":"<p><span class=\"title_description_prod\">Descri\u00e7\u00e3o<\/span><\/p>\n<div class=\"tab-content\">\n<div id=\"descricao\" class=\"tab-pane active\">\n<p>&#8211; Indicada para c\u00e3es adultos;<br \/>&#8211; Alimento coadjuvante indicado para c\u00e3es adultos, na dissolu\u00e7\u00e3o e\/ou na redu\u00e7\u00e3o da reincid\u00eancia de c\u00e1lculos de estruvita;<br \/>&#8211;\u00a0A doen\u00e7a se manifesta por um ac\u00famulo de cristais e c\u00e1lculos no canal urin\u00e1rio quase sempre apanhado de cistite bacteriana;<br \/>&#8211; Deve ser utilizada de acordo com a recomenda\u00e7\u00e3o do veterin\u00e1rio;<\/p>\n<\/p><\/div>\n<\/p><\/div>","protected":false},"excerpt":{"rendered":"<p>Descri\u00e7\u00e3o &#8211; Indicada para c\u00e3es adultos;&#8211; Alimento coadjuvante indicado para c\u00e3es adultos, na dissolu\u00e7\u00e3o e\/ou na redu\u00e7\u00e3o da reincid\u00eancia de c\u00e1lculos de estruvita;&#8211;\u00a0A doen\u00e7a se manifesta por um ac\u00famulo de cristais e c\u00e1lculos no canal urin\u00e1rio quase sempre apanhado de cistite bacteriana;&#8211; Deve ser utilizada de acordo com a recomenda\u00e7\u00e3o do veterin\u00e1rio;<\/p>","protected":false},"featured_media":1410785056,"comment_status":"open","ping_status":"closed","template":"","meta":{"googlesitekit_rrm_CAow0N7NCw:productID":"","content-type":"","pmpro_default_level":"","_themeisle_gutenberg_block_has_review":false},"product_brand":[392],"product_cat":[259],"product_tag":[],"class_list":{"0":"post-1410785057","1":"product","2":"type-product","3":"status-publish","4":"has-post-thumbnail","6":"product_brand-farmina","7":"product_cat-racoes-alimento-petisco-e-suplemento-caes","8":"pmpro-has-access","10":"first","11":"outofstock","12":"taxable","13":"shipping-taxable","14":"purchasable","15":"product-type-simple"},"_links":{"self":[{"href":"https:\/\/dinhosreef.com\/en\/wp-json\/wp\/v2\/product\/1410785057","targetHints":{"allow":["GET"]}}],"collection":[{"href":"https:\/\/dinhosreef.com\/en\/wp-json\/wp\/v2\/product"}],"about":[{"href":"https:\/\/dinhosreef.com\/en\/wp-json\/wp\/v2\/types\/product"}],"replies":[{"embeddable":true,"href":"https:\/\/dinhosreef.com\/en\/wp-json\/wp\/v2\/comments?post=1410785057"}],"wp:featuredmedia":[{"embeddable":true,"href":"https:\/\/dinhosreef.com\/en\/wp-json\/wp\/v2\/media\/1410785056"}],"wp:attachment":[{"href":"https:\/\/dinhosreef.com\/en\/wp-json\/wp\/v2\/media?parent=1410785057"}],"wp:term":[{"taxonomy":"product_brand","embeddable":true,"href":"https:\/\/dinhosreef.com\/en\/wp-json\/wp\/v2\/product_brand?post=1410785057"},{"taxonomy":"product_cat","embeddable":true,"href":"https:\/\/dinhosreef.com\/en\/wp-json\/wp\/v2\/product_cat?post=1410785057"},{"taxonomy":"product_tag","embeddable":true,"href":"https:\/\/dinhosreef.com\/en\/wp-json\/wp\/v2\/product_tag?post=1410785057"}],"curies":[{"name":"wp","href":"https:\/\/api.w.org\/{rel}","templated":true}]}}