{"id":1410785059,"date":"2025-08-13T13:55:37","date_gmt":"2025-08-13T16:55:37","guid":{"rendered":"https:\/\/dinhosreef.com\/produto\/vet-life-racao-para-caes-canine-obesity-diabet-mini-2kg\/"},"modified":"2026-02-25T09:50:31","modified_gmt":"2026-02-25T12:50:31","slug":"vet-life-racao-para-caes-canine-obesity-diabet-mini-2kg","status":"publish","type":"product","link":"https:\/\/dinhosreef.com\/en\/product\/vet-life-racao-para-caes-canine-obesity-diabet-mini-2kg\/","title":{"rendered":"VET LIFE RA\u00c7\u00c3O PARA C\u00c3ES CANINE OBESITY DIABET MINI 2KG"},"content":{"rendered":"<h2 class=\"section-title\">Descri\u00e7\u00e3o<\/h2>\n<div class=\"spec-content\">\n<p>&#8211; Indicado para C\u00e3es;<br \/>&#8211; Indicado para c\u00e3es adultos para redu\u00e7\u00e3o do excesso de peso corporal;<br \/>&#8211; Formulado sem ingredientes transg\u00eanicos,<\/p>\n<\/p><\/div>","protected":false},"excerpt":{"rendered":"<p>Descri\u00e7\u00e3o &#8211; Indicado para C\u00e3es;&#8211; Indicado para c\u00e3es adultos para redu\u00e7\u00e3o do excesso de peso corporal;&#8211; Formulado sem ingredientes transg\u00eanicos,<\/p>","protected":false},"featured_media":1410785058,"comment_status":"open","ping_status":"closed","template":"","meta":{"googlesitekit_rrm_CAow0N7NCw:productID":"","content-type":"","pmpro_default_level":"","_themeisle_gutenberg_block_has_review":false},"product_brand":[392],"product_cat":[259],"product_tag":[],"class_list":{"0":"post-1410785059","1":"product","2":"type-product","3":"status-publish","4":"has-post-thumbnail","6":"product_brand-farmina","7":"product_cat-racoes-alimento-petisco-e-suplemento-caes","8":"pmpro-has-access","10":"first","11":"outofstock","12":"taxable","13":"shipping-taxable","14":"purchasable","15":"product-type-simple"},"_links":{"self":[{"href":"https:\/\/dinhosreef.com\/en\/wp-json\/wp\/v2\/product\/1410785059","targetHints":{"allow":["GET"]}}],"collection":[{"href":"https:\/\/dinhosreef.com\/en\/wp-json\/wp\/v2\/product"}],"about":[{"href":"https:\/\/dinhosreef.com\/en\/wp-json\/wp\/v2\/types\/product"}],"replies":[{"embeddable":true,"href":"https:\/\/dinhosreef.com\/en\/wp-json\/wp\/v2\/comments?post=1410785059"}],"wp:featuredmedia":[{"embeddable":true,"href":"https:\/\/dinhosreef.com\/en\/wp-json\/wp\/v2\/media\/1410785058"}],"wp:attachment":[{"href":"https:\/\/dinhosreef.com\/en\/wp-json\/wp\/v2\/media?parent=1410785059"}],"wp:term":[{"taxonomy":"product_brand","embeddable":true,"href":"https:\/\/dinhosreef.com\/en\/wp-json\/wp\/v2\/product_brand?post=1410785059"},{"taxonomy":"product_cat","embeddable":true,"href":"https:\/\/dinhosreef.com\/en\/wp-json\/wp\/v2\/product_cat?post=1410785059"},{"taxonomy":"product_tag","embeddable":true,"href":"https:\/\/dinhosreef.com\/en\/wp-json\/wp\/v2\/product_tag?post=1410785059"}],"curies":[{"name":"wp","href":"https:\/\/api.w.org\/{rel}","templated":true}]}}