{"id":1410785061,"date":"2025-08-13T13:55:42","date_gmt":"2025-08-13T16:55:42","guid":{"rendered":"https:\/\/dinhosreef.com\/produto\/nd-white-racao-para-caes-canine-adulto-mini-2kg\/"},"modified":"2026-03-04T10:44:33","modified_gmt":"2026-03-04T13:44:33","slug":"nd-white-racao-para-caes-canine-adulto-mini-2kg","status":"publish","type":"product","link":"https:\/\/dinhosreef.com\/en\/product\/nd-white-racao-para-caes-canine-adulto-mini-2kg\/","title":{"rendered":"ND WHITE RA\u00c7\u00c3O PARA C\u00c3ES CANINE ADULTO MINI 2KG"},"content":{"rendered":"<div class=\"styles__TextInfoContent-sc-1qkvy0f-1 iXFCSC\">\n<p class=\"subtitle-md\">Informa\u00e7\u00f5es<\/p>\n<\/p><\/div>\n<div class=\"styles__ProductInformations-sc-1qkvy0f-2 cPWkQg\">Alimento completo e balanceado;<\/div>\n<div class=\"styles__ProductInformations-sc-1qkvy0f-2 cPWkQg\">Auxilia na manuten\u00e7\u00e3o da pelagem branca;<\/div>\n<div class=\"styles__ProductInformations-sc-1qkvy0f-2 cPWkQg\">Com 96% de prote\u00ednas de origem animal<\/div>\n<div class=\"styles__ProductInformations-sc-1qkvy0f-2 cPWkQg\">Baixo \u00edndice glic\u00eamico;<\/div>\n<div class=\"styles__ProductInformations-sc-1qkvy0f-2 cPWkQg\">Reduz o risco de manchar ou desbotar o pelo do pet.<\/div>","protected":false},"excerpt":{"rendered":"<p>Informa\u00e7\u00f5es Alimento completo e balanceado; Auxilia na manuten\u00e7\u00e3o da pelagem branca; Com 96% de prote\u00ednas de origem animal Baixo \u00edndice glic\u00eamico; Reduz o risco de manchar ou desbotar o pelo do pet.<\/p>","protected":false},"featured_media":1410785060,"comment_status":"open","ping_status":"closed","template":"","meta":{"googlesitekit_rrm_CAow0N7NCw:productID":"","content-type":"","pmpro_default_level":"","_themeisle_gutenberg_block_has_review":false},"product_brand":[],"product_cat":[259],"product_tag":[],"class_list":{"0":"post-1410785061","1":"product","2":"type-product","3":"status-publish","4":"has-post-thumbnail","6":"product_cat-racoes-alimento-petisco-e-suplemento-caes","7":"pmpro-has-access","9":"first","10":"outofstock","11":"taxable","12":"shipping-taxable","13":"purchasable","14":"product-type-simple"},"_links":{"self":[{"href":"https:\/\/dinhosreef.com\/en\/wp-json\/wp\/v2\/product\/1410785061","targetHints":{"allow":["GET"]}}],"collection":[{"href":"https:\/\/dinhosreef.com\/en\/wp-json\/wp\/v2\/product"}],"about":[{"href":"https:\/\/dinhosreef.com\/en\/wp-json\/wp\/v2\/types\/product"}],"replies":[{"embeddable":true,"href":"https:\/\/dinhosreef.com\/en\/wp-json\/wp\/v2\/comments?post=1410785061"}],"wp:featuredmedia":[{"embeddable":true,"href":"https:\/\/dinhosreef.com\/en\/wp-json\/wp\/v2\/media\/1410785060"}],"wp:attachment":[{"href":"https:\/\/dinhosreef.com\/en\/wp-json\/wp\/v2\/media?parent=1410785061"}],"wp:term":[{"taxonomy":"product_brand","embeddable":true,"href":"https:\/\/dinhosreef.com\/en\/wp-json\/wp\/v2\/product_brand?post=1410785061"},{"taxonomy":"product_cat","embeddable":true,"href":"https:\/\/dinhosreef.com\/en\/wp-json\/wp\/v2\/product_cat?post=1410785061"},{"taxonomy":"product_tag","embeddable":true,"href":"https:\/\/dinhosreef.com\/en\/wp-json\/wp\/v2\/product_tag?post=1410785061"}],"curies":[{"name":"wp","href":"https:\/\/api.w.org\/{rel}","templated":true}]}}