{"id":1410785063,"date":"2025-08-13T13:55:44","date_gmt":"2025-08-13T16:55:44","guid":{"rendered":"https:\/\/dinhosreef.com\/produto\/racao-para-caes-nd-tropical-selection-adulto-mini-cord-25kg\/"},"modified":"2026-01-05T22:10:28","modified_gmt":"2026-01-06T01:10:28","slug":"racao-para-caes-nd-tropical-selection-adulto-mini-cord-25kg","status":"publish","type":"product","link":"https:\/\/dinhosreef.com\/en\/product\/racao-para-caes-nd-tropical-selection-adulto-mini-cord-25kg\/","title":{"rendered":"RA\u00c7\u00c3O PARA C\u00c3ES ND TROPICAL SELECTION ADULTO MINI CORD 2,5KG"},"content":{"rendered":"<div class=\"styles__TextInfoContent-sc-1qkvy0f-1 iXFCSC\">\n<p class=\"subtitle-md\">Informa\u00e7\u00f5es<\/p>\n<\/p><\/div>\n<div class=\"styles__ProductInformations-sc-1qkvy0f-2 cPWkQg\">Alimento completo e balanceado<\/div>\n<div class=\"styles__ProductInformations-sc-1qkvy0f-2 cPWkQg\">;Feita com ingredientes selecionados;<\/div>\n<div class=\"styles__ProductInformations-sc-1qkvy0f-2 cPWkQg\">90% de prote\u00ednas de origem animal;<\/div>\n<div class=\"styles__ProductInformations-sc-1qkvy0f-2 cPWkQg\">A\u00e7\u00e3o antioxidante;<\/div>\n<div class=\"styles__ProductInformations-sc-1qkvy0f-2 cPWkQg\">Sem corantes e aromas artificiais.<\/div>","protected":false},"excerpt":{"rendered":"<p>Informa\u00e7\u00f5es Alimento completo e balanceado ;Feita com ingredientes selecionados; 90% de prote\u00ednas de origem animal; A\u00e7\u00e3o antioxidante; Sem corantes e aromas artificiais.<\/p>","protected":false},"featured_media":1410785062,"comment_status":"open","ping_status":"closed","template":"","meta":{"googlesitekit_rrm_CAow0N7NCw:productID":"","content-type":"","pmpro_default_level":"","_themeisle_gutenberg_block_has_review":false},"product_brand":[],"product_cat":[259],"product_tag":[],"class_list":{"0":"post-1410785063","1":"product","2":"type-product","3":"status-publish","4":"has-post-thumbnail","6":"product_cat-racoes-alimento-petisco-e-suplemento-caes","7":"pmpro-has-access","9":"first","10":"instock","11":"taxable","12":"shipping-taxable","13":"purchasable","14":"product-type-simple"},"_links":{"self":[{"href":"https:\/\/dinhosreef.com\/en\/wp-json\/wp\/v2\/product\/1410785063","targetHints":{"allow":["GET"]}}],"collection":[{"href":"https:\/\/dinhosreef.com\/en\/wp-json\/wp\/v2\/product"}],"about":[{"href":"https:\/\/dinhosreef.com\/en\/wp-json\/wp\/v2\/types\/product"}],"replies":[{"embeddable":true,"href":"https:\/\/dinhosreef.com\/en\/wp-json\/wp\/v2\/comments?post=1410785063"}],"wp:featuredmedia":[{"embeddable":true,"href":"https:\/\/dinhosreef.com\/en\/wp-json\/wp\/v2\/media\/1410785062"}],"wp:attachment":[{"href":"https:\/\/dinhosreef.com\/en\/wp-json\/wp\/v2\/media?parent=1410785063"}],"wp:term":[{"taxonomy":"product_brand","embeddable":true,"href":"https:\/\/dinhosreef.com\/en\/wp-json\/wp\/v2\/product_brand?post=1410785063"},{"taxonomy":"product_cat","embeddable":true,"href":"https:\/\/dinhosreef.com\/en\/wp-json\/wp\/v2\/product_cat?post=1410785063"},{"taxonomy":"product_tag","embeddable":true,"href":"https:\/\/dinhosreef.com\/en\/wp-json\/wp\/v2\/product_tag?post=1410785063"}],"curies":[{"name":"wp","href":"https:\/\/api.w.org\/{rel}","templated":true}]}}