{"id":1410785071,"date":"2025-08-13T13:55:58","date_gmt":"2025-08-13T16:55:58","guid":{"rendered":"https:\/\/dinhosreef.com\/produto\/vet-life-racao-para-caes-obesity-diabetic-fish-2kg\/"},"modified":"2026-02-13T20:41:28","modified_gmt":"2026-02-13T23:41:28","slug":"vet-life-racao-para-caes-obesity-diabetic-fish-2kg","status":"publish","type":"product","link":"https:\/\/dinhosreef.com\/en\/product\/vet-life-racao-para-caes-obesity-diabetic-fish-2kg\/","title":{"rendered":"VET LIFE RA\u00c7\u00c3O PARA C\u00c3ES OBESITY DIABETIC FISH 2KG"},"content":{"rendered":"<h2 class=\"mb-6\">Descri\u00e7\u00e3o<\/h2>\n<p>Vet Life Natural Canine Obesity &amp; Diabetic Fish \u00e9 um alimento coadjuvante seco indicado para c\u00e3es adultos para redu\u00e7\u00e3o do excesso de peso corporal. A densidade energ\u00e9tica reduzida e o elevado teor de fibras favorecem o controle da obesidade. A ingest\u00e3o de carboidratos de digest\u00e3o e assimila\u00e7\u00e3o lenta associada a maior quantidade de fibra torna Vet Life Natural Canine Obesity &amp; Diabetic Fish indicado para c\u00e3es diab\u00e9ticos.<\/p>\n<p><strong><span class=\"titoletto\">COMPOSI\u00c7\u00c3O B\u00c1SICA<\/span><\/strong><\/p>\n<p class=\"comp\">prote\u00edna hidrolisada de peixe, farinha de peixe, \u00f3leo de frango, \u00f3leo de peixe, gr\u00e3os de sorgo, aveia, cevada em gr\u00e3o, semente de linha\u00e7a, polpa de beterraba, celulose em p\u00f3, casca de ervilha, semente de psyllium, DL-metionina, taurina, L-carnitina, L- tirosina, L-treonina, triptofano, sulfato de condroitina, sulfato de glicosamina, aditivos prebi\u00f3ticos (Beta glucanas, MOS e FOS), extrato de yucca, zeolita, hidrolisado de peixe, vitaminas (A, D3, E, B1, B2, B5, B6, B12, C, biotina, niacina, \u00e1cido f\u00f3lico, cloreto de colina), fosfato bic\u00e1lcico, carbonato de c\u00e1lcio, cloreto de s\u00f3dio, cloreto de pot\u00e1ssio, ferro amino\u00e1cido quelato, cobre amino\u00e1cido quelato, zinco amino\u00e1cido quelato, mangan\u00eas amino\u00e1cido quelato, proteinato de sel\u00eanio, iodato de c\u00e1lcio, propionato de c\u00e1lcio, concentrado de tocofer\u00f3is.<\/p>\n<p><strong><span class=\"titoletto\">ENRIQUECIMENTO M\u00cdNIMO POR KG<\/span><\/strong><\/p>\n<p>&lt;<\/p>\n<p>p class=&#8221;comp&#8221;>vitamina A 26.180UI; vitamina D3 885UI; vitamina E 600UI; vitamina B1 4,5mg; vitamina B2 7,5mg; vitamina B5 15mg; vitamina B6 6mg; vitamina B12 60mcg; vitamina C 150mg; biotina 0,37mg; niacina 37mg; \u00e1cido f\u00f3lico 0,44mg; colina 2.200mg; ferro 120mg; cobre 15mg; zinco 160mg; mangan\u00eas 50mg;<\/p>","protected":false},"excerpt":{"rendered":"<p>Descri\u00e7\u00e3o Vet Life Natural Canine Obesity &amp; Diabetic Fish \u00e9 um alimento coadjuvante seco indicado para c\u00e3es adultos para redu\u00e7\u00e3o do excesso de peso corporal. A densidade energ\u00e9tica reduzida e o elevado teor de fibras favorecem o controle da obesidade. A ingest\u00e3o de carboidratos de digest\u00e3o e assimila\u00e7\u00e3o lenta associada a maior quantidade de fibra [&hellip;]<\/p>\n","protected":false},"featured_media":1410785070,"comment_status":"open","ping_status":"closed","template":"","meta":{"googlesitekit_rrm_CAow0N7NCw:productID":"","content-type":"","pmpro_default_level":"","_themeisle_gutenberg_block_has_review":false},"product_brand":[392],"product_cat":[259],"product_tag":[],"class_list":{"0":"post-1410785071","1":"product","2":"type-product","3":"status-publish","4":"has-post-thumbnail","6":"product_brand-farmina","7":"product_cat-racoes-alimento-petisco-e-suplemento-caes","8":"pmpro-has-access","10":"first","11":"instock","12":"taxable","13":"shipping-taxable","14":"purchasable","15":"product-type-simple"},"_links":{"self":[{"href":"https:\/\/dinhosreef.com\/en\/wp-json\/wp\/v2\/product\/1410785071","targetHints":{"allow":["GET"]}}],"collection":[{"href":"https:\/\/dinhosreef.com\/en\/wp-json\/wp\/v2\/product"}],"about":[{"href":"https:\/\/dinhosreef.com\/en\/wp-json\/wp\/v2\/types\/product"}],"replies":[{"embeddable":true,"href":"https:\/\/dinhosreef.com\/en\/wp-json\/wp\/v2\/comments?post=1410785071"}],"wp:featuredmedia":[{"embeddable":true,"href":"https:\/\/dinhosreef.com\/en\/wp-json\/wp\/v2\/media\/1410785070"}],"wp:attachment":[{"href":"https:\/\/dinhosreef.com\/en\/wp-json\/wp\/v2\/media?parent=1410785071"}],"wp:term":[{"taxonomy":"product_brand","embeddable":true,"href":"https:\/\/dinhosreef.com\/en\/wp-json\/wp\/v2\/product_brand?post=1410785071"},{"taxonomy":"product_cat","embeddable":true,"href":"https:\/\/dinhosreef.com\/en\/wp-json\/wp\/v2\/product_cat?post=1410785071"},{"taxonomy":"product_tag","embeddable":true,"href":"https:\/\/dinhosreef.com\/en\/wp-json\/wp\/v2\/product_tag?post=1410785071"}],"curies":[{"name":"wp","href":"https:\/\/api.w.org\/{rel}","templated":true}]}}