{"id":1410785075,"date":"2025-08-13T13:56:04","date_gmt":"2025-08-13T16:56:04","guid":{"rendered":"https:\/\/dinhosreef.com\/produto\/racao-umida-para-gatos-vet-life-wet-fel-convalescence-85g\/"},"modified":"2026-05-11T11:18:32","modified_gmt":"2026-05-11T14:18:32","slug":"racao-umida-para-gatos-vet-life-wet-fel-convalescence-85g","status":"publish","type":"product","link":"https:\/\/dinhosreef.com\/en\/product\/racao-umida-para-gatos-vet-life-wet-fel-convalescence-85g\/","title":{"rendered":"RA\u00c7\u00c3O \u00daMIDA PARA GATOS VET LIFE WET FEL CONVALESCENCE 85G"},"content":{"rendered":"<p>Descri\u00e7\u00e3o<br \/>&#8211; Indicada para gatos;<br \/>&#8211; Ideal para gatos convalescentes ou em recupera\u00e7\u00e3o nutricional;<br \/>&#8211; Alta palatabilidade;<br \/>&#8211; Promove alta energia para o seu pet;<br \/>&#8211; Pode ser utilizada via sonda;<br \/>&#8211; Cont\u00e9m zinco que melhora a cicatriza\u00e7\u00e3o e aumenta a imunidade;<br \/>&#8211; Dispon\u00edvel em embalagem de 85g.<\/p>","protected":false},"excerpt":{"rendered":"<p>Descri\u00e7\u00e3o&#8211; Indicada para gatos;&#8211; Ideal para gatos convalescentes ou em recupera\u00e7\u00e3o nutricional;&#8211; Alta palatabilidade;&#8211; Promove alta energia para o seu pet;&#8211; Pode ser utilizada via sonda;&#8211; Cont\u00e9m zinco que melhora a cicatriza\u00e7\u00e3o e aumenta a imunidade;&#8211; Dispon\u00edvel em embalagem de 85g.<\/p>","protected":false},"featured_media":1410785074,"comment_status":"open","ping_status":"closed","template":"","meta":{"googlesitekit_rrm_CAow0N7NCw:productID":"","content-type":"","pmpro_default_level":"","_themeisle_gutenberg_block_has_review":false},"product_brand":[392],"product_cat":[255],"product_tag":[],"class_list":{"0":"post-1410785075","1":"product","2":"type-product","3":"status-publish","4":"has-post-thumbnail","6":"product_brand-farmina","7":"product_cat-alimento-petisco-e-suplemento","8":"pmpro-has-access","10":"first","11":"instock","12":"taxable","13":"shipping-taxable","14":"purchasable","15":"product-type-simple"},"_links":{"self":[{"href":"https:\/\/dinhosreef.com\/en\/wp-json\/wp\/v2\/product\/1410785075","targetHints":{"allow":["GET"]}}],"collection":[{"href":"https:\/\/dinhosreef.com\/en\/wp-json\/wp\/v2\/product"}],"about":[{"href":"https:\/\/dinhosreef.com\/en\/wp-json\/wp\/v2\/types\/product"}],"replies":[{"embeddable":true,"href":"https:\/\/dinhosreef.com\/en\/wp-json\/wp\/v2\/comments?post=1410785075"}],"wp:featuredmedia":[{"embeddable":true,"href":"https:\/\/dinhosreef.com\/en\/wp-json\/wp\/v2\/media\/1410785074"}],"wp:attachment":[{"href":"https:\/\/dinhosreef.com\/en\/wp-json\/wp\/v2\/media?parent=1410785075"}],"wp:term":[{"taxonomy":"product_brand","embeddable":true,"href":"https:\/\/dinhosreef.com\/en\/wp-json\/wp\/v2\/product_brand?post=1410785075"},{"taxonomy":"product_cat","embeddable":true,"href":"https:\/\/dinhosreef.com\/en\/wp-json\/wp\/v2\/product_cat?post=1410785075"},{"taxonomy":"product_tag","embeddable":true,"href":"https:\/\/dinhosreef.com\/en\/wp-json\/wp\/v2\/product_tag?post=1410785075"}],"curies":[{"name":"wp","href":"https:\/\/api.w.org\/{rel}","templated":true}]}}