{"id":1410785094,"date":"2025-08-14T13:55:26","date_gmt":"2025-08-14T16:55:26","guid":{"rendered":"https:\/\/dinhosreef.com\/produto\/mandarin-red-green\/"},"modified":"2026-01-27T18:38:54","modified_gmt":"2026-01-27T21:38:54","slug":"mandarin-red-green","status":"publish","type":"product","link":"https:\/\/dinhosreef.com\/en\/product\/mandarin-red-green\/","title":{"rendered":"Mandarin Red Green"},"content":{"rendered":"<p>Descri\u00e7\u00e3o O peixe-mandarim \u00e9 um peixe perciforme de \u00e1gua salgada adaptado ao clima tropical que mede de 6 a 10 cent\u00edmetros de comprimento. Vive escondido em fendas nos recifes de coral e alimenta-se de pequenos animais marinhos que passam pr\u00f3ximos ao seu esconderijo.<\/p>\n<p>Nome cient\u00edfico: Synchiropus splendidus<\/p>\n<p>Classifica\u00e7\u00e3o: Esp\u00e9cie<\/p>\n<p>Ordem: Callionymiformes<\/p>\n<p>Classifica\u00e7\u00e3o superior: Synchiropus<\/p>\n<p>Classe: Actinopterygii<\/p>\n<p>Reino: Animalia<\/p>\n<p><strong data-redactor-tag=\"strong\">Caracter\u00edsticas<\/strong><\/p>\n<p>Porte: Pequeno<\/p>\n<p>Litragem M\u00ednima: 250 L<\/p>\n<p>Alimenta\u00e7\u00e3o: Dif\u00edcil<\/p>\n<p>Dificuldade: M\u00e9dia<\/p>\n<p>Agressivo com outros peixes: Baixa<\/p>\n<p>Agressivo com mesmo: N\u00e3o<\/p>\n<p>Come corais: N\u00e3o<\/p>\n<p>Come invertebrados: N\u00e3o<\/p>","protected":false},"excerpt":{"rendered":"<p>Descri\u00e7\u00e3o O peixe-mandarim \u00e9 um peixe perciforme de \u00e1gua salgada adaptado ao clima tropical que mede de 6 a 10 cent\u00edmetros de comprimento. Vive escondido em fendas nos recifes de coral e alimenta-se de pequenos animais marinhos que passam pr\u00f3ximos ao seu esconderijo. Nome cient\u00edfico: Synchiropus splendidus Classifica\u00e7\u00e3o: Esp\u00e9cie Ordem: Callionymiformes Classifica\u00e7\u00e3o superior: Synchiropus Classe: [&hellip;]<\/p>\n","protected":false},"featured_media":1410785093,"comment_status":"open","ping_status":"closed","template":"","meta":{"googlesitekit_rrm_CAow0N7NCw:productID":"","content-type":"","pmpro_default_level":"","_themeisle_gutenberg_block_has_review":false},"product_brand":[],"product_cat":[170,195,220],"product_tag":[],"class_list":{"0":"post-1410785094","1":"product","2":"type-product","3":"status-publish","4":"has-post-thumbnail","6":"product_cat-peixes-marinhos","7":"product_cat-dragonets","8":"product_cat-todos-os-peixes-de-agua-salgada","9":"pmpro-has-access","11":"first","12":"outofstock","13":"taxable","14":"shipping-taxable","15":"purchasable","16":"product-type-simple"},"_links":{"self":[{"href":"https:\/\/dinhosreef.com\/en\/wp-json\/wp\/v2\/product\/1410785094","targetHints":{"allow":["GET"]}}],"collection":[{"href":"https:\/\/dinhosreef.com\/en\/wp-json\/wp\/v2\/product"}],"about":[{"href":"https:\/\/dinhosreef.com\/en\/wp-json\/wp\/v2\/types\/product"}],"replies":[{"embeddable":true,"href":"https:\/\/dinhosreef.com\/en\/wp-json\/wp\/v2\/comments?post=1410785094"}],"wp:featuredmedia":[{"embeddable":true,"href":"https:\/\/dinhosreef.com\/en\/wp-json\/wp\/v2\/media\/1410785093"}],"wp:attachment":[{"href":"https:\/\/dinhosreef.com\/en\/wp-json\/wp\/v2\/media?parent=1410785094"}],"wp:term":[{"taxonomy":"product_brand","embeddable":true,"href":"https:\/\/dinhosreef.com\/en\/wp-json\/wp\/v2\/product_brand?post=1410785094"},{"taxonomy":"product_cat","embeddable":true,"href":"https:\/\/dinhosreef.com\/en\/wp-json\/wp\/v2\/product_cat?post=1410785094"},{"taxonomy":"product_tag","embeddable":true,"href":"https:\/\/dinhosreef.com\/en\/wp-json\/wp\/v2\/product_tag?post=1410785094"}],"curies":[{"name":"wp","href":"https:\/\/api.w.org\/{rel}","templated":true}]}}