{"id":1410785144,"date":"2025-08-22T14:17:28","date_gmt":"2025-08-22T17:17:28","guid":{"rendered":"https:\/\/dinhosreef.com\/produto\/premier-nattu-caes-adultos-mandioca-120-kg\/"},"modified":"2026-04-09T16:41:29","modified_gmt":"2026-04-09T19:41:29","slug":"premier-nattu-caes-adultos-mandioca-120-kg","status":"publish","type":"product","link":"https:\/\/dinhosreef.com\/en\/product\/premier-nattu-caes-adultos-mandioca-120-kg\/","title":{"rendered":"PREMIER NATTU CAES ADULTOS MANDIOCA 12,0 KG"},"content":{"rendered":"<p>PremieR\u00ae Nattu C\u00e3es Adultos Frango, Mandioca, Beterraba, Linha\u00e7a &amp; Cranberry Pensada para proporcionar uma alimenta\u00e7\u00e3o cada vez mais saud\u00e1vel para seu melhor amigo, a linha PremieR\u00ae Nattu possui ingredientes selecionados, nutritivos e satisfa\u00e7\u00e3o comprovada. Com uma f\u00f3rmula sem corantes e aromatizantes, PremieR\u00ae Nattu Mandioca \u00e9 recomendado para a alimenta\u00e7\u00e3o de c\u00e3es adultos e traz em sua base de ingredientes Frango, Mandioca, Beterraba, Linha\u00e7a e Cranberry, itens de alta densidade nutricional, que oferecem muitos nutrientes e poucas calorias, proporcionando uma dieta mais equilibrada para seu c\u00e3o. Uma exclusividade deste alimento s\u00e3o os ovos utilizados na formula\u00e7\u00e3o, provenientes do sistema de cria\u00e7\u00e3o Cage Free, no qual as aves possuem liberdade de movimento, com acesso a ninhos, permitindo assim sua total locomo\u00e7\u00e3o. Se voc\u00ea busca o alimento certo para uma dieta natural e repleta de benef\u00edcios para seu pet, n\u00e3o deixe conhecer todos os produtos de nossa linha Nattu.<\/p>","protected":false},"excerpt":{"rendered":"<p>PremieR\u00ae Nattu C\u00e3es Adultos Frango, Mandioca, Beterraba, Linha\u00e7a &amp; Cranberry Pensada para proporcionar uma alimenta\u00e7\u00e3o cada vez mais saud\u00e1vel para seu melhor amigo, a linha PremieR\u00ae Nattu possui ingredientes selecionados, nutritivos e satisfa\u00e7\u00e3o comprovada. Com uma f\u00f3rmula sem corantes e aromatizantes, PremieR\u00ae Nattu Mandioca \u00e9 recomendado para a alimenta\u00e7\u00e3o de c\u00e3es adultos e traz em [&hellip;]<\/p>\n","protected":false},"featured_media":1410785147,"comment_status":"open","ping_status":"closed","template":"","meta":{"googlesitekit_rrm_CAow0N7NCw:productID":"","content-type":"","pmpro_default_level":"","_themeisle_gutenberg_block_has_review":false},"product_brand":[330],"product_cat":[259],"product_tag":[],"class_list":{"0":"post-1410785144","1":"product","2":"type-product","3":"status-publish","4":"has-post-thumbnail","6":"product_brand-premier","7":"product_cat-racoes-alimento-petisco-e-suplemento-caes","8":"pmpro-has-access","10":"first","11":"outofstock","12":"taxable","13":"shipping-taxable","14":"purchasable","15":"product-type-simple"},"_links":{"self":[{"href":"https:\/\/dinhosreef.com\/en\/wp-json\/wp\/v2\/product\/1410785144","targetHints":{"allow":["GET"]}}],"collection":[{"href":"https:\/\/dinhosreef.com\/en\/wp-json\/wp\/v2\/product"}],"about":[{"href":"https:\/\/dinhosreef.com\/en\/wp-json\/wp\/v2\/types\/product"}],"replies":[{"embeddable":true,"href":"https:\/\/dinhosreef.com\/en\/wp-json\/wp\/v2\/comments?post=1410785144"}],"wp:featuredmedia":[{"embeddable":true,"href":"https:\/\/dinhosreef.com\/en\/wp-json\/wp\/v2\/media\/1410785147"}],"wp:attachment":[{"href":"https:\/\/dinhosreef.com\/en\/wp-json\/wp\/v2\/media?parent=1410785144"}],"wp:term":[{"taxonomy":"product_brand","embeddable":true,"href":"https:\/\/dinhosreef.com\/en\/wp-json\/wp\/v2\/product_brand?post=1410785144"},{"taxonomy":"product_cat","embeddable":true,"href":"https:\/\/dinhosreef.com\/en\/wp-json\/wp\/v2\/product_cat?post=1410785144"},{"taxonomy":"product_tag","embeddable":true,"href":"https:\/\/dinhosreef.com\/en\/wp-json\/wp\/v2\/product_tag?post=1410785144"}],"curies":[{"name":"wp","href":"https:\/\/api.w.org\/{rel}","templated":true}]}}