{"id":1410785150,"date":"2025-08-22T14:37:38","date_gmt":"2025-08-22T17:37:38","guid":{"rendered":"https:\/\/dinhosreef.com\/produto\/areia-progato-classica-multigraos-40-kg\/"},"modified":"2026-03-23T21:07:11","modified_gmt":"2026-03-24T00:07:11","slug":"areia-progato-classica-multigraos-40-kg","status":"publish","type":"product","link":"https:\/\/dinhosreef.com\/en\/product\/areia-progato-classica-multigraos-40-kg\/","title":{"rendered":"AREIA PROGATO CLASSICA MULTIGRAOS 4,0 KG"},"content":{"rendered":"<p class=\"font_8 wixui-rich-text__text\"><span class=\"wixui-rich-text__text\">Progato Cl\u00e1ssica \u00e9 a areia higi\u00eanica comum e mais econ\u00f4mica da linha Progato. Sua vers\u00e3o Gr\u00e3os M\u00e9dios \u00e9 composta por granulados com textura, cor e cheirinho semelhantes aos da natureza, por\u00e9m em um tamanho maior, o que dificulta o carregamento dos gr\u00e3os, ajudando a manter o ambiente mais limpo.<\/span><\/p>\n<p class=\"font_8 wixui-rich-text__text\"><span class=\"wixui-rich-text__text\">Progato Cl\u00e1ssica ret\u00e9m a urina e umidade das fezes, formando torr\u00f5es que facilitam a remo\u00e7\u00e3o e a limpeza da bandeja sanit\u00e1ria. Al\u00e9m disso, sua f\u00f3rmula at\u00f3xica e com pH neutro garante seguran\u00e7a e bem-estar ao seu gato e sua fam\u00edlia.<\/span><\/p>\n<p class=\"font_8 wixui-rich-text__text\"><span class=\"wixui-rich-text__text\">Principais Caracter\u00edsticas:<\/p>\n<p>&#8211; Combate o odor<br \/>&#8211; Forma torr\u00f5es<br \/>&#8211; Gr\u00e3os M\u00e9dios<br \/>&#8211; Atrai o instinto felino<\/span><\/p>","protected":false},"excerpt":{"rendered":"<p>Progato Cl\u00e1ssica \u00e9 a areia higi\u00eanica comum e mais econ\u00f4mica da linha Progato. Sua vers\u00e3o Gr\u00e3os M\u00e9dios \u00e9 composta por granulados com textura, cor e cheirinho semelhantes aos da natureza, por\u00e9m em um tamanho maior, o que dificulta o carregamento dos gr\u00e3os, ajudando a manter o ambiente mais limpo. Progato Cl\u00e1ssica ret\u00e9m a urina e [&hellip;]<\/p>\n","protected":false},"featured_media":1410785149,"comment_status":"open","ping_status":"closed","template":"","meta":{"googlesitekit_rrm_CAow0N7NCw:productID":"","content-type":"","pmpro_default_level":"","_themeisle_gutenberg_block_has_review":false},"product_brand":[],"product_cat":[262],"product_tag":[],"class_list":{"0":"post-1410785150","1":"product","2":"type-product","3":"status-publish","4":"has-post-thumbnail","6":"product_cat-areias-higienicas","7":"pmpro-has-access","9":"first","10":"outofstock","11":"taxable","12":"shipping-taxable","13":"purchasable","14":"product-type-simple"},"_links":{"self":[{"href":"https:\/\/dinhosreef.com\/en\/wp-json\/wp\/v2\/product\/1410785150","targetHints":{"allow":["GET"]}}],"collection":[{"href":"https:\/\/dinhosreef.com\/en\/wp-json\/wp\/v2\/product"}],"about":[{"href":"https:\/\/dinhosreef.com\/en\/wp-json\/wp\/v2\/types\/product"}],"replies":[{"embeddable":true,"href":"https:\/\/dinhosreef.com\/en\/wp-json\/wp\/v2\/comments?post=1410785150"}],"wp:featuredmedia":[{"embeddable":true,"href":"https:\/\/dinhosreef.com\/en\/wp-json\/wp\/v2\/media\/1410785149"}],"wp:attachment":[{"href":"https:\/\/dinhosreef.com\/en\/wp-json\/wp\/v2\/media?parent=1410785150"}],"wp:term":[{"taxonomy":"product_brand","embeddable":true,"href":"https:\/\/dinhosreef.com\/en\/wp-json\/wp\/v2\/product_brand?post=1410785150"},{"taxonomy":"product_cat","embeddable":true,"href":"https:\/\/dinhosreef.com\/en\/wp-json\/wp\/v2\/product_cat?post=1410785150"},{"taxonomy":"product_tag","embeddable":true,"href":"https:\/\/dinhosreef.com\/en\/wp-json\/wp\/v2\/product_tag?post=1410785150"}],"curies":[{"name":"wp","href":"https:\/\/api.w.org\/{rel}","templated":true}]}}