{"id":1410785157,"date":"2025-08-23T10:14:19","date_gmt":"2025-08-23T13:14:19","guid":{"rendered":"https:\/\/dinhosreef.com\/produto\/rocha-soma-microsfera-petrified-mix-rock-15-25cm-1kg\/"},"modified":"2025-08-23T10:20:53","modified_gmt":"2025-08-23T13:20:53","slug":"rocha-soma-microsfera-petrified-mix-rock-15-25cm-1kg","status":"publish","type":"product","link":"https:\/\/dinhosreef.com\/en\/product\/rocha-soma-microsfera-petrified-mix-rock-15-25cm-1kg\/","title":{"rendered":"ROCHA SOMA MICROSFERA PETRIFIED MIX ROCK (15-25CM) 1KG"},"content":{"rendered":"<p data-start=\"57\" data-end=\"120\"><strong data-start=\"57\" data-end=\"118\">ROCHA SOMA MICROESFERA PETRIFIED MIX ROCK (15-25cm) \u2013 1kg<\/strong><\/p>\n<p data-start=\"122\" data-end=\"361\">A <strong data-start=\"124\" data-end=\"146\">Petrified Mix Rock<\/strong> \u00e9 uma rocha natural com aspecto de <strong data-start=\"182\" data-end=\"205\">madeira petrificada<\/strong>, trazendo ao aqu\u00e1rio um visual r\u00fastico e \u00fanico. Suas cores variadas e texturas detalhadas tornam a montagem do hardscape ainda mais natural e impactante.<\/p>\n<p>&lt;<\/p>\n<p>p data-start=&#8221;363&#8243; data-end=&#8221;633&#8243;><\/p>","protected":false},"excerpt":{"rendered":"<p>ROCHA SOMA MICROESFERA PETRIFIED MIX ROCK (15-25cm) \u2013 1kg A Petrified Mix Rock \u00e9 uma rocha natural com aspecto de madeira petrificada, trazendo ao aqu\u00e1rio um visual r\u00fastico e \u00fanico. Suas cores variadas e texturas detalhadas tornam a montagem do hardscape ainda mais natural e impactante. &lt; p data-start=&#8221;363&#8243; data-end=&#8221;633&#8243;><\/p>","protected":false},"featured_media":1410785160,"comment_status":"open","ping_status":"closed","template":"","meta":{"googlesitekit_rrm_CAow0N7NCw:productID":"","content-type":"","pmpro_default_level":"","_themeisle_gutenberg_block_has_review":false},"product_brand":[],"product_cat":[33],"product_tag":[],"class_list":{"0":"post-1410785157","1":"product","2":"type-product","3":"status-publish","4":"has-post-thumbnail","6":"product_cat-enfeites-para-aquarios","7":"pmpro-has-access","9":"first","10":"instock","11":"taxable","12":"shipping-taxable","13":"purchasable","14":"product-type-simple"},"_links":{"self":[{"href":"https:\/\/dinhosreef.com\/en\/wp-json\/wp\/v2\/product\/1410785157","targetHints":{"allow":["GET"]}}],"collection":[{"href":"https:\/\/dinhosreef.com\/en\/wp-json\/wp\/v2\/product"}],"about":[{"href":"https:\/\/dinhosreef.com\/en\/wp-json\/wp\/v2\/types\/product"}],"replies":[{"embeddable":true,"href":"https:\/\/dinhosreef.com\/en\/wp-json\/wp\/v2\/comments?post=1410785157"}],"wp:featuredmedia":[{"embeddable":true,"href":"https:\/\/dinhosreef.com\/en\/wp-json\/wp\/v2\/media\/1410785160"}],"wp:attachment":[{"href":"https:\/\/dinhosreef.com\/en\/wp-json\/wp\/v2\/media?parent=1410785157"}],"wp:term":[{"taxonomy":"product_brand","embeddable":true,"href":"https:\/\/dinhosreef.com\/en\/wp-json\/wp\/v2\/product_brand?post=1410785157"},{"taxonomy":"product_cat","embeddable":true,"href":"https:\/\/dinhosreef.com\/en\/wp-json\/wp\/v2\/product_cat?post=1410785157"},{"taxonomy":"product_tag","embeddable":true,"href":"https:\/\/dinhosreef.com\/en\/wp-json\/wp\/v2\/product_tag?post=1410785157"}],"curies":[{"name":"wp","href":"https:\/\/api.w.org\/{rel}","templated":true}]}}