{"id":1410785159,"date":"2025-08-23T10:19:33","date_gmt":"2025-08-23T13:19:33","guid":{"rendered":"https:\/\/dinhosreef.com\/produto\/rocha-soma-microsfera-dark-mountain-rock-15-25cm-1kg\/"},"modified":"2026-02-28T10:56:26","modified_gmt":"2026-02-28T13:56:26","slug":"rocha-soma-microsfera-dark-mountain-rock-15-25cm-1kg","status":"publish","type":"product","link":"https:\/\/dinhosreef.com\/en\/product\/rocha-soma-microsfera-dark-mountain-rock-15-25cm-1kg\/","title":{"rendered":"ROCHA SOMA MICROSFERA DARK MOUNTAIN ROCK (15-25CM) 1KG"},"content":{"rendered":"<p data-start=\"57\" data-end=\"120\"><strong data-start=\"57\" data-end=\"118\">ROCHA SOMA MICROESFERA DARK MOUNTAIN ROCK (15-25cm) \u2013 1kg<\/strong><\/p>\n<p data-start=\"122\" data-end=\"390\">A <strong data-start=\"124\" data-end=\"146\">Dark Mountain Rock<\/strong> \u00e9 uma rocha natural com visual robusto e tons escuros que remetem a forma\u00e7\u00f5es montanhosas, trazendo dramaticidade e realismo ao aqu\u00e1rio. Sua superf\u00edcie com <strong data-start=\"303\" data-end=\"345\">microesferas, fendas e texturas \u00fanicas<\/strong> cria profundidade e destaque no hardscape.<\/p>\n<p data-start=\"392\" data-end=\"696\">\u00a0<\/p>","protected":false},"excerpt":{"rendered":"<p>ROCHA SOMA MICROESFERA DARK MOUNTAIN ROCK (15-25cm) \u2013 1kg A Dark Mountain Rock \u00e9 uma rocha natural com visual robusto e tons escuros que remetem a forma\u00e7\u00f5es montanhosas, trazendo dramaticidade e realismo ao aqu\u00e1rio. Sua superf\u00edcie com microesferas, fendas e texturas \u00fanicas cria profundidade e destaque no hardscape. \u00a0<\/p>","protected":false},"featured_media":1410785158,"comment_status":"open","ping_status":"closed","template":"","meta":{"googlesitekit_rrm_CAow0N7NCw:productID":"","content-type":"","pmpro_default_level":"","_themeisle_gutenberg_block_has_review":false},"product_brand":[],"product_cat":[33],"product_tag":[],"class_list":{"0":"post-1410785159","1":"product","2":"type-product","3":"status-publish","4":"has-post-thumbnail","6":"product_cat-enfeites-para-aquarios","7":"pmpro-has-access","9":"first","10":"instock","11":"taxable","12":"shipping-taxable","13":"purchasable","14":"product-type-simple"},"_links":{"self":[{"href":"https:\/\/dinhosreef.com\/en\/wp-json\/wp\/v2\/product\/1410785159","targetHints":{"allow":["GET"]}}],"collection":[{"href":"https:\/\/dinhosreef.com\/en\/wp-json\/wp\/v2\/product"}],"about":[{"href":"https:\/\/dinhosreef.com\/en\/wp-json\/wp\/v2\/types\/product"}],"replies":[{"embeddable":true,"href":"https:\/\/dinhosreef.com\/en\/wp-json\/wp\/v2\/comments?post=1410785159"}],"wp:featuredmedia":[{"embeddable":true,"href":"https:\/\/dinhosreef.com\/en\/wp-json\/wp\/v2\/media\/1410785158"}],"wp:attachment":[{"href":"https:\/\/dinhosreef.com\/en\/wp-json\/wp\/v2\/media?parent=1410785159"}],"wp:term":[{"taxonomy":"product_brand","embeddable":true,"href":"https:\/\/dinhosreef.com\/en\/wp-json\/wp\/v2\/product_brand?post=1410785159"},{"taxonomy":"product_cat","embeddable":true,"href":"https:\/\/dinhosreef.com\/en\/wp-json\/wp\/v2\/product_cat?post=1410785159"},{"taxonomy":"product_tag","embeddable":true,"href":"https:\/\/dinhosreef.com\/en\/wp-json\/wp\/v2\/product_tag?post=1410785159"}],"curies":[{"name":"wp","href":"https:\/\/api.w.org\/{rel}","templated":true}]}}