{"id":1410785162,"date":"2025-08-23T10:34:23","date_gmt":"2025-08-23T13:34:23","guid":{"rendered":"https:\/\/dinhosreef.com\/produto\/rocha-soma-microsfera-dragon-rock-pq-10-15cm-granel-1kg\/"},"modified":"2025-08-23T10:34:23","modified_gmt":"2025-08-23T13:34:23","slug":"rocha-soma-microsfera-dragon-rock-pq-10-15cm-granel-1kg","status":"publish","type":"product","link":"https:\/\/dinhosreef.com\/en\/product\/rocha-soma-microsfera-dragon-rock-pq-10-15cm-granel-1kg\/","title":{"rendered":"ROCHA SOMA MICROSFERA DRAGON ROCK PQ (10-15CM) GRANEL 1KG"},"content":{"rendered":"<p data-start=\"74\" data-end=\"140\"><strong data-start=\"74\" data-end=\"138\">ROCHA SOMA MICROESFERA DRAGON ROCK PQ (10-15cm) \u2013 Granel 1kg<\/strong><\/p>\n<p data-start=\"142\" data-end=\"357\">A <strong data-start=\"144\" data-end=\"172\">Dragon Rock (Ohko Stone)<\/strong> \u00e9 uma rocha natural muito utilizada em aquapaisagismo e aqu\u00e1rios plantados, conhecida por suas formas irregulares, texturas marcantes e cavidades que criam um visual \u00fanico e natural.<\/p>\n<p data-start=\"359\" data-end=\"668\">\u00a0<\/p>","protected":false},"excerpt":{"rendered":"<p>ROCHA SOMA MICROESFERA DRAGON ROCK PQ (10-15cm) \u2013 Granel 1kg A Dragon Rock (Ohko Stone) \u00e9 uma rocha natural muito utilizada em aquapaisagismo e aqu\u00e1rios plantados, conhecida por suas formas irregulares, texturas marcantes e cavidades que criam um visual \u00fanico e natural. \u00a0<\/p>","protected":false},"featured_media":1410785161,"comment_status":"open","ping_status":"closed","template":"","meta":{"googlesitekit_rrm_CAow0N7NCw:productID":"","content-type":"","pmpro_default_level":"","_themeisle_gutenberg_block_has_review":false},"product_brand":[],"product_cat":[33],"product_tag":[],"class_list":{"0":"post-1410785162","1":"product","2":"type-product","3":"status-publish","4":"has-post-thumbnail","6":"product_cat-enfeites-para-aquarios","7":"pmpro-has-access","9":"first","10":"instock","11":"taxable","12":"shipping-taxable","13":"purchasable","14":"product-type-simple"},"_links":{"self":[{"href":"https:\/\/dinhosreef.com\/en\/wp-json\/wp\/v2\/product\/1410785162","targetHints":{"allow":["GET"]}}],"collection":[{"href":"https:\/\/dinhosreef.com\/en\/wp-json\/wp\/v2\/product"}],"about":[{"href":"https:\/\/dinhosreef.com\/en\/wp-json\/wp\/v2\/types\/product"}],"replies":[{"embeddable":true,"href":"https:\/\/dinhosreef.com\/en\/wp-json\/wp\/v2\/comments?post=1410785162"}],"wp:featuredmedia":[{"embeddable":true,"href":"https:\/\/dinhosreef.com\/en\/wp-json\/wp\/v2\/media\/1410785161"}],"wp:attachment":[{"href":"https:\/\/dinhosreef.com\/en\/wp-json\/wp\/v2\/media?parent=1410785162"}],"wp:term":[{"taxonomy":"product_brand","embeddable":true,"href":"https:\/\/dinhosreef.com\/en\/wp-json\/wp\/v2\/product_brand?post=1410785162"},{"taxonomy":"product_cat","embeddable":true,"href":"https:\/\/dinhosreef.com\/en\/wp-json\/wp\/v2\/product_cat?post=1410785162"},{"taxonomy":"product_tag","embeddable":true,"href":"https:\/\/dinhosreef.com\/en\/wp-json\/wp\/v2\/product_tag?post=1410785162"}],"curies":[{"name":"wp","href":"https:\/\/api.w.org\/{rel}","templated":true}]}}