{"id":1410785200,"date":"2025-08-23T15:18:18","date_gmt":"2025-08-23T18:18:18","guid":{"rendered":"https:\/\/dinhosreef.com\/produto\/limpador-magnetico-limpeza-de-vidro-aquario-ate-13mm\/"},"modified":"2026-02-23T11:10:46","modified_gmt":"2026-02-23T14:10:46","slug":"limpador-magnetico-limpeza-de-vidro-aquario-ate-13mm","status":"publish","type":"product","link":"https:\/\/dinhosreef.com\/en\/product\/limpador-magnetico-limpeza-de-vidro-aquario-ate-13mm\/","title":{"rendered":"Limpador Magn\u00e9tico Limpeza De Vidro Aqu\u00e1rio At\u00e9 13mm"},"content":{"rendered":"<p>Descri\u00e7\u00e3o Limpador Magn\u00e9tico RS ELETRICAL Flutuante. Para vidro Elimine as algas grudadas no vidro do aqu\u00e1rio sem precisar colocar a m\u00e3o dentro da \u00e1gua. Rs ir\u00e1 flutuar quando deixar solto no aqu\u00e1rio. Possui pegador anti-derrapante. Muito eficaz para a raspagem limpeza de algas e incrusta\u00e7\u00f5es do vidro.<\/p>","protected":false},"excerpt":{"rendered":"<p>Descri\u00e7\u00e3o Limpador Magn\u00e9tico RS ELETRICAL Flutuante. Para vidro Elimine as algas grudadas no vidro do aqu\u00e1rio sem precisar colocar a m\u00e3o dentro da \u00e1gua. Rs ir\u00e1 flutuar quando deixar solto no aqu\u00e1rio. Possui pegador anti-derrapante. Muito eficaz para a raspagem limpeza de algas e incrusta\u00e7\u00f5es do vidro.<\/p>","protected":false},"featured_media":1410785199,"comment_status":"open","ping_status":"closed","template":"","meta":{"googlesitekit_rrm_CAow0N7NCw:productID":"","content-type":"","pmpro_default_level":"","_themeisle_gutenberg_block_has_review":false},"product_brand":[],"product_cat":[72],"product_tag":[],"class_list":{"0":"post-1410785200","1":"product","2":"type-product","3":"status-publish","4":"has-post-thumbnail","6":"product_cat-limpadores-magneticos","7":"pmpro-has-access","9":"first","10":"instock","11":"taxable","12":"shipping-taxable","13":"purchasable","14":"product-type-simple"},"_links":{"self":[{"href":"https:\/\/dinhosreef.com\/en\/wp-json\/wp\/v2\/product\/1410785200","targetHints":{"allow":["GET"]}}],"collection":[{"href":"https:\/\/dinhosreef.com\/en\/wp-json\/wp\/v2\/product"}],"about":[{"href":"https:\/\/dinhosreef.com\/en\/wp-json\/wp\/v2\/types\/product"}],"replies":[{"embeddable":true,"href":"https:\/\/dinhosreef.com\/en\/wp-json\/wp\/v2\/comments?post=1410785200"}],"wp:featuredmedia":[{"embeddable":true,"href":"https:\/\/dinhosreef.com\/en\/wp-json\/wp\/v2\/media\/1410785199"}],"wp:attachment":[{"href":"https:\/\/dinhosreef.com\/en\/wp-json\/wp\/v2\/media?parent=1410785200"}],"wp:term":[{"taxonomy":"product_brand","embeddable":true,"href":"https:\/\/dinhosreef.com\/en\/wp-json\/wp\/v2\/product_brand?post=1410785200"},{"taxonomy":"product_cat","embeddable":true,"href":"https:\/\/dinhosreef.com\/en\/wp-json\/wp\/v2\/product_cat?post=1410785200"},{"taxonomy":"product_tag","embeddable":true,"href":"https:\/\/dinhosreef.com\/en\/wp-json\/wp\/v2\/product_tag?post=1410785200"}],"curies":[{"name":"wp","href":"https:\/\/api.w.org\/{rel}","templated":true}]}}