{"id":1410785210,"date":"2025-08-23T16:41:27","date_gmt":"2025-08-23T19:41:27","guid":{"rendered":"https:\/\/dinhosreef.com\/produto\/teste-prodac-ph-4-5-9-0-130-testes-doce-marinho\/"},"modified":"2026-01-22T09:41:13","modified_gmt":"2026-01-22T12:41:13","slug":"teste-prodac-ph-4-5-9-0-130-testes-doce-marinho","status":"publish","type":"product","link":"https:\/\/dinhosreef.com\/en\/product\/teste-prodac-ph-4-5-9-0-130-testes-doce-marinho\/","title":{"rendered":"TESTE PRODAC PH (4.5 &#8211; 9.0) &#8211; 130 TESTES (DOCE\/MARINHO)"},"content":{"rendered":"<p>O Teste De Ph Para Aqu\u00e1rio Doce Marinho Prodac Ph Test 4,5-9,0 \u00e9 um produto de medi\u00e7\u00e3o de pH 4,5-9,0 para aqu\u00e1rio de \u00e1gua doce ou salgada.<\/p>\n<p>Permite realizar at\u00e9 130 testes. Fabricado na It\u00e1lia.<\/p>\n<p>O pH da \u00e1gua do aqu\u00e1rio se refere \u00e0 acidez, neutralidade ou alcalinidade da \u00e1gua. O valor de pH ideal para os peixes de \u00e1gua doce \u00e9 entre 6.8 e 7.0, se for inferior, \u00e9 necess\u00e1rio aumentar at\u00e9 ao n\u00edvel referido utilizando um produto espec\u00edfico como o MUTAPHI M de PRODAC, se for superior, \u00e9 necess\u00e1rio diminuir utilizando um produto espec\u00edfico como o MUTAPH D da PRODAC.<\/p>\n<p>O valor de pH ideal para os peixes de \u00e1gua salgada situa-se entre 8.1 e 8.4, se for inferior, \u00e9 necess\u00e1rio aument\u00e1-lo at\u00e9 ao n\u00edvel de seguran\u00e7a utilizando um produto espec\u00edfico como o MUTAPHI M da PRODAC, se \u00e9 superior, \u00e9 necess\u00e1rio diminui-lo utilizando um produto espec\u00edfico como o MUTAPH D da PRODAC.<\/p>\n<p>Cicl\u00eddeos africanos: pH b\u00e1sico, de 7.4 a 8.5<br \/>Molin\u00e9sia: pH b\u00e1sico, de 7 a 8.5<br \/>Matogrosso: pH \u00e1cido, de 5.5 a 7.<br \/>Neon: pH \u00e1cido: de 4.5 a 7.<\/p>\n<p>Para realizar o teste de PH no aqu\u00e1rio ou lago:<br \/>1. Enxaguar v\u00e1rias vezes a proveta com a \u00e1gua a examinar, antes de a encher at\u00e9 a marca de 5 ml.<br \/>2. Adicionar 2 gotas de reativo que cont\u00eam o frasco e agitar levemente.<br \/>3. Comparar a cor da solu\u00e7\u00e3o com a cor da tabela colocando a proveta perto da cor mais parecida observando-a de cima.<\/p>\n<p>Conte\u00fado da embalagem:<br \/>1 Tubo de ensaio 10 ml<br \/>1 Reagente 1 &#8211; 12 ml<br \/>1 Base com gr\u00e1fico de teste<br \/>1 Manual de instru\u00e7\u00f5es<\/p>\n<p>Sobre a Prodac: Uma empresa italiana l\u00edder global no mundo dos aqu\u00e1rios e lagos por mais de quarenta anos. Desde a d\u00e9cada de 1970, a empresa come\u00e7ou a produzir tratamentos de \u00e1gua, meios filtrantes, kits de teste e sal puro para aqu\u00e1rios marinhos, ra\u00e7\u00f5es para peixes e muitos outros itens.<\/p>","protected":false},"excerpt":{"rendered":"<p>O Teste De Ph Para Aqu\u00e1rio Doce Marinho Prodac Ph Test 4,5-9,0 \u00e9 um produto de medi\u00e7\u00e3o de pH 4,5-9,0 para aqu\u00e1rio de \u00e1gua doce ou salgada. Permite realizar at\u00e9 130 testes. Fabricado na It\u00e1lia. O pH da \u00e1gua do aqu\u00e1rio se refere \u00e0 acidez, neutralidade ou alcalinidade da \u00e1gua. O valor de pH ideal [&hellip;]<\/p>\n","protected":false},"featured_media":1410785209,"comment_status":"open","ping_status":"closed","template":"","meta":{"googlesitekit_rrm_CAow0N7NCw:productID":"","content-type":"","pmpro_default_level":"","_themeisle_gutenberg_block_has_review":false},"product_brand":[],"product_cat":[47],"product_tag":[],"class_list":{"0":"post-1410785210","1":"product","2":"type-product","3":"status-publish","4":"has-post-thumbnail","6":"product_cat-condicionadores-de-agua","7":"pmpro-has-access","9":"first","10":"outofstock","11":"taxable","12":"shipping-taxable","13":"purchasable","14":"product-type-simple"},"_links":{"self":[{"href":"https:\/\/dinhosreef.com\/en\/wp-json\/wp\/v2\/product\/1410785210","targetHints":{"allow":["GET"]}}],"collection":[{"href":"https:\/\/dinhosreef.com\/en\/wp-json\/wp\/v2\/product"}],"about":[{"href":"https:\/\/dinhosreef.com\/en\/wp-json\/wp\/v2\/types\/product"}],"replies":[{"embeddable":true,"href":"https:\/\/dinhosreef.com\/en\/wp-json\/wp\/v2\/comments?post=1410785210"}],"wp:featuredmedia":[{"embeddable":true,"href":"https:\/\/dinhosreef.com\/en\/wp-json\/wp\/v2\/media\/1410785209"}],"wp:attachment":[{"href":"https:\/\/dinhosreef.com\/en\/wp-json\/wp\/v2\/media?parent=1410785210"}],"wp:term":[{"taxonomy":"product_brand","embeddable":true,"href":"https:\/\/dinhosreef.com\/en\/wp-json\/wp\/v2\/product_brand?post=1410785210"},{"taxonomy":"product_cat","embeddable":true,"href":"https:\/\/dinhosreef.com\/en\/wp-json\/wp\/v2\/product_cat?post=1410785210"},{"taxonomy":"product_tag","embeddable":true,"href":"https:\/\/dinhosreef.com\/en\/wp-json\/wp\/v2\/product_tag?post=1410785210"}],"curies":[{"name":"wp","href":"https:\/\/api.w.org\/{rel}","templated":true}]}}