{"id":1410785260,"date":"2025-09-04T17:20:08","date_gmt":"2025-09-04T20:20:08","guid":{"rendered":"https:\/\/dinhosreef.com\/produto\/oceanmax-filtro-externo-600l-h-110v\/"},"modified":"2026-02-16T18:53:01","modified_gmt":"2026-02-16T21:53:01","slug":"oceanmax-filtro-externo-600l-h-110v","status":"publish","type":"product","link":"https:\/\/dinhosreef.com\/en\/product\/oceanmax-filtro-externo-600l-h-110v\/","title":{"rendered":"OCEANMAX FILTRO EXTERNO 600L\/H &#8211; 110V"},"content":{"rendered":"<h2 class=\"ui-pdp-description__title\" data-testid=\"title\">Descri\u00e7\u00e3o<\/h2>\n<p class=\"ui-pdp-description__content\" data-testid=\"content\">FILTRO INTERNO OC-F60 600L\/H<\/p>\n<p>Principais Caracter\u00edsticas:<\/p>\n<p>I &#8211; Filtro interno com espa\u00e7o para alocar m\u00eddia de filtragem qu\u00edmica, mec\u00e2nica e\/ou biol\u00f3gica;<br \/>II &#8211; \u00c9 indicado para aqu\u00e1rios de at\u00e9 60L;<br \/>III &#8211; O filtro \u00e9 totalmente submers\u00edvel;<br \/>IV &#8211; Ideal para aqu\u00e1rios de \u00e1gua doce ou salgada;<br \/>V &#8211; A sua esponja auxilia na cria\u00e7\u00e3o prop\u00edcia de bact\u00e9rias ben\u00e9ficas para a vida no aqu\u00e1rio;<br \/>VI &#8211; Por conta de seu tamanho, a sua presen\u00e7a no aqu\u00e1rio \u00e9 discreta e n\u00e3o ocupa espa\u00e7o;<br \/>VII &#8211; Carca\u00e7a em pol\u00edmero resistente e com longa durabilidade;<br \/>VIII &#8211; Frestas especialmente dimensionadas na parte inferior para impedir que grandes sujeiras obstruam o sistema;<br \/>IX &#8211; Duto de ar para oxigena\u00e7\u00e3o suplementar e eficiente da \u00e1gua.<br \/>X &#8211; Equipamento compacto, discreto, f\u00e1cil de manusear, instalar, manter e limpar.<br \/>XI &#8211; Filtro interno poderoso, de elevada vaz\u00e3o e desempenho.<br \/>XII &#8211; Necess\u00e1rio utilizar totalmente submerso.<br \/>XIII &#8211; Acompanha mangueira de silicone para a oxigena\u00e7\u00e3o.<br \/>XIV &#8211; Acompanha 3 ventosas de fixa\u00e7\u00e3o.<\/p>\n<p>Descri\u00e7\u00e3o:<br \/>Filtros internos s\u00e3o uma excelente op\u00e7\u00e3o para aqu\u00e1rios hospitais, pequenos aqu\u00e1rios ou como uma filtragem complementar para agilizar a remo\u00e7\u00e3o de mat\u00e9ria org\u00e2nica em suspens\u00e3o na \u00e1gua, tornando-a cristalina novamente.<\/p>\n<p>O Filtro Interno \u00e9 composto por uma poderosa bomba submersa e m\u00f3dulo com m\u00eddia filtrante. O espa\u00e7o dos m\u00f3dulos foi muito bem aproveitado, maximizando a qualidade da filtragem deste filtro interno.<\/p>\n<p>N\u00f3s, aquaristas, podemos ainda personalizar o conte\u00fado destes m\u00f3dulos, por exemplo, deixando um para filtragem mec\u00e2nica com a esponja e os demais para filtragem biol\u00f3gica ou qu\u00edmica com Seachem Purigen, cer\u00e2mica, carv\u00e3o, etc.<\/p>\n<p>Atributos do Produto:<br \/>Marca: OceanMax<br \/>Modelo: OC-F60<br \/>Tipo de Pet: Peixes<br \/>Tipo de \u00c1gua: Doce e Marinho<br \/>Fonte de Alimenta\u00e7\u00e3o: Rede El\u00e9trica<br \/>Tens\u00e3o (V): 110V<br \/>Pot\u00eancia (W): 5<br \/>Tipo Filtro de \u00c1gua: Filtro Esponja<br \/>Vaz\u00e3o M\u00edn. Aprox. (L\/h): 600<br \/>Vaz\u00e3o M\u00e1x. Aprox. (L\/h): 600<br \/>Coluna D&#8217;\u00e1gua Aprox. (m): 0,7<br \/>Capacidade Indicada (L): 60<br \/>Conex\u00f5es Sa\u00edda (mm): 13<br \/>N\u00ba Sa\u00eddas: 1<br \/>Anf\u00edbia: N\u00e3o<br \/>Regul\u00e1vel: N\u00e3o<br \/>Sem Fio: N\u00e3o<br \/>Dimens\u00e3o Aprox. Produto (CxLxA cm): 4x6x14 cm<\/p>","protected":false},"excerpt":{"rendered":"<p>Descri\u00e7\u00e3o FILTRO INTERNO OC-F60 600L\/H Principais Caracter\u00edsticas: I &#8211; Filtro interno com espa\u00e7o para alocar m\u00eddia de filtragem qu\u00edmica, mec\u00e2nica e\/ou biol\u00f3gica;II &#8211; \u00c9 indicado para aqu\u00e1rios de at\u00e9 60L;III &#8211; O filtro \u00e9 totalmente submers\u00edvel;IV &#8211; Ideal para aqu\u00e1rios de \u00e1gua doce ou salgada;V &#8211; A sua esponja auxilia na cria\u00e7\u00e3o prop\u00edcia de bact\u00e9rias [&hellip;]<\/p>\n","protected":false},"featured_media":1410785259,"comment_status":"open","ping_status":"closed","template":"","meta":{"googlesitekit_rrm_CAow0N7NCw:productID":"","content-type":"","pmpro_default_level":"","_themeisle_gutenberg_block_has_review":false},"product_brand":[],"product_cat":[71],"product_tag":[],"class_list":{"0":"post-1410785260","1":"product","2":"type-product","3":"status-publish","4":"has-post-thumbnail","6":"product_cat-filtros","7":"pmpro-has-access","9":"first","10":"instock","11":"taxable","12":"shipping-taxable","13":"purchasable","14":"product-type-simple"},"_links":{"self":[{"href":"https:\/\/dinhosreef.com\/en\/wp-json\/wp\/v2\/product\/1410785260","targetHints":{"allow":["GET"]}}],"collection":[{"href":"https:\/\/dinhosreef.com\/en\/wp-json\/wp\/v2\/product"}],"about":[{"href":"https:\/\/dinhosreef.com\/en\/wp-json\/wp\/v2\/types\/product"}],"replies":[{"embeddable":true,"href":"https:\/\/dinhosreef.com\/en\/wp-json\/wp\/v2\/comments?post=1410785260"}],"wp:featuredmedia":[{"embeddable":true,"href":"https:\/\/dinhosreef.com\/en\/wp-json\/wp\/v2\/media\/1410785259"}],"wp:attachment":[{"href":"https:\/\/dinhosreef.com\/en\/wp-json\/wp\/v2\/media?parent=1410785260"}],"wp:term":[{"taxonomy":"product_brand","embeddable":true,"href":"https:\/\/dinhosreef.com\/en\/wp-json\/wp\/v2\/product_brand?post=1410785260"},{"taxonomy":"product_cat","embeddable":true,"href":"https:\/\/dinhosreef.com\/en\/wp-json\/wp\/v2\/product_cat?post=1410785260"},{"taxonomy":"product_tag","embeddable":true,"href":"https:\/\/dinhosreef.com\/en\/wp-json\/wp\/v2\/product_tag?post=1410785260"}],"curies":[{"name":"wp","href":"https:\/\/api.w.org\/{rel}","templated":true}]}}