{"id":1410785666,"date":"2025-09-09T12:32:21","date_gmt":"2025-09-09T15:32:21","guid":{"rendered":"https:\/\/dinhosreef.com\/produto\/molho-especial-procanine-250g-frango\/"},"modified":"2026-03-30T17:19:43","modified_gmt":"2026-03-30T20:19:43","slug":"molho-especial-procanine-250g-frango","status":"publish","type":"product","link":"https:\/\/dinhosreef.com\/en\/product\/molho-especial-procanine-250g-frango\/","title":{"rendered":"MOLHO ESPECIAL PROCANINE 250G FRANGO"},"content":{"rendered":"<div class=\"sc-iGgWBj hZQAA-D sc-cyJUJa jcMbIy\" data-testid=\"product-detail\">\n<h2 class=\"sc-dcJsrY iVJGKX\" data-testid=\"product-detail-label\">Informa\u00e7\u00f5es do Produto<\/h2>\n<p> <span class=\"sc-dcJsrY jZKEso\" data-testid=\"product-detail-title\">Molho Especial para C\u00e3es Sabor Frango 250g Procanine<\/span> <\/p>\n<div class=\"sc-iGgWBj jEOEJZ sc-bzywxr bokvhM\" data-testid=\"product-detail-description\">\n<div class=\"sc-iGgWBj eWtIHQ sc-dIzaVh eiOFcT\" data-testid=\"rich-content-container\">\n<p>O Molho para Ra\u00e7\u00e3o Pr\u00f3Canine um molho palatabilizante recomendado para para c\u00e3es de todas as ra\u00e7as.<\/p>\n<p>\u00a0<\/p>\n<p>Feito para acrescentar mais prazer e diversidade de sabor ao alimento seco. Molho Pr\u00f3Canine \u00e9 recomendado para promover o aumento de consumo em animais inapetentes e na introdu\u00e7\u00e3o do alimento seco na alimenta\u00e7\u00e3o de seu c\u00e3o.<\/p>\n<\/p><\/div>\n<\/p><\/div>\n<\/p><\/div>\n<div class=\"sc-iGgWBj eWtIHQ\" data-testid=\"lazyload-container\">\u00a0<\/div>","protected":false},"excerpt":{"rendered":"<p>Informa\u00e7\u00f5es do Produto Molho Especial para C\u00e3es Sabor Frango 250g Procanine O Molho para Ra\u00e7\u00e3o Pr\u00f3Canine um molho palatabilizante recomendado para para c\u00e3es de todas as ra\u00e7as. \u00a0 Feito para acrescentar mais prazer e diversidade de sabor ao alimento seco. Molho Pr\u00f3Canine \u00e9 recomendado para promover o aumento de consumo em animais inapetentes e na [&hellip;]<\/p>\n","protected":false},"featured_media":1410785665,"comment_status":"open","ping_status":"closed","template":"","meta":{"googlesitekit_rrm_CAow0N7NCw:productID":"","content-type":"","pmpro_default_level":"","_themeisle_gutenberg_block_has_review":false},"product_brand":[],"product_cat":[164],"product_tag":[],"class_list":{"0":"post-1410785666","1":"product","2":"type-product","3":"status-publish","4":"has-post-thumbnail","6":"product_cat-pet-shop","7":"pmpro-has-access","9":"first","10":"instock","11":"taxable","12":"shipping-taxable","13":"purchasable","14":"product-type-simple"},"_links":{"self":[{"href":"https:\/\/dinhosreef.com\/en\/wp-json\/wp\/v2\/product\/1410785666","targetHints":{"allow":["GET"]}}],"collection":[{"href":"https:\/\/dinhosreef.com\/en\/wp-json\/wp\/v2\/product"}],"about":[{"href":"https:\/\/dinhosreef.com\/en\/wp-json\/wp\/v2\/types\/product"}],"replies":[{"embeddable":true,"href":"https:\/\/dinhosreef.com\/en\/wp-json\/wp\/v2\/comments?post=1410785666"}],"wp:featuredmedia":[{"embeddable":true,"href":"https:\/\/dinhosreef.com\/en\/wp-json\/wp\/v2\/media\/1410785665"}],"wp:attachment":[{"href":"https:\/\/dinhosreef.com\/en\/wp-json\/wp\/v2\/media?parent=1410785666"}],"wp:term":[{"taxonomy":"product_brand","embeddable":true,"href":"https:\/\/dinhosreef.com\/en\/wp-json\/wp\/v2\/product_brand?post=1410785666"},{"taxonomy":"product_cat","embeddable":true,"href":"https:\/\/dinhosreef.com\/en\/wp-json\/wp\/v2\/product_cat?post=1410785666"},{"taxonomy":"product_tag","embeddable":true,"href":"https:\/\/dinhosreef.com\/en\/wp-json\/wp\/v2\/product_tag?post=1410785666"}],"curies":[{"name":"wp","href":"https:\/\/api.w.org\/{rel}","templated":true}]}}