{"id":1410785670,"date":"2025-09-09T12:32:29","date_gmt":"2025-09-09T15:32:29","guid":{"rendered":"https:\/\/dinhosreef.com\/produto\/molho-especial-procanine-250g-carne\/"},"modified":"2026-03-30T17:33:36","modified_gmt":"2026-03-30T20:33:36","slug":"molho-especial-procanine-250g-carne","status":"publish","type":"product","link":"https:\/\/dinhosreef.com\/en\/product\/molho-especial-procanine-250g-carne\/","title":{"rendered":"MOLHO ESPECIAL PROCANINE 250G CARNE"},"content":{"rendered":"<p>O Molho para Ra\u00e7\u00e3o Pr\u00f3 Canine Gourmet vai deixar a refei\u00e7\u00e3o do seu bichinho muito mais saborosa.<\/p>\n<p>Fonte de vitaminas, ele complementa a ra\u00e7\u00e3o, proporcionando uma alimenta\u00e7\u00e3o nutritiva e deliciosa para o pet.<\/p>\n<p>\u00c9 feito com ingredientes selecionados e carne de verdade, garantindo uma dose extra de sabor e sa\u00fade.<\/p>\n<p>Compare os pre\u00e7os e ofere\u00e7a essa op\u00e7\u00e3o nutritiva para o seu c\u00e3ozinho se deliciar!<\/p>\n<p>Dispon\u00edvel em embalagem de 250g.<\/p>","protected":false},"excerpt":{"rendered":"<p>O Molho para Ra\u00e7\u00e3o Pr\u00f3 Canine Gourmet vai deixar a refei\u00e7\u00e3o do seu bichinho muito mais saborosa. Fonte de vitaminas, ele complementa a ra\u00e7\u00e3o, proporcionando uma alimenta\u00e7\u00e3o nutritiva e deliciosa para o pet. \u00c9 feito com ingredientes selecionados e carne de verdade, garantindo uma dose extra de sabor e sa\u00fade. Compare os pre\u00e7os e ofere\u00e7a [&hellip;]<\/p>\n","protected":false},"featured_media":1410785669,"comment_status":"open","ping_status":"closed","template":"","meta":{"googlesitekit_rrm_CAow0N7NCw:productID":"","content-type":"","pmpro_default_level":"","_themeisle_gutenberg_block_has_review":false},"product_brand":[],"product_cat":[16],"product_tag":[],"class_list":{"0":"post-1410785670","1":"product","2":"type-product","3":"status-publish","4":"has-post-thumbnail","6":"product_cat-diversos","7":"pmpro-has-access","9":"first","10":"instock","11":"taxable","12":"shipping-taxable","13":"purchasable","14":"product-type-simple"},"_links":{"self":[{"href":"https:\/\/dinhosreef.com\/en\/wp-json\/wp\/v2\/product\/1410785670","targetHints":{"allow":["GET"]}}],"collection":[{"href":"https:\/\/dinhosreef.com\/en\/wp-json\/wp\/v2\/product"}],"about":[{"href":"https:\/\/dinhosreef.com\/en\/wp-json\/wp\/v2\/types\/product"}],"replies":[{"embeddable":true,"href":"https:\/\/dinhosreef.com\/en\/wp-json\/wp\/v2\/comments?post=1410785670"}],"wp:featuredmedia":[{"embeddable":true,"href":"https:\/\/dinhosreef.com\/en\/wp-json\/wp\/v2\/media\/1410785669"}],"wp:attachment":[{"href":"https:\/\/dinhosreef.com\/en\/wp-json\/wp\/v2\/media?parent=1410785670"}],"wp:term":[{"taxonomy":"product_brand","embeddable":true,"href":"https:\/\/dinhosreef.com\/en\/wp-json\/wp\/v2\/product_brand?post=1410785670"},{"taxonomy":"product_cat","embeddable":true,"href":"https:\/\/dinhosreef.com\/en\/wp-json\/wp\/v2\/product_cat?post=1410785670"},{"taxonomy":"product_tag","embeddable":true,"href":"https:\/\/dinhosreef.com\/en\/wp-json\/wp\/v2\/product_tag?post=1410785670"}],"curies":[{"name":"wp","href":"https:\/\/api.w.org\/{rel}","templated":true}]}}