{"id":1410785679,"date":"2025-09-09T15:33:54","date_gmt":"2025-09-09T18:33:54","guid":{"rendered":"https:\/\/dinhosreef.com\/produto\/sanol-sabonete-coco-90-g\/"},"modified":"2026-03-31T11:51:17","modified_gmt":"2026-03-31T14:51:17","slug":"sanol-sabonete-coco-90-g","status":"publish","type":"product","link":"https:\/\/dinhosreef.com\/en\/product\/sanol-sabonete-coco-90-g\/","title":{"rendered":"SANOL SABONETE COCO  90 G"},"content":{"rendered":"<ul>\n<li>Ajuda a manter o PH balanceado e equilibrado;<br \/>&#8211; Sabonete em barra de Coco, com uso semanal;<br \/>&#8211; Promove a limpeza de res\u00edduos e pode ser utilizado por c\u00e3es e gatos.\n<p>O Sabonete Sanol Dog Coco para C\u00e3es e Gatos \u00e9 indicado para c\u00e3es e gatos. Sua f\u00f3rmula balanceada limpa e fortalece o pelo de maneira segura. Proporciona ao animal sensa\u00e7\u00e3o de limpeza e agrad\u00e1vel perfume de Coco, assim, seu amiguinho ficar\u00e1 mais limpo, pronto para arrasar mais ainda por onde passar.<\/li>\n<\/ul>","protected":false},"excerpt":{"rendered":"<p>Ajuda a manter o PH balanceado e equilibrado;&#8211; Sabonete em barra de Coco, com uso semanal;&#8211; Promove a limpeza de res\u00edduos e pode ser utilizado por c\u00e3es e gatos. O Sabonete Sanol Dog Coco para C\u00e3es e Gatos \u00e9 indicado para c\u00e3es e gatos. Sua f\u00f3rmula balanceada limpa e fortalece o pelo de maneira segura. [&hellip;]<\/p>\n","protected":false},"featured_media":1410785678,"comment_status":"open","ping_status":"closed","template":"","meta":{"googlesitekit_rrm_CAow0N7NCw:productID":"","content-type":"","pmpro_default_level":"","_themeisle_gutenberg_block_has_review":false},"product_brand":[331],"product_cat":[328],"product_tag":[],"class_list":{"0":"post-1410785679","1":"product","2":"type-product","3":"status-publish","4":"has-post-thumbnail","6":"product_brand-sanol","7":"product_cat-artigos-para-os-pelos","8":"pmpro-has-access","10":"first","11":"instock","12":"taxable","13":"shipping-taxable","14":"purchasable","15":"product-type-simple"},"_links":{"self":[{"href":"https:\/\/dinhosreef.com\/en\/wp-json\/wp\/v2\/product\/1410785679","targetHints":{"allow":["GET"]}}],"collection":[{"href":"https:\/\/dinhosreef.com\/en\/wp-json\/wp\/v2\/product"}],"about":[{"href":"https:\/\/dinhosreef.com\/en\/wp-json\/wp\/v2\/types\/product"}],"replies":[{"embeddable":true,"href":"https:\/\/dinhosreef.com\/en\/wp-json\/wp\/v2\/comments?post=1410785679"}],"wp:featuredmedia":[{"embeddable":true,"href":"https:\/\/dinhosreef.com\/en\/wp-json\/wp\/v2\/media\/1410785678"}],"wp:attachment":[{"href":"https:\/\/dinhosreef.com\/en\/wp-json\/wp\/v2\/media?parent=1410785679"}],"wp:term":[{"taxonomy":"product_brand","embeddable":true,"href":"https:\/\/dinhosreef.com\/en\/wp-json\/wp\/v2\/product_brand?post=1410785679"},{"taxonomy":"product_cat","embeddable":true,"href":"https:\/\/dinhosreef.com\/en\/wp-json\/wp\/v2\/product_cat?post=1410785679"},{"taxonomy":"product_tag","embeddable":true,"href":"https:\/\/dinhosreef.com\/en\/wp-json\/wp\/v2\/product_tag?post=1410785679"}],"curies":[{"name":"wp","href":"https:\/\/api.w.org\/{rel}","templated":true}]}}