{"id":1410785801,"date":"2025-09-10T13:49:05","date_gmt":"2025-09-10T16:49:05","guid":{"rendered":"https:\/\/dinhosreef.com\/produto\/pate-royal-canin-sterilised-gatos-adulto-castrados\/"},"modified":"2026-03-20T12:53:13","modified_gmt":"2026-03-20T15:53:13","slug":"pate-royal-canin-sterilised-gatos-adulto-castrados","status":"publish","type":"product","link":"https:\/\/dinhosreef.com\/en\/product\/pate-royal-canin-sterilised-gatos-adulto-castrados\/","title":{"rendered":"PATE ROYAL CANIN STERILISED GATOS  ADULTO CASTRADOS"},"content":{"rendered":"<p><span class=\"product__summary__info--title font-body color-neutral-dark\" data-v-c9c3f8a0=\"\">Resumo<\/span><\/p>\n<div class=\"product__summary__info--text font-body-s\" data-v-c9c3f8a0=\"\">\n<p class=\"mt-3 mb-6\" data-v-c9c3f8a0=\"\">&#8211; Textura pat\u00ea oferece aos gatos maior palatabilidade e satisfaz suas prefer\u00eancias individuais;<br \/>&#8211; Alta umidade do alimento \u00famido auxilia na manuten\u00e7\u00e3o do sistema urin\u00e1rio saud\u00e1vel;<br \/>&#8211; Ajuda a manter o peso ideal dos gatos castrados;<br \/>&#8211; Indicado para pets a partir de 1 ano de idade.<\/p>\n<\/p><\/div>","protected":false},"excerpt":{"rendered":"<p>Resumo &#8211; Textura pat\u00ea oferece aos gatos maior palatabilidade e satisfaz suas prefer\u00eancias individuais;&#8211; Alta umidade do alimento \u00famido auxilia na manuten\u00e7\u00e3o do sistema urin\u00e1rio saud\u00e1vel;&#8211; Ajuda a manter o peso ideal dos gatos castrados;&#8211; Indicado para pets a partir de 1 ano de idade.<\/p>","protected":false},"featured_media":1410785800,"comment_status":"open","ping_status":"closed","template":"","meta":{"googlesitekit_rrm_CAow0N7NCw:productID":"","content-type":"","pmpro_default_level":"","_themeisle_gutenberg_block_has_review":false},"product_brand":[],"product_cat":[255],"product_tag":[],"class_list":{"0":"post-1410785801","1":"product","2":"type-product","3":"status-publish","4":"has-post-thumbnail","6":"product_cat-alimento-petisco-e-suplemento","7":"pmpro-has-access","9":"first","10":"instock","11":"taxable","12":"shipping-taxable","13":"purchasable","14":"product-type-simple"},"_links":{"self":[{"href":"https:\/\/dinhosreef.com\/en\/wp-json\/wp\/v2\/product\/1410785801","targetHints":{"allow":["GET"]}}],"collection":[{"href":"https:\/\/dinhosreef.com\/en\/wp-json\/wp\/v2\/product"}],"about":[{"href":"https:\/\/dinhosreef.com\/en\/wp-json\/wp\/v2\/types\/product"}],"replies":[{"embeddable":true,"href":"https:\/\/dinhosreef.com\/en\/wp-json\/wp\/v2\/comments?post=1410785801"}],"wp:featuredmedia":[{"embeddable":true,"href":"https:\/\/dinhosreef.com\/en\/wp-json\/wp\/v2\/media\/1410785800"}],"wp:attachment":[{"href":"https:\/\/dinhosreef.com\/en\/wp-json\/wp\/v2\/media?parent=1410785801"}],"wp:term":[{"taxonomy":"product_brand","embeddable":true,"href":"https:\/\/dinhosreef.com\/en\/wp-json\/wp\/v2\/product_brand?post=1410785801"},{"taxonomy":"product_cat","embeddable":true,"href":"https:\/\/dinhosreef.com\/en\/wp-json\/wp\/v2\/product_cat?post=1410785801"},{"taxonomy":"product_tag","embeddable":true,"href":"https:\/\/dinhosreef.com\/en\/wp-json\/wp\/v2\/product_tag?post=1410785801"}],"curies":[{"name":"wp","href":"https:\/\/api.w.org\/{rel}","templated":true}]}}