{"id":1410785803,"date":"2025-09-10T13:49:11","date_gmt":"2025-09-10T16:49:11","guid":{"rendered":"https:\/\/dinhosreef.com\/produto\/racao-royal-canin-mini-inddor-junior-1-kg\/"},"modified":"2026-02-20T12:10:33","modified_gmt":"2026-02-20T15:10:33","slug":"racao-royal-canin-mini-inddor-junior-1-kg","status":"publish","type":"product","link":"https:\/\/dinhosreef.com\/en\/product\/racao-royal-canin-mini-inddor-junior-1-kg\/","title":{"rendered":"RACAO  ROYAL CANIN MINI INDDOR  JUNIOR 1 KG"},"content":{"rendered":"<div class=\"col-12 col-md-6 product-image\">\n<div class=\"d-flex flex-column\">\n<div class=\"big-image\">\n<figure class=\"zoom\"><span class=\"product__summary__info--title font-body color-neutral-dark\" data-v-c9c3f8a0=\"\">Resumo<\/span> <\/p>\n<div class=\"product__summary__info--text font-body-s\" data-v-c9c3f8a0=\"\">\n<p class=\"mt-3 mb-6\" data-v-c9c3f8a0=\"\">&#8211; Palatabilidade refor\u00e7ada: agrada at\u00e9 o apetites mais exigentes;<br \/>&#8211; Auxilia nas defesas naturais do filhote, gra\u00e7as a um complexo de antioxidantes;<br \/>&#8211; Proporciona \u00f3tima digest\u00e3o e contribui para reduzir o volume e odor das fezes;<br \/>&#8211; Ra\u00e7\u00e3o super premium indicada para c\u00e3es de pequeno porte (peso de 1 a 10 kg em idade adulta) que vivem em ambientes internos.<\/p>\n<\/p><\/div>\n<\/figure><\/div>\n<\/p><\/div>\n<\/p><\/div>\n<div class=\"col-12 col-md-6 product-info pr-lg-4 pl-lg-0\">\n<h1 class=\"name\">\u00a0<\/h1>\n<\/p><\/div>","protected":false},"excerpt":{"rendered":"<p>Resumo &#8211; Palatabilidade refor\u00e7ada: agrada at\u00e9 o apetites mais exigentes;&#8211; Auxilia nas defesas naturais do filhote, gra\u00e7as a um complexo de antioxidantes;&#8211; Proporciona \u00f3tima digest\u00e3o e contribui para reduzir o volume e odor das fezes;&#8211; Ra\u00e7\u00e3o super premium indicada para c\u00e3es de pequeno porte (peso de 1 a 10 kg em idade adulta) que vivem [&hellip;]<\/p>\n","protected":false},"featured_media":1410785802,"comment_status":"open","ping_status":"closed","template":"","meta":{"googlesitekit_rrm_CAow0N7NCw:productID":"","content-type":"","pmpro_default_level":"","_themeisle_gutenberg_block_has_review":false},"product_brand":[],"product_cat":[259],"product_tag":[],"class_list":{"0":"post-1410785803","1":"product","2":"type-product","3":"status-publish","4":"has-post-thumbnail","6":"product_cat-racoes-alimento-petisco-e-suplemento-caes","7":"pmpro-has-access","9":"first","10":"outofstock","11":"taxable","12":"shipping-taxable","13":"purchasable","14":"product-type-simple"},"_links":{"self":[{"href":"https:\/\/dinhosreef.com\/en\/wp-json\/wp\/v2\/product\/1410785803","targetHints":{"allow":["GET"]}}],"collection":[{"href":"https:\/\/dinhosreef.com\/en\/wp-json\/wp\/v2\/product"}],"about":[{"href":"https:\/\/dinhosreef.com\/en\/wp-json\/wp\/v2\/types\/product"}],"replies":[{"embeddable":true,"href":"https:\/\/dinhosreef.com\/en\/wp-json\/wp\/v2\/comments?post=1410785803"}],"wp:featuredmedia":[{"embeddable":true,"href":"https:\/\/dinhosreef.com\/en\/wp-json\/wp\/v2\/media\/1410785802"}],"wp:attachment":[{"href":"https:\/\/dinhosreef.com\/en\/wp-json\/wp\/v2\/media?parent=1410785803"}],"wp:term":[{"taxonomy":"product_brand","embeddable":true,"href":"https:\/\/dinhosreef.com\/en\/wp-json\/wp\/v2\/product_brand?post=1410785803"},{"taxonomy":"product_cat","embeddable":true,"href":"https:\/\/dinhosreef.com\/en\/wp-json\/wp\/v2\/product_cat?post=1410785803"},{"taxonomy":"product_tag","embeddable":true,"href":"https:\/\/dinhosreef.com\/en\/wp-json\/wp\/v2\/product_tag?post=1410785803"}],"curies":[{"name":"wp","href":"https:\/\/api.w.org\/{rel}","templated":true}]}}