{"id":1410785810,"date":"2025-09-11T09:52:10","date_gmt":"2025-09-11T12:52:10","guid":{"rendered":"https:\/\/dinhosreef.com\/produto\/favite-green\/"},"modified":"2026-03-21T17:01:20","modified_gmt":"2026-03-21T20:01:20","slug":"favite-green","status":"publish","type":"product","link":"https:\/\/dinhosreef.com\/en\/product\/favite-green\/","title":{"rendered":"Favite Green"},"content":{"rendered":"<p>Favite Green<br \/>\nFavia \u00e9 um g\u00eanero de corais pedregosos que constroem recifes da fam\u00edlia Mussidae. Os<br \/>\nmembros do g\u00eanero s\u00e3o corais coloniais maci\u00e7os ou densamente incrustados, em forma<br \/>\nde c\u00fapula ou planos, e alguns s\u00e3o foli\u00e1ceos. Existe uma grande diversidade de formas,<br \/>\nmesmo entre indiv\u00edduos da mesma esp\u00e9cie.<br \/>\nNome cient\u00edfico: Favia<br \/>\nClassifica\u00e7\u00e3o: G\u00eanero<br \/>\nOrdem: Scleractinia<br \/>\nClassifica\u00e7\u00e3o superior: Mussidae<br \/>\nCaracter\u00edsticas<br \/>\nAlimenta\u00e7\u00e3o: M\u00e9dia<br \/>\nCircula\u00e7\u00e3o: M\u00e9dia<br \/>\nIlumina\u00e7\u00e3o: M\u00e9dia<br \/>\nDificuldade: M\u00e9dia<br \/>\nAgressivo com outras esp\u00e9cies: M\u00e9dia<br \/>\nAgressivo com mesmo: N\u00e3o<\/p>","protected":false},"excerpt":{"rendered":"<p>Favite Green Favia \u00e9 um g\u00eanero de corais pedregosos que constroem recifes da fam\u00edlia Mussidae. Os membros do g\u00eanero s\u00e3o corais coloniais maci\u00e7os ou densamente incrustados, em forma de c\u00fapula ou planos, e alguns s\u00e3o foli\u00e1ceos. Existe uma grande diversidade de formas, mesmo entre indiv\u00edduos da mesma esp\u00e9cie. Nome cient\u00edfico: Favia Classifica\u00e7\u00e3o: G\u00eanero Ordem: Scleractinia [&hellip;]<\/p>\n","protected":false},"featured_media":1410785835,"comment_status":"open","ping_status":"closed","template":"","meta":{"googlesitekit_rrm_CAow0N7NCw:productID":"","content-type":"","pmpro_default_level":"","_themeisle_gutenberg_block_has_review":false},"product_brand":[],"product_cat":[176,177,180],"product_tag":[],"class_list":{"0":"post-1410785810","1":"product","2":"type-product","3":"status-publish","4":"has-post-thumbnail","6":"product_cat-corais","7":"product_cat-lps","8":"product_cat-todos","9":"product_shipping_class-animais-vivos","10":"pmpro-has-access","12":"first","13":"outofstock","14":"taxable","15":"shipping-taxable","16":"purchasable","17":"product-type-simple"},"_links":{"self":[{"href":"https:\/\/dinhosreef.com\/en\/wp-json\/wp\/v2\/product\/1410785810","targetHints":{"allow":["GET"]}}],"collection":[{"href":"https:\/\/dinhosreef.com\/en\/wp-json\/wp\/v2\/product"}],"about":[{"href":"https:\/\/dinhosreef.com\/en\/wp-json\/wp\/v2\/types\/product"}],"replies":[{"embeddable":true,"href":"https:\/\/dinhosreef.com\/en\/wp-json\/wp\/v2\/comments?post=1410785810"}],"wp:featuredmedia":[{"embeddable":true,"href":"https:\/\/dinhosreef.com\/en\/wp-json\/wp\/v2\/media\/1410785835"}],"wp:attachment":[{"href":"https:\/\/dinhosreef.com\/en\/wp-json\/wp\/v2\/media?parent=1410785810"}],"wp:term":[{"taxonomy":"product_brand","embeddable":true,"href":"https:\/\/dinhosreef.com\/en\/wp-json\/wp\/v2\/product_brand?post=1410785810"},{"taxonomy":"product_cat","embeddable":true,"href":"https:\/\/dinhosreef.com\/en\/wp-json\/wp\/v2\/product_cat?post=1410785810"},{"taxonomy":"product_tag","embeddable":true,"href":"https:\/\/dinhosreef.com\/en\/wp-json\/wp\/v2\/product_tag?post=1410785810"}],"curies":[{"name":"wp","href":"https:\/\/api.w.org\/{rel}","templated":true}]}}