{"id":1410785812,"date":"2025-09-11T09:52:13","date_gmt":"2025-09-11T12:52:13","guid":{"rendered":"https:\/\/dinhosreef.com\/produto\/favite-red\/"},"modified":"2026-03-21T17:01:06","modified_gmt":"2026-03-21T20:01:06","slug":"favite-red","status":"publish","type":"product","link":"https:\/\/dinhosreef.com\/en\/product\/favite-red\/","title":{"rendered":"Favite Red"},"content":{"rendered":"<p>Favia \u00e9 um g\u00eanero de corais pedregosos que constroem recifes da fam\u00edlia Mussidae. Os membros do g\u00eanero s\u00e3o corais coloniais maci\u00e7os ou densamente incrustados, em forma de c\u00fapula ou planos, e alguns s\u00e3o foli\u00e1ceos. Existe uma grande diversidade de formas, mesmo entre indiv\u00edduos da mesma esp\u00e9cie.<\/p>\n<p>Nome cient\u00edfico: Favia<\/p>\n<p>Classifica\u00e7\u00e3o: G\u00eanero<\/p>\n<p>Ordem: Scleractinia<\/p>\n<p>Classifica\u00e7\u00e3o superior: Mussidae<\/p>\n<p>Caracter\u00edsticas<\/p>\n<p>Alimenta\u00e7\u00e3o: M\u00e9dia<\/p>\n<p>Circula\u00e7\u00e3o: M\u00e9dia<\/p>\n<p>Ilumina\u00e7\u00e3o: M\u00e9dia<\/p>\n<p>Dificuldade: M\u00e9dia<\/p>\n<p>Agressivo com outras esp\u00e9cies : M\u00e9dia<\/p>\n<p>Agressivo com mesmo: N\u00e3o<\/p>","protected":false},"excerpt":{"rendered":"<p>Favia \u00e9 um g\u00eanero de corais pedregosos que constroem recifes da fam\u00edlia Mussidae. Os membros do g\u00eanero s\u00e3o corais coloniais maci\u00e7os ou densamente incrustados, em forma de c\u00fapula ou planos, e alguns s\u00e3o foli\u00e1ceos. Existe uma grande diversidade de formas, mesmo entre indiv\u00edduos da mesma esp\u00e9cie. Nome cient\u00edfico: Favia Classifica\u00e7\u00e3o: G\u00eanero Ordem: Scleractinia Classifica\u00e7\u00e3o superior: [&hellip;]<\/p>\n","protected":false},"featured_media":1410785811,"comment_status":"open","ping_status":"closed","template":"","meta":{"googlesitekit_rrm_CAow0N7NCw:productID":"","content-type":"","pmpro_default_level":"","_themeisle_gutenberg_block_has_review":false},"product_brand":[],"product_cat":[176,177,180],"product_tag":[],"class_list":{"0":"post-1410785812","1":"product","2":"type-product","3":"status-publish","4":"has-post-thumbnail","6":"product_cat-corais","7":"product_cat-lps","8":"product_cat-todos","9":"product_shipping_class-animais-vivos","10":"pmpro-has-access","12":"first","13":"instock","14":"taxable","15":"shipping-taxable","16":"purchasable","17":"product-type-simple"},"_links":{"self":[{"href":"https:\/\/dinhosreef.com\/en\/wp-json\/wp\/v2\/product\/1410785812","targetHints":{"allow":["GET"]}}],"collection":[{"href":"https:\/\/dinhosreef.com\/en\/wp-json\/wp\/v2\/product"}],"about":[{"href":"https:\/\/dinhosreef.com\/en\/wp-json\/wp\/v2\/types\/product"}],"replies":[{"embeddable":true,"href":"https:\/\/dinhosreef.com\/en\/wp-json\/wp\/v2\/comments?post=1410785812"}],"wp:featuredmedia":[{"embeddable":true,"href":"https:\/\/dinhosreef.com\/en\/wp-json\/wp\/v2\/media\/1410785811"}],"wp:attachment":[{"href":"https:\/\/dinhosreef.com\/en\/wp-json\/wp\/v2\/media?parent=1410785812"}],"wp:term":[{"taxonomy":"product_brand","embeddable":true,"href":"https:\/\/dinhosreef.com\/en\/wp-json\/wp\/v2\/product_brand?post=1410785812"},{"taxonomy":"product_cat","embeddable":true,"href":"https:\/\/dinhosreef.com\/en\/wp-json\/wp\/v2\/product_cat?post=1410785812"},{"taxonomy":"product_tag","embeddable":true,"href":"https:\/\/dinhosreef.com\/en\/wp-json\/wp\/v2\/product_tag?post=1410785812"}],"curies":[{"name":"wp","href":"https:\/\/api.w.org\/{rel}","templated":true}]}}