{"id":1410785827,"date":"2025-09-11T10:23:57","date_gmt":"2025-09-11T13:23:57","guid":{"rendered":"https:\/\/dinhosreef.com\/produto\/sea-apple\/"},"modified":"2026-03-21T16:49:36","modified_gmt":"2026-03-21T19:49:36","slug":"sea-apple","status":"publish","type":"product","link":"https:\/\/dinhosreef.com\/en\/product\/sea-apple\/","title":{"rendered":"Sea Apple"},"content":{"rendered":"<p>Pseudocolochirus<br \/>\nDescri\u00e7\u00e3oTraduzido do ingl\u00eas-Ma\u00e7\u00e3 do mar \u00e9 um nome comum para os pepinos do mar<br \/>\ncoloridos e um tanto redondos do g\u00eanero Pseudocolochirus, encontrados nas \u00e1guas do<br \/>\nIndo-Pac\u00edfico. As ma\u00e7\u00e3s do mar s\u00e3o alimentadores de filtro com tent\u00e1culos, corpos<br \/>\novados e p\u00e9s em forma de tubo.<br \/>\nFam\u00edlia: Cucumariidae<br \/>\nFilo: Echinodermata<br \/>\nG\u00eanero: Pseudocolochirus; Pearson, 1910<br \/>\nClasse: Pepino-do-mar<br \/>\nOrdem: Dendrochirotida<br \/>\nCaracter\u00edsticas<br \/>\nAlimenta\u00e7\u00e3o: F\u00e1cil\/Filtrador<br \/>\nCircula\u00e7\u00e3o: M\u00e9dia\/Forte<br \/>\nIlumina\u00e7\u00e3o: Fraca\/ m\u00e9dia<br \/>\nDificuldade: Baixa<br \/>\nAgressivo com outras esp\u00e9cies: N\u00e3o<br \/>\nAgressivo com mesmo: N\u00e3o<\/p>","protected":false},"excerpt":{"rendered":"<p>Pseudocolochirus Descri\u00e7\u00e3oTraduzido do ingl\u00eas-Ma\u00e7\u00e3 do mar \u00e9 um nome comum para os pepinos do mar coloridos e um tanto redondos do g\u00eanero Pseudocolochirus, encontrados nas \u00e1guas do Indo-Pac\u00edfico. As ma\u00e7\u00e3s do mar s\u00e3o alimentadores de filtro com tent\u00e1culos, corpos ovados e p\u00e9s em forma de tubo. Fam\u00edlia: Cucumariidae Filo: Echinodermata G\u00eanero: Pseudocolochirus; Pearson, 1910 Classe: [&hellip;]<\/p>\n","protected":false},"featured_media":1410785832,"comment_status":"open","ping_status":"closed","template":"","meta":{"googlesitekit_rrm_CAow0N7NCw:productID":"","content-type":"","pmpro_default_level":"","_themeisle_gutenberg_block_has_review":false},"product_brand":[],"product_cat":[182,233,184],"product_tag":[],"class_list":{"0":"post-1410785827","1":"product","2":"type-product","3":"status-publish","4":"has-post-thumbnail","6":"product_cat-invertebrados-marinho","7":"product_cat-cucumber","8":"product_cat-todos-invertebrados-marinho","9":"product_shipping_class-animais-vivos","10":"pmpro-has-access","12":"first","13":"outofstock","14":"taxable","15":"shipping-taxable","16":"purchasable","17":"product-type-simple"},"_links":{"self":[{"href":"https:\/\/dinhosreef.com\/en\/wp-json\/wp\/v2\/product\/1410785827","targetHints":{"allow":["GET"]}}],"collection":[{"href":"https:\/\/dinhosreef.com\/en\/wp-json\/wp\/v2\/product"}],"about":[{"href":"https:\/\/dinhosreef.com\/en\/wp-json\/wp\/v2\/types\/product"}],"replies":[{"embeddable":true,"href":"https:\/\/dinhosreef.com\/en\/wp-json\/wp\/v2\/comments?post=1410785827"}],"wp:featuredmedia":[{"embeddable":true,"href":"https:\/\/dinhosreef.com\/en\/wp-json\/wp\/v2\/media\/1410785832"}],"wp:attachment":[{"href":"https:\/\/dinhosreef.com\/en\/wp-json\/wp\/v2\/media?parent=1410785827"}],"wp:term":[{"taxonomy":"product_brand","embeddable":true,"href":"https:\/\/dinhosreef.com\/en\/wp-json\/wp\/v2\/product_brand?post=1410785827"},{"taxonomy":"product_cat","embeddable":true,"href":"https:\/\/dinhosreef.com\/en\/wp-json\/wp\/v2\/product_cat?post=1410785827"},{"taxonomy":"product_tag","embeddable":true,"href":"https:\/\/dinhosreef.com\/en\/wp-json\/wp\/v2\/product_tag?post=1410785827"}],"curies":[{"name":"wp","href":"https:\/\/api.w.org\/{rel}","templated":true}]}}