{"id":1410785864,"date":"2025-09-12T21:24:12","date_gmt":"2025-09-13T00:24:12","guid":{"rendered":"https:\/\/dinhosreef.com\/produto\/garra-panda-garra-flavatra\/"},"modified":"2026-03-21T16:08:14","modified_gmt":"2026-03-21T19:08:14","slug":"garra-panda-garra-flavatra","status":"publish","type":"product","link":"https:\/\/dinhosreef.com\/en\/product\/garra-panda-garra-flavatra\/","title":{"rendered":"Garra Panda (Garra flavatra)"},"content":{"rendered":"<p><strong>Nome:<\/strong>\u00a0Garra Panda, Panda Nibblefish, Striped Garra, Rainbow garra, Panda Garra<\/p>\n<p><strong>Nome Cient\u00edfico:\u00a0<\/strong><em>Garra flavatra<\/em>\u00a0(Kullander &amp; Fang, 2004)<br \/>\n<strong>Fam\u00edlia:\u00a0<\/strong><a href=\"https:\/\/myaquarium.com.br\/artigos\/peixes\/peixes-de-agua-doce\/familia-cyprinidae\/\" target=\"_blank\" rel=\"noopener\">Cyprinidae<\/a><\/p>\n<p><strong>Origem da Esp\u00e9cie:<\/strong>\u00a0\u00c1sia (Mianmar)<\/p>\n<p><strong>Comprimento:<\/strong>\u00a0At\u00e9 6.2 cm<\/p>\n<p><strong>Expectativa de Vida:\u00a0<\/strong>At\u00e9 6 anos<\/p>\n<p><strong>N\u00edvel de Dificuldade:\u00a0<\/strong>F\u00e1cil \/ Moderado<br \/>\n<strong>Dureza da \u00e1gua:\u00a0<\/strong>Entre 2 \u2013 12<\/p>\n<p><strong>Temperatura:\u00a0<\/strong>Manter entre 21\u00b0C \u2013 25\u00b0C<\/p>\n<h2 id=\"parametros-da-agua\" class=\"wp-block-heading\"><u><strong>Par\u00e2metros da \u00c1gua:<\/strong><\/u><strong>\u00a0<\/strong>pH:\u00a0Manter entre 6.5 \u2013 7.5;<\/h2>\n<p>O Garra Panda (<em>Garra flavatra<\/em>) \u00e9 um peixinho atraente, ativo e bastante divertido para se ter em um aqu\u00e1rio de \u00e1gua doce. Devido ao seu comportamento interessante e bela colora\u00e7\u00e3o, a esp\u00e9cie \u00e9 f\u00e1cil de reconhecer e tornou-se uma das preferidas de muitos aquaristas ao redor do mundo.<\/p>\n<p>Esses peixes s\u00e3o end\u00eamicos da cordilheira Arakan e Rakhine Yoma, no estado de Rakhine, oeste de Mianmar, \u00c1sia. Eles habitam riachos muito rasos, de fluxo lento, com vegeta\u00e7\u00e3o baixa e ricos em oxig\u00eanio, assim como tamb\u00e9m pequenas piscinas naturais com substratos mistos formados por cascalhos, seixos e rochas.<\/p>\n<div>\n<p>O padr\u00e3o de cores do Garra Panda pode variar bastante, com alguns exibindo manchas amarelas ou vermelhas muito intensas, mas ainda n\u00e3o est\u00e1 muito claro se essas diferen\u00e7as representam varia\u00e7\u00e3o natural dentro de popula\u00e7\u00f5es da esp\u00e9cie. O Garra Panda \u00e9 o \u00fanico membro do g\u00eanero\u00a0<em>Garra<\/em>\u00a0que possui barras laterais alternadas de marrom claro \u00e0 escuro e marcas vermelhas nas barbatanas.<\/p>\n<p>No geral, a esp\u00e9cie \u00e9 considerada f\u00e1cil de manter, embora precise viver em grupos para se sentir mais confort\u00e1vel e segura.<\/p>\n<p><strong><u>Alimenta\u00e7\u00e3o:<\/u>\u00a0<\/strong>Embora o Garra Panda seja um excelente\u00a0<a href=\"https:\/\/myaquarium.com.br\/artigos\/aquarios-de-agua-doce\/os-5-melhores-peixes-comedores-de-algas-para-aquarios\/\" target=\"_blank\" rel=\"noopener\">comedor de algas<\/a>, ainda assim a esp\u00e9cie necessita de uma dieta variada para se manter saud\u00e1vel.<\/p>\n<p>Voc\u00ea deve oferecer alimentos ricos em prote\u00ednas como, por exemplo, art\u00eamias vivas ou congeladas, minhocas, camar\u00e3o picado e tubifex, assim como tamb\u00e9m ra\u00e7\u00f5es em pellets de alta qualidade.<\/p>\n<p>As ra\u00e7\u00f5es em especial devem ser ricas em mat\u00e9ria vegetal, como a spirulina.<\/p>\n<p><strong><u>Compatibilidade:<\/u>\u00a0<\/strong>Como j\u00e1 mencionei antes, o Garra Panda prefere viver em grupos com no m\u00ednimo 5 indiv\u00edduos de sua esp\u00e9cie. Se souber escolher seus companheiros de aqu\u00e1rio com cuidado, \u00e9 bem prov\u00e1vel que n\u00e3o haja problemas com agressividade.<\/p>\n<p>Embora seja um peixe pac\u00edfico, ainda assim pode acabar brigando entre eles de vez em quando. Claro, \u00e9 uma boa ideia estar sempre monitorando o comportamento desses peixes para evitar problemas.<\/p>\n<p>Voc\u00ea pode adicion\u00e1-los, por exemplo,\u00a0com\u00a0<a href=\"https:\/\/myaquarium.com.br\/artigos\/aquarios-de-agua-doce\/top-7-peixes-compativeis-com-o-barbo-sumatra\/\" target=\"_blank\" rel=\"noopener\">Barbos<\/a>,\u00a0<a href=\"https:\/\/myaquarium.com.br\/artigos\/aquarios-de-agua-doce\/top-7-especies-de-peixe-tetra-para-criar-em-um-aquario\/\" target=\"_blank\" rel=\"noopener\">Tetras<\/a>,\u00a0<a href=\"https:\/\/myaquarium.com.br\/artigos\/aquarios-de-agua-doce\/por-que-voce-precisa-ter-um-peixe-cascudo-no-aquario-veja-os-3-principais-motivos\/\" target=\"_blank\" rel=\"noopener\">Cascudos<\/a>,\u00a0<a href=\"https:\/\/myaquarium.com.br\/artigos\/aquarios-de-agua-doce\/confira-8-lindas-especies-de-coridora-para-voce-colocar-no-seu-aquario\/\" target=\"_blank\" rel=\"noopener\">Coridoras<\/a>,\u00a0<a href=\"https:\/\/myaquarium.com.br\/artigos\/aquarios-de-agua-doce\/7-lindas-especies-de-rasboras-que-voce-precisa-conhecer\/\" target=\"_blank\" rel=\"noopener\">Rasboras<\/a>,\u00a0<a href=\"https:\/\/myaquarium.com.br\/peixes\/peixes-de-agua-doce\/paulistinha-danio-rerio\/\" target=\"_blank\" rel=\"noopener\">Paulistinhas<\/a>,\u00a0entre outros.<\/p>\n<p><strong><u>Reprodu\u00e7\u00e3o \/ Acasalamento:<\/u>\u00a0<\/strong>O Garra Panda costuma desovar entre maio e julho. Ent\u00e3o, para instigar a desova, voc\u00ea deve aliment\u00e1-los com alimentos vivos e uma dieta rica em algas. Os machos ir\u00e3o desenvolver tub\u00e9rculos na cabe\u00e7a quando estiverem prontos para desovar, enquanto as f\u00eameas ficar\u00e3o visivelmente mais gordinhas.<\/p>\n<p>Uma vez que eles entrem em condi\u00e7\u00e3o de desova, voc\u00ea deve selecionar um casal e mov\u00ea-los para um aqu\u00e1rio menor, altamente oxigenado e com corrente moderada.<\/p>\n<p>Na manha seguinte, os ovos ser\u00e3o colocados e eclodir\u00e3o dentro de 24 e 30 horas. Assim que nascem, os alevinos j\u00e1 nadam livremente pelo aqu\u00e1rio e podem ser alimentados com gema de ovo ou alimentos espec\u00edficos para filhotes.<\/p>\n<p>Por fim, acredita-se que o fluxo constante de \u00e1gua estimule a alimenta\u00e7\u00e3o e a taxa de crescimento deles.<\/p>\n<\/div>","protected":false},"excerpt":{"rendered":"<p>Nome:\u00a0Garra Panda, Panda Nibblefish, Striped Garra, Rainbow garra, Panda Garra Nome Cient\u00edfico:\u00a0Garra flavatra\u00a0(Kullander &amp; Fang, 2004) Fam\u00edlia:\u00a0Cyprinidae Origem da Esp\u00e9cie:\u00a0\u00c1sia (Mianmar) Comprimento:\u00a0At\u00e9 6.2 cm Expectativa de Vida:\u00a0At\u00e9 6 anos N\u00edvel de Dificuldade:\u00a0F\u00e1cil \/ Moderado Dureza da \u00e1gua:\u00a0Entre 2 \u2013 12 Temperatura:\u00a0Manter entre 21\u00b0C \u2013 25\u00b0C Par\u00e2metros da \u00c1gua:\u00a0pH:\u00a0Manter entre 6.5 \u2013 7.5; O Garra Panda [&hellip;]<\/p>\n","protected":false},"featured_media":1410785863,"comment_status":"open","ping_status":"closed","template":"","meta":{"googlesitekit_rrm_CAow0N7NCw:productID":"","content-type":"","pmpro_default_level":"","_themeisle_gutenberg_block_has_review":false},"product_brand":[],"product_cat":[186,207,205],"product_tag":[],"class_list":{"0":"post-1410785864","1":"product","2":"type-product","3":"status-publish","4":"has-post-thumbnail","6":"product_cat-animais-vivos","7":"product_cat-algae-eater","8":"product_cat-peixes-agua-doce","9":"product_shipping_class-animais-vivos","10":"pmpro-has-access","12":"first","13":"outofstock","14":"taxable","15":"shipping-taxable","16":"purchasable","17":"product-type-simple"},"_links":{"self":[{"href":"https:\/\/dinhosreef.com\/en\/wp-json\/wp\/v2\/product\/1410785864","targetHints":{"allow":["GET"]}}],"collection":[{"href":"https:\/\/dinhosreef.com\/en\/wp-json\/wp\/v2\/product"}],"about":[{"href":"https:\/\/dinhosreef.com\/en\/wp-json\/wp\/v2\/types\/product"}],"replies":[{"embeddable":true,"href":"https:\/\/dinhosreef.com\/en\/wp-json\/wp\/v2\/comments?post=1410785864"}],"wp:featuredmedia":[{"embeddable":true,"href":"https:\/\/dinhosreef.com\/en\/wp-json\/wp\/v2\/media\/1410785863"}],"wp:attachment":[{"href":"https:\/\/dinhosreef.com\/en\/wp-json\/wp\/v2\/media?parent=1410785864"}],"wp:term":[{"taxonomy":"product_brand","embeddable":true,"href":"https:\/\/dinhosreef.com\/en\/wp-json\/wp\/v2\/product_brand?post=1410785864"},{"taxonomy":"product_cat","embeddable":true,"href":"https:\/\/dinhosreef.com\/en\/wp-json\/wp\/v2\/product_cat?post=1410785864"},{"taxonomy":"product_tag","embeddable":true,"href":"https:\/\/dinhosreef.com\/en\/wp-json\/wp\/v2\/product_tag?post=1410785864"}],"curies":[{"name":"wp","href":"https:\/\/api.w.org\/{rel}","templated":true}]}}