{"id":1410785998,"date":"2025-09-18T14:11:12","date_gmt":"2025-09-18T17:11:12","guid":{"rendered":"https:\/\/dinhosreef.com\/produto\/bluehead-thalassoma\/"},"modified":"2026-03-21T14:58:26","modified_gmt":"2026-03-21T17:58:26","slug":"bluehead-thalassoma","status":"publish","type":"product","link":"https:\/\/dinhosreef.com\/en\/product\/bluehead-thalassoma\/","title":{"rendered":"Bluehead Thalassoma"},"content":{"rendered":"<p data-start=\"142\" data-end=\"224\">Peixe Bluehead Thalassoma Macho &#8211; Esp\u00e9cime Saud\u00e1vel e Ativo<\/p>\n<p data-start=\"226\" data-end=\"240\"><strong data-start=\"226\" data-end=\"240\">Descri\u00e7\u00e3o:<\/strong><\/p>\n<p data-start=\"242\" data-end=\"377\">Peixe Bluehead Thalassoma (Thalassoma bifasciatum) &#8211; Macho<br data-start=\"300\" data-end=\"303\" \/>Esp\u00e9cime de excelente qualidade, saud\u00e1vel, ativo e com colora\u00e7\u00e3o vibrante.<\/p>\n<p data-start=\"379\" data-end=\"399\"><strong data-start=\"379\" data-end=\"399\">Caracter\u00edsticas:<\/strong><\/p>\n<ul data-start=\"400\" data-end=\"834\">\n<li data-start=\"400\" data-end=\"435\">\n<p data-start=\"402\" data-end=\"435\">Esp\u00e9cie: Thalassoma bifasciatum<\/p>\n<\/li>\n<li data-start=\"436\" data-end=\"451\">\n<p data-start=\"438\" data-end=\"451\">Sexo: Macho<\/p>\n<\/li>\n<li data-start=\"452\" data-end=\"504\">\n<p data-start=\"454\" data-end=\"504\">Tamanho: Aproximadamente [inserir tamanho em cm]\n<\/li>\n<li data-start=\"505\" data-end=\"611\">\n<p data-start=\"507\" data-end=\"611\">Alimenta\u00e7\u00e3o: Ra\u00e7\u00f5es espec\u00edficas para peixes marinhos, pequenos crust\u00e1ceos e alimentos vivos\/congelados<\/p>\n<\/li>\n<li data-start=\"612\" data-end=\"713\">\n<p data-start=\"614\" data-end=\"713\">Temperamento: Ativo, compat\u00edvel com aqu\u00e1rios comunit\u00e1rios marinhos com peixes de porte semelhante<\/p>\n<\/li>\n<li data-start=\"714\" data-end=\"834\">\n<p data-start=\"716\" data-end=\"834\">Requisitos do aqu\u00e1rio: M\u00ednimo de 200 litros, ambiente marinho bem estabilizado, com rochas vivas e espa\u00e7o para nata\u00e7\u00e3o<\/p>\n<\/li>\n<\/ul>\n<p data-start=\"836\" data-end=\"852\"><strong data-start=\"836\" data-end=\"852\">Observa\u00e7\u00f5es:<\/strong><\/p>\n<ul data-start=\"853\" data-end=\"1210\">\n<li data-start=\"853\" data-end=\"934\">\n<p data-start=\"855\" data-end=\"934\">N\u00e3o recomendado para aqu\u00e1rios com invertebrados pequenos, pois pode pred\u00e1-los<\/p>\n<\/li>\n<li data-start=\"935\" data-end=\"997\">\n<p data-start=\"937\" data-end=\"997\">Ideal para aquaristas com experi\u00eancia em aquarismo marinho<\/p>\n<\/li>\n<li data-start=\"998\" data-end=\"1083\">\n<p data-start=\"1000\" data-end=\"1083\">Envio dispon\u00edvel apenas para regi\u00f5es com suporte para transporte de animais vivos<\/p>\n<\/li>\n<li data-start=\"1084\" data-end=\"1210\">\n<p data-start=\"1086\" data-end=\"1210\">Embalagem especializada com oxig\u00eanio e sistema de isolamento t\u00e9rmico para garantir a seguran\u00e7a do peixe durante o transporte<\/p>\n<\/li>\n<\/ul>\n","protected":false},"excerpt":{"rendered":"<p>Peixe Bluehead Thalassoma Macho &#8211; Esp\u00e9cime Saud\u00e1vel e Ativo Descri\u00e7\u00e3o: Peixe Bluehead Thalassoma (Thalassoma bifasciatum) &#8211; MachoEsp\u00e9cime de excelente qualidade, saud\u00e1vel, ativo e com colora\u00e7\u00e3o vibrante. Caracter\u00edsticas: Esp\u00e9cie: Thalassoma bifasciatum Sexo: Macho Tamanho: Aproximadamente [inserir tamanho em cm] Alimenta\u00e7\u00e3o: Ra\u00e7\u00f5es espec\u00edficas para peixes marinhos, pequenos crust\u00e1ceos e alimentos vivos\/congelados Temperamento: Ativo, compat\u00edvel com aqu\u00e1rios comunit\u00e1rios [&hellip;]<\/p>\n","protected":false},"featured_media":1410785997,"comment_status":"open","ping_status":"closed","template":"","meta":{"googlesitekit_rrm_CAow0N7NCw:productID":"","content-type":"","pmpro_default_level":"","_themeisle_gutenberg_block_has_review":false},"product_brand":[],"product_cat":[170,220,204],"product_tag":[],"class_list":{"0":"post-1410785998","1":"product","2":"type-product","3":"status-publish","4":"has-post-thumbnail","6":"product_cat-peixes-marinhos","7":"product_cat-todos-os-peixes-de-agua-salgada","8":"product_cat-wrasses","9":"product_shipping_class-animais-vivos","10":"pmpro-has-access","12":"first","13":"outofstock","14":"taxable","15":"shipping-taxable","16":"purchasable","17":"product-type-simple"},"_links":{"self":[{"href":"https:\/\/dinhosreef.com\/en\/wp-json\/wp\/v2\/product\/1410785998","targetHints":{"allow":["GET"]}}],"collection":[{"href":"https:\/\/dinhosreef.com\/en\/wp-json\/wp\/v2\/product"}],"about":[{"href":"https:\/\/dinhosreef.com\/en\/wp-json\/wp\/v2\/types\/product"}],"replies":[{"embeddable":true,"href":"https:\/\/dinhosreef.com\/en\/wp-json\/wp\/v2\/comments?post=1410785998"}],"wp:featuredmedia":[{"embeddable":true,"href":"https:\/\/dinhosreef.com\/en\/wp-json\/wp\/v2\/media\/1410785997"}],"wp:attachment":[{"href":"https:\/\/dinhosreef.com\/en\/wp-json\/wp\/v2\/media?parent=1410785998"}],"wp:term":[{"taxonomy":"product_brand","embeddable":true,"href":"https:\/\/dinhosreef.com\/en\/wp-json\/wp\/v2\/product_brand?post=1410785998"},{"taxonomy":"product_cat","embeddable":true,"href":"https:\/\/dinhosreef.com\/en\/wp-json\/wp\/v2\/product_cat?post=1410785998"},{"taxonomy":"product_tag","embeddable":true,"href":"https:\/\/dinhosreef.com\/en\/wp-json\/wp\/v2\/product_tag?post=1410785998"}],"curies":[{"name":"wp","href":"https:\/\/api.w.org\/{rel}","templated":true}]}}