{"id":1410786022,"date":"2025-09-20T08:33:42","date_gmt":"2025-09-20T11:33:42","guid":{"rendered":"https:\/\/dinhosreef.com\/produto\/angel-bicolor-bicolor-angelfish-indo\/"},"modified":"2026-01-07T15:57:56","modified_gmt":"2026-01-07T18:57:56","slug":"angel-bicolor-bicolor-angelfish-indo","status":"publish","type":"product","link":"https:\/\/dinhosreef.com\/en\/product\/angel-bicolor-bicolor-angelfish-indo\/","title":{"rendered":"Angel Bicolor Bicolor Angelfish INDO"},"content":{"rendered":"<p>Centropigue Bicolor (Centropyge bicolor)<\/p>\n<p>Fam\u00edlia: Pomacanthidae<\/p>\n<p>Temperatura: 24 &#8211; 27\u00baC<br \/>\nDensidade da \u00e1gua: 1,023 &#8211; 1,025 Dh<br \/>\nTamanho: 15 cm<br \/>\nCaracter\u00edsticas: O Angelfish bicolor (Centropyge bicolor) \u00e9 um bel\u00edssimo e inconfund\u00edvel peixe de exuberante colora\u00e7\u00e3o. Deve-se adicionar esse peixe apenas em aqu\u00e1rios bem estabelecidos, com rochas vivas e estabilizado biologicamente, pois o Angel bicolor deve ter espa\u00e7o para pastar at\u00e9 se acostumar com alimentos granulados. Deve-se oferecer art\u00eamia e alimentos com spirulina. N\u00e3o \u00e9 o anjo mais indicado para aqu\u00e1rios de recifes, pois ele tem o instinto de &#8220;beliscar&#8221; o tecido de alguns corais, por\u00e9m \u00e9 muito capaz de viver em aqu\u00e1rios onde haja mushroom&#8217;s e zoanthus. \u00d3timo para aqu\u00e1rios comunit\u00e1rios e que se adapta a qualquer tipo de ra\u00e7\u00e3o. Varie a dieta para que peramane\u00e7a com a colora\u00e7\u00e3o bem definida.<br \/>\npH: 8,0 &#8211; 9,0<\/p>","protected":false},"excerpt":{"rendered":"<p>Centropigue Bicolor (Centropyge bicolor) Fam\u00edlia: Pomacanthidae Temperatura: 24 &#8211; 27\u00baC Densidade da \u00e1gua: 1,023 &#8211; 1,025 Dh Tamanho: 15 cm Caracter\u00edsticas: O Angelfish bicolor (Centropyge bicolor) \u00e9 um bel\u00edssimo e inconfund\u00edvel peixe de exuberante colora\u00e7\u00e3o. Deve-se adicionar esse peixe apenas em aqu\u00e1rios bem estabelecidos, com rochas vivas e estabilizado biologicamente, pois o Angel bicolor deve [&hellip;]<\/p>\n","protected":false},"featured_media":1410786021,"comment_status":"open","ping_status":"closed","template":"","meta":{"googlesitekit_rrm_CAow0N7NCw:productID":"","content-type":"","pmpro_default_level":"","_themeisle_gutenberg_block_has_review":false},"product_brand":[],"product_cat":[170,187,220],"product_tag":[],"class_list":{"0":"post-1410786022","1":"product","2":"type-product","3":"status-publish","4":"has-post-thumbnail","6":"product_cat-peixes-marinhos","7":"product_cat-anjos","8":"product_cat-todos-os-peixes-de-agua-salgada","9":"pmpro-has-access","11":"first","12":"outofstock","13":"taxable","14":"shipping-taxable","15":"purchasable","16":"product-type-simple"},"_links":{"self":[{"href":"https:\/\/dinhosreef.com\/en\/wp-json\/wp\/v2\/product\/1410786022","targetHints":{"allow":["GET"]}}],"collection":[{"href":"https:\/\/dinhosreef.com\/en\/wp-json\/wp\/v2\/product"}],"about":[{"href":"https:\/\/dinhosreef.com\/en\/wp-json\/wp\/v2\/types\/product"}],"replies":[{"embeddable":true,"href":"https:\/\/dinhosreef.com\/en\/wp-json\/wp\/v2\/comments?post=1410786022"}],"wp:featuredmedia":[{"embeddable":true,"href":"https:\/\/dinhosreef.com\/en\/wp-json\/wp\/v2\/media\/1410786021"}],"wp:attachment":[{"href":"https:\/\/dinhosreef.com\/en\/wp-json\/wp\/v2\/media?parent=1410786022"}],"wp:term":[{"taxonomy":"product_brand","embeddable":true,"href":"https:\/\/dinhosreef.com\/en\/wp-json\/wp\/v2\/product_brand?post=1410786022"},{"taxonomy":"product_cat","embeddable":true,"href":"https:\/\/dinhosreef.com\/en\/wp-json\/wp\/v2\/product_cat?post=1410786022"},{"taxonomy":"product_tag","embeddable":true,"href":"https:\/\/dinhosreef.com\/en\/wp-json\/wp\/v2\/product_tag?post=1410786022"}],"curies":[{"name":"wp","href":"https:\/\/api.w.org\/{rel}","templated":true}]}}