{"id":1410786042,"date":"2025-09-20T08:52:41","date_gmt":"2025-09-20T11:52:41","guid":{"rendered":"https:\/\/dinhosreef.com\/produto\/yellow-mimic-tang-adult-chocolate-tang\/"},"modified":"2026-03-21T14:59:51","modified_gmt":"2026-03-21T17:59:51","slug":"yellow-mimic-tang-adult-chocolate-tang","status":"publish","type":"product","link":"https:\/\/dinhosreef.com\/en\/product\/yellow-mimic-tang-adult-chocolate-tang\/","title":{"rendered":"Yellow MIMIC Tang ADULT (Chocolate Tang)"},"content":{"rendered":"<p>Peixe mais ou menos 6\u00a0 anos de aquario<\/p>\n<p>&nbsp;<\/p>\n<p>REEF SAFE<\/p>\n<p>SOCIABILIDADE: FACIL<\/p>\n<p>ALIMENTA\u00c7\u00c3O: RA\u00c7\u00c3O EM GERAL \/ ALGAS<\/p>\n<p>TAMANHO MINIMO DO AQUARIO: 300L<\/p>\n<p>FOTO ILUSTRATIVA<\/p>\n<p>SUJEITO A DISPONIBILIDADE<\/p>","protected":false},"excerpt":{"rendered":"<p>Peixe mais ou menos 6\u00a0 anos de aquario &nbsp; REEF SAFE SOCIABILIDADE: FACIL ALIMENTA\u00c7\u00c3O: RA\u00c7\u00c3O EM GERAL \/ ALGAS TAMANHO MINIMO DO AQUARIO: 300L FOTO ILUSTRATIVA SUJEITO A DISPONIBILIDADE<\/p>","protected":false},"featured_media":1410786041,"comment_status":"open","ping_status":"closed","template":"","meta":{"googlesitekit_rrm_CAow0N7NCw:productID":"","content-type":"","pmpro_default_level":"","_themeisle_gutenberg_block_has_review":false},"product_brand":[],"product_cat":[170,202,220],"product_tag":[],"class_list":{"0":"post-1410786042","1":"product","2":"type-product","3":"status-publish","4":"has-post-thumbnail","6":"product_cat-peixes-marinhos","7":"product_cat-tangs-e-cirurgioes","8":"product_cat-todos-os-peixes-de-agua-salgada","9":"product_shipping_class-animais-vivos","10":"pmpro-has-access","12":"first","13":"instock","14":"taxable","15":"shipping-taxable","16":"purchasable","17":"product-type-variable"},"_links":{"self":[{"href":"https:\/\/dinhosreef.com\/en\/wp-json\/wp\/v2\/product\/1410786042","targetHints":{"allow":["GET"]}}],"collection":[{"href":"https:\/\/dinhosreef.com\/en\/wp-json\/wp\/v2\/product"}],"about":[{"href":"https:\/\/dinhosreef.com\/en\/wp-json\/wp\/v2\/types\/product"}],"replies":[{"embeddable":true,"href":"https:\/\/dinhosreef.com\/en\/wp-json\/wp\/v2\/comments?post=1410786042"}],"wp:featuredmedia":[{"embeddable":true,"href":"https:\/\/dinhosreef.com\/en\/wp-json\/wp\/v2\/media\/1410786041"}],"wp:attachment":[{"href":"https:\/\/dinhosreef.com\/en\/wp-json\/wp\/v2\/media?parent=1410786042"}],"wp:term":[{"taxonomy":"product_brand","embeddable":true,"href":"https:\/\/dinhosreef.com\/en\/wp-json\/wp\/v2\/product_brand?post=1410786042"},{"taxonomy":"product_cat","embeddable":true,"href":"https:\/\/dinhosreef.com\/en\/wp-json\/wp\/v2\/product_cat?post=1410786042"},{"taxonomy":"product_tag","embeddable":true,"href":"https:\/\/dinhosreef.com\/en\/wp-json\/wp\/v2\/product_tag?post=1410786042"}],"curies":[{"name":"wp","href":"https:\/\/api.w.org\/{rel}","templated":true}]}}