{"id":1410786047,"date":"2025-09-20T08:52:53","date_gmt":"2025-09-20T11:52:53","guid":{"rendered":"https:\/\/dinhosreef.com\/produto\/mustard-tang\/"},"modified":"2025-09-20T08:55:28","modified_gmt":"2025-09-20T11:55:28","slug":"mustard-tang","status":"publish","type":"product","link":"https:\/\/dinhosreef.com\/en\/product\/mustard-tang\/","title":{"rendered":"Mustard Tang"},"content":{"rendered":"<p><span dir=\"auto\">O peixe-cirurgi\u00e3o-mostarda, tamb\u00e9m conhecido como peixe-cirurgi\u00e3o-de-manchas-brancas, ocorre em grandes cardumes no recife. O corpo do peixe \u00e9 cinza com duas listras prateadas na metade frontal, e a metade traseira \u00e9 pontilhada com muitas manchas brancas. A cauda e as nadadeiras p\u00e9lvicas s\u00e3o de um amarelo marcante que contrasta com a cor cinza do peixe.<\/span><\/p>\n<p><span dir=\"auto\">Um aqu\u00e1rio de 1.000 litros ou mais \u00e9 necess\u00e1rio para proporcionar bastante espa\u00e7o para o peixe-tigre-mostarda. Um aqu\u00e1rio decorado com grandes quantidades de rocha viva \u00e9 ideal tanto para pasto quanto para se esconder. \u00c9 agressivo com outros peixes-tigres e cirurgi\u00f5es, mas pac\u00edfico com outros peixes.<\/span><\/p>\n<p><span dir=\"auto\">Embora os Tangs comam alimentos carnudos junto com os outros peixes do aqu\u00e1rio, \u00e9 importante que lhes sejam oferecidas muitas algas marinhas. Isso fortalecer\u00e1 seu sistema imunol\u00f3gico, reduzir\u00e1 a agressividade e melhorar\u00e1 sua sa\u00fade geral. Ofere\u00e7a algas marinhas secas amarradas a uma pedra ou use um clipe de alface e alimente-os pelo menos 3 vezes por semana. Vegetais marinhos, salada de algas marinhas e Ocean Nutrition s\u00e3o produtos ideais e muito f\u00e1ceis de usar.<\/span><\/p>\n<p><strong><span dir=\"auto\">Tamanho aproximado de compra:<\/span><\/strong><span dir=\"auto\">\u00a0Pequeno: 1-1\/2&#8243; a 2-1\/4&#8243;; Pequeno: 2-1\/4&#8243; a 3&#8243;; M\u00e9dio: 3&#8243; a 4&#8243;; Grande: 4&#8243; a 5&#8243;; Extra Grande: 5&#8243; a 7&#8243;; Extra Grande 7&#8243; a 9&#8243;<\/span><\/p>","protected":false},"excerpt":{"rendered":"<p>O peixe-cirurgi\u00e3o-mostarda, tamb\u00e9m conhecido como peixe-cirurgi\u00e3o-de-manchas-brancas, ocorre em grandes cardumes no recife. O corpo do peixe \u00e9 cinza com duas listras prateadas na metade frontal, e a metade traseira \u00e9 pontilhada com muitas manchas brancas. A cauda e as nadadeiras p\u00e9lvicas s\u00e3o de um amarelo marcante que contrasta com a cor cinza do peixe. Um [&hellip;]<\/p>\n","protected":false},"featured_media":1410786046,"comment_status":"open","ping_status":"closed","template":"","meta":{"googlesitekit_rrm_CAow0N7NCw:productID":"","content-type":"","pmpro_default_level":"","_themeisle_gutenberg_block_has_review":false},"product_brand":[],"product_cat":[170,202,220],"product_tag":[],"class_list":{"0":"post-1410786047","1":"product","2":"type-product","3":"status-publish","4":"has-post-thumbnail","6":"product_cat-peixes-marinhos","7":"product_cat-tangs-e-cirurgioes","8":"product_cat-todos-os-peixes-de-agua-salgada","9":"pmpro-has-access","11":"first","12":"outofstock","13":"taxable","14":"shipping-taxable","15":"purchasable","16":"product-type-simple"},"_links":{"self":[{"href":"https:\/\/dinhosreef.com\/en\/wp-json\/wp\/v2\/product\/1410786047","targetHints":{"allow":["GET"]}}],"collection":[{"href":"https:\/\/dinhosreef.com\/en\/wp-json\/wp\/v2\/product"}],"about":[{"href":"https:\/\/dinhosreef.com\/en\/wp-json\/wp\/v2\/types\/product"}],"replies":[{"embeddable":true,"href":"https:\/\/dinhosreef.com\/en\/wp-json\/wp\/v2\/comments?post=1410786047"}],"wp:featuredmedia":[{"embeddable":true,"href":"https:\/\/dinhosreef.com\/en\/wp-json\/wp\/v2\/media\/1410786046"}],"wp:attachment":[{"href":"https:\/\/dinhosreef.com\/en\/wp-json\/wp\/v2\/media?parent=1410786047"}],"wp:term":[{"taxonomy":"product_brand","embeddable":true,"href":"https:\/\/dinhosreef.com\/en\/wp-json\/wp\/v2\/product_brand?post=1410786047"},{"taxonomy":"product_cat","embeddable":true,"href":"https:\/\/dinhosreef.com\/en\/wp-json\/wp\/v2\/product_cat?post=1410786047"},{"taxonomy":"product_tag","embeddable":true,"href":"https:\/\/dinhosreef.com\/en\/wp-json\/wp\/v2\/product_tag?post=1410786047"}],"curies":[{"name":"wp","href":"https:\/\/api.w.org\/{rel}","templated":true}]}}