{"id":1410786055,"date":"2025-09-20T10:12:08","date_gmt":"2025-09-20T13:12:08","guid":{"rendered":"https:\/\/dinhosreef.com\/produto\/racao-cat-chow-purina-adultos-carne-101-kg\/"},"modified":"2026-04-14T09:47:24","modified_gmt":"2026-04-14T12:47:24","slug":"racao-cat-chow-purina-adultos-carne-101-kg","status":"publish","type":"product","link":"https:\/\/dinhosreef.com\/en\/product\/racao-cat-chow-purina-adultos-carne-101-kg\/","title":{"rendered":"RACAO CAT CHOW PURINA ADULTOS CARNE 10,1 KG"},"content":{"rendered":"<div class=\"font-size-24 mb-3\">Descri\u00e7\u00e3o<\/div>\n<div class=\"text-body\">\n<p>Uma nutri\u00e7\u00e3o de qualidade \u00e9 fundamental para manter a sa\u00fade do seu gato. Por isso,\u00a0<strong>Ra\u00e7\u00e3o Seca Purina Cat Chow Carne para Gatos Adultos\u00a0<\/strong>\u00e9 feita com ingredientes naturais e enriquecida com prebi\u00f3tico natural para apoiar o equil\u00edbrio intestinal do seu felino.<\/p>\n<p>Com a tecnologia Defense Plus, que cont\u00e9m\u00a0antioxidantes, vitaminas e minerais, fortalecendo a imunidade do seu gato e melhorando sua resist\u00eancia, enquanto protege seu estilo de vida especial. Com\u00a0<strong>Purina Cat Chow Carne para Gatos Adultos<\/strong>, voc\u00ea proporciona uma camada de prote\u00e7\u00e3o di\u00e1ria ao seu gato, enquanto ele saboreia um alimento delicioso.<\/p>\n<p><strong>Com usar:<\/strong><\/p>\n<p>Para adaptar a alimenta\u00e7\u00e3o do seu gato, fa\u00e7a a transi\u00e7\u00e3o gradualmente ao longo de 7 a 10 dias, substituindo pequenas quantidades do alimento atual at\u00e9 que ele consuma apenas\u00a0<strong>Ra\u00e7\u00e3o Seca Purina Cat Chow Carne<\/strong>. Ajuste a quantidade di\u00e1ria de acordo com as condi\u00e7\u00f5es ambientais, o n\u00edvel de atividade e a condi\u00e7\u00e3o f\u00edsica do seu gato.<\/p>\n<ul>\n<li>\n<h4><strong>Porte pequeno (2 kg &#8211; 3,5 kg):<\/strong>\u00a030g &#8211; 55g diariamente;<\/h4>\n<\/li>\n<li>\n<h4><strong>Porte m\u00e9dio (3,5 kg &#8211; 6,5 kg):<\/strong>\u00a055g &#8211; 100g diariamente;<\/h4>\n<\/li>\n<li>\n<h4><strong>Porte grande (6,5 kg &#8211; 11 kg):<\/strong>\u00a0100g &#8211; 165g diariamente.<\/h4>\n<\/li>\n<\/ul>\n<p>Embalagem com 10,1kg.<\/p>\n<\/p><\/div>","protected":false},"excerpt":{"rendered":"<p>Descri\u00e7\u00e3o Uma nutri\u00e7\u00e3o de qualidade \u00e9 fundamental para manter a sa\u00fade do seu gato. Por isso,\u00a0Ra\u00e7\u00e3o Seca Purina Cat Chow Carne para Gatos Adultos\u00a0\u00e9 feita com ingredientes naturais e enriquecida com prebi\u00f3tico natural para apoiar o equil\u00edbrio intestinal do seu felino. Com a tecnologia Defense Plus, que cont\u00e9m\u00a0antioxidantes, vitaminas e minerais, fortalecendo a imunidade do [&hellip;]<\/p>\n","protected":false},"featured_media":1410786054,"comment_status":"open","ping_status":"closed","template":"","meta":{"googlesitekit_rrm_CAow0N7NCw:productID":"","content-type":"","pmpro_default_level":"","_themeisle_gutenberg_block_has_review":false},"product_brand":[],"product_cat":[256],"product_tag":[],"class_list":{"0":"post-1410786055","1":"product","2":"type-product","3":"status-publish","4":"has-post-thumbnail","6":"product_cat-racoes","7":"pmpro-has-access","9":"first","10":"outofstock","11":"taxable","12":"shipping-taxable","13":"purchasable","14":"product-type-simple"},"_links":{"self":[{"href":"https:\/\/dinhosreef.com\/en\/wp-json\/wp\/v2\/product\/1410786055","targetHints":{"allow":["GET"]}}],"collection":[{"href":"https:\/\/dinhosreef.com\/en\/wp-json\/wp\/v2\/product"}],"about":[{"href":"https:\/\/dinhosreef.com\/en\/wp-json\/wp\/v2\/types\/product"}],"replies":[{"embeddable":true,"href":"https:\/\/dinhosreef.com\/en\/wp-json\/wp\/v2\/comments?post=1410786055"}],"wp:featuredmedia":[{"embeddable":true,"href":"https:\/\/dinhosreef.com\/en\/wp-json\/wp\/v2\/media\/1410786054"}],"wp:attachment":[{"href":"https:\/\/dinhosreef.com\/en\/wp-json\/wp\/v2\/media?parent=1410786055"}],"wp:term":[{"taxonomy":"product_brand","embeddable":true,"href":"https:\/\/dinhosreef.com\/en\/wp-json\/wp\/v2\/product_brand?post=1410786055"},{"taxonomy":"product_cat","embeddable":true,"href":"https:\/\/dinhosreef.com\/en\/wp-json\/wp\/v2\/product_cat?post=1410786055"},{"taxonomy":"product_tag","embeddable":true,"href":"https:\/\/dinhosreef.com\/en\/wp-json\/wp\/v2\/product_tag?post=1410786055"}],"curies":[{"name":"wp","href":"https:\/\/api.w.org\/{rel}","templated":true}]}}