{"id":1410786119,"date":"2025-09-24T20:57:09","date_gmt":"2025-09-24T23:57:09","guid":{"rendered":"https:\/\/dinhosreef.com\/produto\/refil-verde-cata-caca-1-unidade\/"},"modified":"2025-12-01T17:36:04","modified_gmt":"2025-12-01T20:36:04","slug":"refil-verde-cata-caca-1-unidade","status":"publish","type":"product","link":"https:\/\/dinhosreef.com\/en\/product\/refil-verde-cata-caca-1-unidade\/","title":{"rendered":"REFIL VERDE CATA CACA &#8211; 1 UNIDADE"},"content":{"rendered":"<p>O Kit Refil Cata Caca \u00e9 <strong>ideal para coletar as fezes do seu pet<\/strong>\u00a0durante passeios com seu bichinho.<\/p>\n<p>Os saquinhos s\u00e3o feitos de\u00a0<strong>pl\u00e1stico recicl\u00e1vel e imperme\u00e1vel<\/strong>, \u00e0 prova de vazamentos. Al\u00e9m disso, os saquinhos t\u00eam cheirinho de talco.<\/p>","protected":false},"excerpt":{"rendered":"<p>O Kit Refil Cata Caca \u00e9 ideal para coletar as fezes do seu pet\u00a0durante passeios com seu bichinho. Os saquinhos s\u00e3o feitos de\u00a0pl\u00e1stico recicl\u00e1vel e imperme\u00e1vel, \u00e0 prova de vazamentos. Al\u00e9m disso, os saquinhos t\u00eam cheirinho de talco.<\/p>","protected":false},"featured_media":1410786117,"comment_status":"open","ping_status":"closed","template":"","meta":{"googlesitekit_rrm_CAow0N7NCw:productID":"","content-type":"","pmpro_default_level":"","_themeisle_gutenberg_block_has_review":false},"product_brand":[],"product_cat":[357],"product_tag":[],"class_list":{"0":"post-1410786119","1":"product","2":"type-product","3":"status-publish","4":"has-post-thumbnail","6":"product_cat-saquinhos-higienicos","7":"aux-has-gallery","8":"pmpro-has-access","10":"first","11":"instock","12":"taxable","13":"shipping-taxable","14":"purchasable","15":"product-type-simple"},"_links":{"self":[{"href":"https:\/\/dinhosreef.com\/en\/wp-json\/wp\/v2\/product\/1410786119","targetHints":{"allow":["GET"]}}],"collection":[{"href":"https:\/\/dinhosreef.com\/en\/wp-json\/wp\/v2\/product"}],"about":[{"href":"https:\/\/dinhosreef.com\/en\/wp-json\/wp\/v2\/types\/product"}],"replies":[{"embeddable":true,"href":"https:\/\/dinhosreef.com\/en\/wp-json\/wp\/v2\/comments?post=1410786119"}],"wp:featuredmedia":[{"embeddable":true,"href":"https:\/\/dinhosreef.com\/en\/wp-json\/wp\/v2\/media\/1410786117"}],"wp:attachment":[{"href":"https:\/\/dinhosreef.com\/en\/wp-json\/wp\/v2\/media?parent=1410786119"}],"wp:term":[{"taxonomy":"product_brand","embeddable":true,"href":"https:\/\/dinhosreef.com\/en\/wp-json\/wp\/v2\/product_brand?post=1410786119"},{"taxonomy":"product_cat","embeddable":true,"href":"https:\/\/dinhosreef.com\/en\/wp-json\/wp\/v2\/product_cat?post=1410786119"},{"taxonomy":"product_tag","embeddable":true,"href":"https:\/\/dinhosreef.com\/en\/wp-json\/wp\/v2\/product_tag?post=1410786119"}],"curies":[{"name":"wp","href":"https:\/\/api.w.org\/{rel}","templated":true}]}}