{"id":1410786125,"date":"2025-09-24T20:57:23","date_gmt":"2025-09-24T23:57:23","guid":{"rendered":"https:\/\/dinhosreef.com\/produto\/friskies-petiscos-salmao-40g-1-un\/"},"modified":"2026-04-17T18:46:44","modified_gmt":"2026-04-17T21:46:44","slug":"friskies-petiscos-salmao-40g-1-un","status":"publish","type":"product","link":"https:\/\/dinhosreef.com\/en\/product\/friskies-petiscos-salmao-40g-1-un\/","title":{"rendered":"FRISKIES PETISCOS SALMAO 40G 1 UN"},"content":{"rendered":"<h5 class=\"card-subtitle mb-1\">Descri\u00e7\u00e3o<\/h5>\n<p>PURINA FRISKIES\u00ae PARTY MIX\u00ae: Compartilhe momentos amorosos e divertidos com este delicioso petisco feito com salm\u00e3o de verdade\u00b9 que foi desenvolvido para fazer seu gato explorar diferentes formas, cores naturais e sabores. Al\u00e9m disso, cont\u00e9m prote\u00ednas e vitaminas para ajudar o seu gato a ter uma vida saud\u00e1vel e feliz.<\/p>\n<p>Conhe\u00e7a outras variedades para despertar a divers\u00e3o do seu gato!<br \/>\u00c9 hora da festa!<\/p>","protected":false},"excerpt":{"rendered":"<p>Descri\u00e7\u00e3o PURINA FRISKIES\u00ae PARTY MIX\u00ae: Compartilhe momentos amorosos e divertidos com este delicioso petisco feito com salm\u00e3o de verdade\u00b9 que foi desenvolvido para fazer seu gato explorar diferentes formas, cores naturais e sabores. Al\u00e9m disso, cont\u00e9m prote\u00ednas e vitaminas para ajudar o seu gato a ter uma vida saud\u00e1vel e feliz. Conhe\u00e7a outras variedades para [&hellip;]<\/p>\n","protected":false},"featured_media":1410786124,"comment_status":"open","ping_status":"closed","template":"","meta":{"googlesitekit_rrm_CAow0N7NCw:productID":"","content-type":"","pmpro_default_level":"","_themeisle_gutenberg_block_has_review":false},"product_brand":[],"product_cat":[256],"product_tag":[],"class_list":{"0":"post-1410786125","1":"product","2":"type-product","3":"status-publish","4":"has-post-thumbnail","6":"product_cat-racoes","7":"pmpro-has-access","9":"first","10":"instock","11":"taxable","12":"shipping-taxable","13":"purchasable","14":"product-type-simple"},"_links":{"self":[{"href":"https:\/\/dinhosreef.com\/en\/wp-json\/wp\/v2\/product\/1410786125","targetHints":{"allow":["GET"]}}],"collection":[{"href":"https:\/\/dinhosreef.com\/en\/wp-json\/wp\/v2\/product"}],"about":[{"href":"https:\/\/dinhosreef.com\/en\/wp-json\/wp\/v2\/types\/product"}],"replies":[{"embeddable":true,"href":"https:\/\/dinhosreef.com\/en\/wp-json\/wp\/v2\/comments?post=1410786125"}],"wp:featuredmedia":[{"embeddable":true,"href":"https:\/\/dinhosreef.com\/en\/wp-json\/wp\/v2\/media\/1410786124"}],"wp:attachment":[{"href":"https:\/\/dinhosreef.com\/en\/wp-json\/wp\/v2\/media?parent=1410786125"}],"wp:term":[{"taxonomy":"product_brand","embeddable":true,"href":"https:\/\/dinhosreef.com\/en\/wp-json\/wp\/v2\/product_brand?post=1410786125"},{"taxonomy":"product_cat","embeddable":true,"href":"https:\/\/dinhosreef.com\/en\/wp-json\/wp\/v2\/product_cat?post=1410786125"},{"taxonomy":"product_tag","embeddable":true,"href":"https:\/\/dinhosreef.com\/en\/wp-json\/wp\/v2\/product_tag?post=1410786125"}],"curies":[{"name":"wp","href":"https:\/\/api.w.org\/{rel}","templated":true}]}}