{"id":1410786135,"date":"2025-09-24T20:57:50","date_gmt":"2025-09-24T23:57:50","guid":{"rendered":"https:\/\/dinhosreef.com\/produto\/dentalife-gatos-40g-1-un\/"},"modified":"2025-12-18T21:38:19","modified_gmt":"2025-12-19T00:38:19","slug":"dentalife-gatos-40g-1-un","status":"publish","type":"product","link":"https:\/\/dinhosreef.com\/en\/product\/dentalife-gatos-40g-1-un\/","title":{"rendered":"DENTALIFE GATOS 40G 1 UN"},"content":{"rendered":"<h5 class=\"card-subtitle mb-1\">Descri\u00e7\u00e3o<\/h5>\n<p>PURINA\u00ae DENTALIFE oferece um cuidado oral di\u00e1rio com sabor e formato de petisco, para ajudar a manter a rotina di\u00e1ria de higiene oral de forma mais f\u00e1cil e torn\u00e1-la um momento divertido e saboroso.<\/p>","protected":false},"excerpt":{"rendered":"<p>Descri\u00e7\u00e3o PURINA\u00ae DENTALIFE oferece um cuidado oral di\u00e1rio com sabor e formato de petisco, para ajudar a manter a rotina di\u00e1ria de higiene oral de forma mais f\u00e1cil e torn\u00e1-la um momento divertido e saboroso.<\/p>","protected":false},"featured_media":1410786134,"comment_status":"open","ping_status":"closed","template":"","meta":{"googlesitekit_rrm_CAow0N7NCw:productID":"","content-type":"","pmpro_default_level":"","_themeisle_gutenberg_block_has_review":false},"product_brand":[],"product_cat":[256],"product_tag":[],"class_list":{"0":"post-1410786135","1":"product","2":"type-product","3":"status-publish","4":"has-post-thumbnail","6":"product_cat-racoes","7":"pmpro-has-access","9":"first","10":"outofstock","11":"taxable","12":"shipping-taxable","13":"purchasable","14":"product-type-simple"},"_links":{"self":[{"href":"https:\/\/dinhosreef.com\/en\/wp-json\/wp\/v2\/product\/1410786135","targetHints":{"allow":["GET"]}}],"collection":[{"href":"https:\/\/dinhosreef.com\/en\/wp-json\/wp\/v2\/product"}],"about":[{"href":"https:\/\/dinhosreef.com\/en\/wp-json\/wp\/v2\/types\/product"}],"replies":[{"embeddable":true,"href":"https:\/\/dinhosreef.com\/en\/wp-json\/wp\/v2\/comments?post=1410786135"}],"wp:featuredmedia":[{"embeddable":true,"href":"https:\/\/dinhosreef.com\/en\/wp-json\/wp\/v2\/media\/1410786134"}],"wp:attachment":[{"href":"https:\/\/dinhosreef.com\/en\/wp-json\/wp\/v2\/media?parent=1410786135"}],"wp:term":[{"taxonomy":"product_brand","embeddable":true,"href":"https:\/\/dinhosreef.com\/en\/wp-json\/wp\/v2\/product_brand?post=1410786135"},{"taxonomy":"product_cat","embeddable":true,"href":"https:\/\/dinhosreef.com\/en\/wp-json\/wp\/v2\/product_cat?post=1410786135"},{"taxonomy":"product_tag","embeddable":true,"href":"https:\/\/dinhosreef.com\/en\/wp-json\/wp\/v2\/product_tag?post=1410786135"}],"curies":[{"name":"wp","href":"https:\/\/api.w.org\/{rel}","templated":true}]}}