{"id":1410786137,"date":"2025-09-24T20:57:53","date_gmt":"2025-09-24T23:57:53","guid":{"rendered":"https:\/\/dinhosreef.com\/produto\/dentalife-caes-racas-pequenas-42g-1-un\/"},"modified":"2026-04-21T07:32:29","modified_gmt":"2026-04-21T10:32:29","slug":"dentalife-caes-racas-pequenas-42g-1-un","status":"publish","type":"product","link":"https:\/\/dinhosreef.com\/en\/product\/dentalife-caes-racas-pequenas-42g-1-un\/","title":{"rendered":"DENTALIFE CAES RACAS PEQUENAS 42G 1 UN"},"content":{"rendered":"<p><strong>DESCRI\u00c7\u00c3O<\/strong><\/p>\n<p><strong>Purina Dentalife<\/strong>\u00a0\u00e9 indicado para\u00a0<strong>c\u00e3es<\/strong>\u00a0adultos de\u00a0<strong>Pequeno<\/strong> Porte, preparado com ingredientes saud\u00e1veis e com o delicioso sabor de frango. Inovadora textura porosa e f\u00e1cil de mastigar, possui 8 partes tra\u00e7adas que auxiliam na limpeza dos dentes at\u00e9 a regi\u00e3o da gengiva.<\/p>","protected":false},"excerpt":{"rendered":"<p>DESCRI\u00c7\u00c3O Purina Dentalife\u00a0\u00e9 indicado para\u00a0c\u00e3es\u00a0adultos de\u00a0Pequeno Porte, preparado com ingredientes saud\u00e1veis e com o delicioso sabor de frango. Inovadora textura porosa e f\u00e1cil de mastigar, possui 8 partes tra\u00e7adas que auxiliam na limpeza dos dentes at\u00e9 a regi\u00e3o da gengiva.<\/p>","protected":false},"featured_media":1410786136,"comment_status":"open","ping_status":"closed","template":"","meta":{"googlesitekit_rrm_CAow0N7NCw:productID":"","content-type":"","pmpro_default_level":"","_themeisle_gutenberg_block_has_review":false},"product_brand":[],"product_cat":[259],"product_tag":[],"class_list":{"0":"post-1410786137","1":"product","2":"type-product","3":"status-publish","4":"has-post-thumbnail","6":"product_cat-racoes-alimento-petisco-e-suplemento-caes","7":"pmpro-has-access","9":"first","10":"outofstock","11":"taxable","12":"shipping-taxable","13":"purchasable","14":"product-type-simple"},"_links":{"self":[{"href":"https:\/\/dinhosreef.com\/en\/wp-json\/wp\/v2\/product\/1410786137","targetHints":{"allow":["GET"]}}],"collection":[{"href":"https:\/\/dinhosreef.com\/en\/wp-json\/wp\/v2\/product"}],"about":[{"href":"https:\/\/dinhosreef.com\/en\/wp-json\/wp\/v2\/types\/product"}],"replies":[{"embeddable":true,"href":"https:\/\/dinhosreef.com\/en\/wp-json\/wp\/v2\/comments?post=1410786137"}],"wp:featuredmedia":[{"embeddable":true,"href":"https:\/\/dinhosreef.com\/en\/wp-json\/wp\/v2\/media\/1410786136"}],"wp:attachment":[{"href":"https:\/\/dinhosreef.com\/en\/wp-json\/wp\/v2\/media?parent=1410786137"}],"wp:term":[{"taxonomy":"product_brand","embeddable":true,"href":"https:\/\/dinhosreef.com\/en\/wp-json\/wp\/v2\/product_brand?post=1410786137"},{"taxonomy":"product_cat","embeddable":true,"href":"https:\/\/dinhosreef.com\/en\/wp-json\/wp\/v2\/product_cat?post=1410786137"},{"taxonomy":"product_tag","embeddable":true,"href":"https:\/\/dinhosreef.com\/en\/wp-json\/wp\/v2\/product_tag?post=1410786137"}],"curies":[{"name":"wp","href":"https:\/\/api.w.org\/{rel}","templated":true}]}}