{"id":1410786149,"date":"2025-09-24T20:58:25","date_gmt":"2025-09-24T23:58:25","guid":{"rendered":"https:\/\/dinhosreef.com\/produto\/sache-friskies-carne-ao-molho-85g-1-un\/"},"modified":"2026-04-24T16:53:21","modified_gmt":"2026-04-24T19:53:21","slug":"sache-friskies-carne-ao-molho-85g-1-un","status":"publish","type":"product","link":"https:\/\/dinhosreef.com\/en\/product\/sache-friskies-carne-ao-molho-85g-1-un\/","title":{"rendered":"SACH\u00ca FRISKIES CARNE AO MOLHO 85G 1 UN"},"content":{"rendered":"<p>\u00a0<\/p>\n<ul>\n<li>FRISKIES\u00ae Carne \u00e9 um alimento \u00famido com sabor que os gatos adoram.<\/li>\n<li>\u00c9 um alimento saboroso feito de peda\u00e7os com carne em um molho, sem corantes e conservantes artificiais.<\/li>\n<li>Contribui para um trato urin\u00e1rio saud\u00e1vel.<\/li>\n<li>Ajuda a manter seu gato saud\u00e1vel atrav\u00e9s da combina\u00e7\u00e3o de vitaminas e minerais essenciais.<\/li>\n<li>Contribui para pele e pelos saud\u00e1veis.<\/li>\n<li>Pode ser oferecido como uma refei\u00e7\u00e3o.<\/li>\n<li>Auxilia na hidrata\u00e7\u00e3o di\u00e1ria.<\/li>\n<li>Prote\u00ednas de alta qualidade que contribuem para m\u00fasculos fortes.\u00a0<\/li>\n<\/ul>","protected":false},"excerpt":{"rendered":"<p>\u00a0 FRISKIES\u00ae Carne \u00e9 um alimento \u00famido com sabor que os gatos adoram. \u00c9 um alimento saboroso feito de peda\u00e7os com carne em um molho, sem corantes e conservantes artificiais. Contribui para um trato urin\u00e1rio saud\u00e1vel. Ajuda a manter seu gato saud\u00e1vel atrav\u00e9s da combina\u00e7\u00e3o de vitaminas e minerais essenciais. Contribui para pele e pelos [&hellip;]<\/p>\n","protected":false},"featured_media":1410786148,"comment_status":"open","ping_status":"closed","template":"","meta":{"googlesitekit_rrm_CAow0N7NCw:productID":"","content-type":"","pmpro_default_level":"","_themeisle_gutenberg_block_has_review":false},"product_brand":[],"product_cat":[256],"product_tag":[],"class_list":{"0":"post-1410786149","1":"product","2":"type-product","3":"status-publish","4":"has-post-thumbnail","6":"product_cat-racoes","7":"pmpro-has-access","9":"first","10":"instock","11":"taxable","12":"shipping-taxable","13":"purchasable","14":"product-type-simple"},"_links":{"self":[{"href":"https:\/\/dinhosreef.com\/en\/wp-json\/wp\/v2\/product\/1410786149","targetHints":{"allow":["GET"]}}],"collection":[{"href":"https:\/\/dinhosreef.com\/en\/wp-json\/wp\/v2\/product"}],"about":[{"href":"https:\/\/dinhosreef.com\/en\/wp-json\/wp\/v2\/types\/product"}],"replies":[{"embeddable":true,"href":"https:\/\/dinhosreef.com\/en\/wp-json\/wp\/v2\/comments?post=1410786149"}],"wp:featuredmedia":[{"embeddable":true,"href":"https:\/\/dinhosreef.com\/en\/wp-json\/wp\/v2\/media\/1410786148"}],"wp:attachment":[{"href":"https:\/\/dinhosreef.com\/en\/wp-json\/wp\/v2\/media?parent=1410786149"}],"wp:term":[{"taxonomy":"product_brand","embeddable":true,"href":"https:\/\/dinhosreef.com\/en\/wp-json\/wp\/v2\/product_brand?post=1410786149"},{"taxonomy":"product_cat","embeddable":true,"href":"https:\/\/dinhosreef.com\/en\/wp-json\/wp\/v2\/product_cat?post=1410786149"},{"taxonomy":"product_tag","embeddable":true,"href":"https:\/\/dinhosreef.com\/en\/wp-json\/wp\/v2\/product_tag?post=1410786149"}],"curies":[{"name":"wp","href":"https:\/\/api.w.org\/{rel}","templated":true}]}}