{"id":1410786155,"date":"2025-09-24T20:58:59","date_gmt":"2025-09-24T23:58:59","guid":{"rendered":"https:\/\/dinhosreef.com\/produto\/sache-fancy-feast-casserole-atum-slm-85g-1-un\/"},"modified":"2025-09-24T20:58:59","modified_gmt":"2025-09-24T23:58:59","slug":"sache-fancy-feast-casserole-atum-slm-85g-1-un","status":"publish","type":"product","link":"https:\/\/dinhosreef.com\/en\/product\/sache-fancy-feast-casserole-atum-slm-85g-1-un\/","title":{"rendered":"SACH\u00ca FANCY FEAST CASSEROLE ATUM SLM 85G 1 UN"},"content":{"rendered":"<h5 class=\"card-subtitle mb-1\">Descri\u00e7\u00e3o<\/h5>\n<h4>Ra\u00e7\u00e3o \u00famida super premium para gatos\u00a0<strong>FANCY FEAST\u00ae<\/strong>\u00a0\u00e9 o alimento completo e balanceado para gatos adultos.<\/h4>\n<p>Surpreenda o seu gato com receitas \u00fanicas e 100% balanceadas, como o Casserole, feito com delicados peda\u00e7os de atum e salm\u00e3o cortados e imersos em bastante molho. O amor est\u00e1 nos detalhes.<\/p>","protected":false},"excerpt":{"rendered":"<p>Descri\u00e7\u00e3o Ra\u00e7\u00e3o \u00famida super premium para gatos\u00a0FANCY FEAST\u00ae\u00a0\u00e9 o alimento completo e balanceado para gatos adultos. Surpreenda o seu gato com receitas \u00fanicas e 100% balanceadas, como o Casserole, feito com delicados peda\u00e7os de atum e salm\u00e3o cortados e imersos em bastante molho. O amor est\u00e1 nos detalhes.<\/p>","protected":false},"featured_media":1410786154,"comment_status":"open","ping_status":"closed","template":"","meta":{"googlesitekit_rrm_CAow0N7NCw:productID":"","content-type":"","pmpro_default_level":"","_themeisle_gutenberg_block_has_review":false},"product_brand":[],"product_cat":[256],"product_tag":[],"class_list":{"0":"post-1410786155","1":"product","2":"type-product","3":"status-publish","4":"has-post-thumbnail","6":"product_cat-racoes","7":"pmpro-has-access","9":"first","10":"instock","11":"taxable","12":"shipping-taxable","13":"purchasable","14":"product-type-simple"},"_links":{"self":[{"href":"https:\/\/dinhosreef.com\/en\/wp-json\/wp\/v2\/product\/1410786155","targetHints":{"allow":["GET"]}}],"collection":[{"href":"https:\/\/dinhosreef.com\/en\/wp-json\/wp\/v2\/product"}],"about":[{"href":"https:\/\/dinhosreef.com\/en\/wp-json\/wp\/v2\/types\/product"}],"replies":[{"embeddable":true,"href":"https:\/\/dinhosreef.com\/en\/wp-json\/wp\/v2\/comments?post=1410786155"}],"wp:featuredmedia":[{"embeddable":true,"href":"https:\/\/dinhosreef.com\/en\/wp-json\/wp\/v2\/media\/1410786154"}],"wp:attachment":[{"href":"https:\/\/dinhosreef.com\/en\/wp-json\/wp\/v2\/media?parent=1410786155"}],"wp:term":[{"taxonomy":"product_brand","embeddable":true,"href":"https:\/\/dinhosreef.com\/en\/wp-json\/wp\/v2\/product_brand?post=1410786155"},{"taxonomy":"product_cat","embeddable":true,"href":"https:\/\/dinhosreef.com\/en\/wp-json\/wp\/v2\/product_cat?post=1410786155"},{"taxonomy":"product_tag","embeddable":true,"href":"https:\/\/dinhosreef.com\/en\/wp-json\/wp\/v2\/product_tag?post=1410786155"}],"curies":[{"name":"wp","href":"https:\/\/api.w.org\/{rel}","templated":true}]}}