{"id":1410786169,"date":"2025-09-26T12:22:18","date_gmt":"2025-09-26T15:22:18","guid":{"rendered":"https:\/\/dinhosreef.com\/produto\/racao-poytara-natural-line-cubifex-tubifex-8g-peixe-aquarios\/"},"modified":"2026-04-30T14:51:40","modified_gmt":"2026-04-30T17:51:40","slug":"racao-poytara-natural-line-cubifex-tubifex-8g-peixe-aquarios","status":"publish","type":"product","link":"https:\/\/dinhosreef.com\/en\/product\/racao-poytara-natural-line-cubifex-tubifex-8g-peixe-aquarios\/","title":{"rendered":"Ra\u00e7\u00e3o Poytara Natural Line Cubifex Tubifex 8g Peixe Aquarios"},"content":{"rendered":"<p>Este alimento proteico natural tem alta palatabilidade, auxilia no est\u00edmulo do comportamento natural de ca\u00e7a e forrageamento, importante no enriquecimento ambiental e atrai at\u00e9 esp\u00e9cies mais seletivas.<\/p>","protected":false},"excerpt":{"rendered":"<p>Este alimento proteico natural tem alta palatabilidade, auxilia no est\u00edmulo do comportamento natural de ca\u00e7a e forrageamento, importante no enriquecimento ambiental e atrai at\u00e9 esp\u00e9cies mais seletivas.<\/p>","protected":false},"featured_media":1410786168,"comment_status":"open","ping_status":"closed","template":"","meta":{"googlesitekit_rrm_CAow0N7NCw:productID":"","content-type":"","pmpro_default_level":"","_themeisle_gutenberg_block_has_review":false},"product_brand":[380],"product_cat":[57],"product_tag":[],"class_list":{"0":"post-1410786169","1":"product","2":"type-product","3":"status-publish","4":"has-post-thumbnail","6":"product_brand-poytara","7":"product_cat-alimentos","8":"pmpro-has-access","10":"first","11":"outofstock","12":"taxable","13":"shipping-taxable","14":"purchasable","15":"product-type-simple"},"_links":{"self":[{"href":"https:\/\/dinhosreef.com\/en\/wp-json\/wp\/v2\/product\/1410786169","targetHints":{"allow":["GET"]}}],"collection":[{"href":"https:\/\/dinhosreef.com\/en\/wp-json\/wp\/v2\/product"}],"about":[{"href":"https:\/\/dinhosreef.com\/en\/wp-json\/wp\/v2\/types\/product"}],"replies":[{"embeddable":true,"href":"https:\/\/dinhosreef.com\/en\/wp-json\/wp\/v2\/comments?post=1410786169"}],"wp:featuredmedia":[{"embeddable":true,"href":"https:\/\/dinhosreef.com\/en\/wp-json\/wp\/v2\/media\/1410786168"}],"wp:attachment":[{"href":"https:\/\/dinhosreef.com\/en\/wp-json\/wp\/v2\/media?parent=1410786169"}],"wp:term":[{"taxonomy":"product_brand","embeddable":true,"href":"https:\/\/dinhosreef.com\/en\/wp-json\/wp\/v2\/product_brand?post=1410786169"},{"taxonomy":"product_cat","embeddable":true,"href":"https:\/\/dinhosreef.com\/en\/wp-json\/wp\/v2\/product_cat?post=1410786169"},{"taxonomy":"product_tag","embeddable":true,"href":"https:\/\/dinhosreef.com\/en\/wp-json\/wp\/v2\/product_tag?post=1410786169"}],"curies":[{"name":"wp","href":"https:\/\/api.w.org\/{rel}","templated":true}]}}