{"id":1410786173,"date":"2025-09-26T12:22:29","date_gmt":"2025-09-26T15:22:29","guid":{"rendered":"https:\/\/dinhosreef.com\/produto\/racao-poytara-natural-line-daphnia-dafnia-30g-peixes-aquario\/"},"modified":"2026-01-17T09:22:50","modified_gmt":"2026-01-17T12:22:50","slug":"racao-poytara-natural-line-daphnia-dafnia-30g-peixes-aquario","status":"publish","type":"product","link":"https:\/\/dinhosreef.com\/en\/product\/racao-poytara-natural-line-daphnia-dafnia-30g-peixes-aquario\/","title":{"rendered":"Ra\u00e7\u00e3o Poytara Natural Line Daphnia Dafnia 30g Peixes Aquario"},"content":{"rendered":"<h2 class=\"ui-pdp-description__title\" data-testid=\"title\">Descri\u00e7\u00e3o<\/h2>\n<p class=\"ui-pdp-description__content\" data-testid=\"content\">Pote: 30g<\/p>\n<p>\u00c9 um alimento que oferece praticidade, sendo um complemento perfeito para a alimenta\u00e7\u00e3o, fornecendo nutrientes essenciais para as fases de crescimento, desenvolvimento e reprodu\u00e7\u00e3o.<\/p>\n<p>Este petisco proteico natural tem alta palatabilidade, auxilia no est\u00edmulo do comportamento natural de ca\u00e7a e forrageamento, importante no enriquecimento ambiental e atrai at\u00e9 esp\u00e9cies mais seletivas.<\/p>\n<p>Aten\u00e7\u00e3o: ESTE PRODUTO N\u00c3O SUBSTITUI O ALIMENTO COMPLETO. N\u00e3o deve ser fornecido como alimento \u00fanico.<\/p>","protected":false},"excerpt":{"rendered":"<p>Descri\u00e7\u00e3o Pote: 30g \u00c9 um alimento que oferece praticidade, sendo um complemento perfeito para a alimenta\u00e7\u00e3o, fornecendo nutrientes essenciais para as fases de crescimento, desenvolvimento e reprodu\u00e7\u00e3o. Este petisco proteico natural tem alta palatabilidade, auxilia no est\u00edmulo do comportamento natural de ca\u00e7a e forrageamento, importante no enriquecimento ambiental e atrai at\u00e9 esp\u00e9cies mais seletivas. Aten\u00e7\u00e3o: [&hellip;]<\/p>\n","protected":false},"featured_media":1410786172,"comment_status":"open","ping_status":"closed","template":"","meta":{"googlesitekit_rrm_CAow0N7NCw:productID":"","content-type":"","pmpro_default_level":"","_themeisle_gutenberg_block_has_review":false},"product_brand":[380],"product_cat":[57],"product_tag":[],"class_list":{"0":"post-1410786173","1":"product","2":"type-product","3":"status-publish","4":"has-post-thumbnail","6":"product_brand-poytara","7":"product_cat-alimentos","8":"pmpro-has-access","10":"first","11":"instock","12":"taxable","13":"shipping-taxable","14":"purchasable","15":"product-type-simple"},"_links":{"self":[{"href":"https:\/\/dinhosreef.com\/en\/wp-json\/wp\/v2\/product\/1410786173","targetHints":{"allow":["GET"]}}],"collection":[{"href":"https:\/\/dinhosreef.com\/en\/wp-json\/wp\/v2\/product"}],"about":[{"href":"https:\/\/dinhosreef.com\/en\/wp-json\/wp\/v2\/types\/product"}],"replies":[{"embeddable":true,"href":"https:\/\/dinhosreef.com\/en\/wp-json\/wp\/v2\/comments?post=1410786173"}],"wp:featuredmedia":[{"embeddable":true,"href":"https:\/\/dinhosreef.com\/en\/wp-json\/wp\/v2\/media\/1410786172"}],"wp:attachment":[{"href":"https:\/\/dinhosreef.com\/en\/wp-json\/wp\/v2\/media?parent=1410786173"}],"wp:term":[{"taxonomy":"product_brand","embeddable":true,"href":"https:\/\/dinhosreef.com\/en\/wp-json\/wp\/v2\/product_brand?post=1410786173"},{"taxonomy":"product_cat","embeddable":true,"href":"https:\/\/dinhosreef.com\/en\/wp-json\/wp\/v2\/product_cat?post=1410786173"},{"taxonomy":"product_tag","embeddable":true,"href":"https:\/\/dinhosreef.com\/en\/wp-json\/wp\/v2\/product_tag?post=1410786173"}],"curies":[{"name":"wp","href":"https:\/\/api.w.org\/{rel}","templated":true}]}}