{"id":1410786179,"date":"2025-09-26T12:22:42","date_gmt":"2025-09-26T15:22:42","guid":{"rendered":"https:\/\/dinhosreef.com\/produto\/racao-poytara-natural-line-gammarus-11g-peixes-tartarugas\/"},"modified":"2026-04-12T10:34:24","modified_gmt":"2026-04-12T13:34:24","slug":"racao-poytara-natural-line-gammarus-11g-peixes-tartarugas","status":"publish","type":"product","link":"https:\/\/dinhosreef.com\/en\/product\/racao-poytara-natural-line-gammarus-11g-peixes-tartarugas\/","title":{"rendered":"Ra\u00e7\u00e3o Poytara Natural Line Gammarus 11g Peixes Tartarugas"},"content":{"rendered":"<h2 class=\"ui-pdp-description__title\" data-testid=\"title\">Descri\u00e7\u00e3o<\/h2>\n<p class=\"ui-pdp-description__content\" data-testid=\"content\">Ra\u00e7\u00e3o Poytara Natural Line Gammarus 11g Peixes Tartarugas<\/p>\n<p>Excelente fonte de prote\u00ednas, fibras e minerais, em especial o c\u00e1lcio, que para tartarugas aqu\u00e1ticas como tigre d\u2019\u00e1gua s\u00e3o importantes para o desenvolvimento saud\u00e1vel dos ossos e carapa\u00e7a.<\/p>\n<p>O Gammarus em sua forma natural desidratada \u00e9 um complemento perfeito para a alimenta\u00e7\u00e3o, fornecendo nutrientes essenciais para as fases de crescimento, desenvolvimento e reprodu\u00e7\u00e3o.<\/p>\n<p>Este petisco proteico natural tem alta palatabilidade, desperta o instinto de ca\u00e7a e atrai at\u00e9 esp\u00e9cies mais seletivas.<\/p>","protected":false},"excerpt":{"rendered":"<p>Descri\u00e7\u00e3o Ra\u00e7\u00e3o Poytara Natural Line Gammarus 11g Peixes Tartarugas Excelente fonte de prote\u00ednas, fibras e minerais, em especial o c\u00e1lcio, que para tartarugas aqu\u00e1ticas como tigre d\u2019\u00e1gua s\u00e3o importantes para o desenvolvimento saud\u00e1vel dos ossos e carapa\u00e7a. O Gammarus em sua forma natural desidratada \u00e9 um complemento perfeito para a alimenta\u00e7\u00e3o, fornecendo nutrientes essenciais para [&hellip;]<\/p>\n","protected":false},"featured_media":1410786178,"comment_status":"open","ping_status":"closed","template":"","meta":{"googlesitekit_rrm_CAow0N7NCw:productID":"","content-type":"","pmpro_default_level":"","_themeisle_gutenberg_block_has_review":false},"product_brand":[380],"product_cat":[57,442],"product_tag":[],"class_list":{"0":"post-1410786179","1":"product","2":"type-product","3":"status-publish","4":"has-post-thumbnail","6":"product_brand-poytara","7":"product_cat-alimentos","8":"product_cat-repteis","9":"pmpro-has-access","11":"first","12":"instock","13":"taxable","14":"shipping-taxable","15":"purchasable","16":"product-type-simple"},"_links":{"self":[{"href":"https:\/\/dinhosreef.com\/en\/wp-json\/wp\/v2\/product\/1410786179","targetHints":{"allow":["GET"]}}],"collection":[{"href":"https:\/\/dinhosreef.com\/en\/wp-json\/wp\/v2\/product"}],"about":[{"href":"https:\/\/dinhosreef.com\/en\/wp-json\/wp\/v2\/types\/product"}],"replies":[{"embeddable":true,"href":"https:\/\/dinhosreef.com\/en\/wp-json\/wp\/v2\/comments?post=1410786179"}],"wp:featuredmedia":[{"embeddable":true,"href":"https:\/\/dinhosreef.com\/en\/wp-json\/wp\/v2\/media\/1410786178"}],"wp:attachment":[{"href":"https:\/\/dinhosreef.com\/en\/wp-json\/wp\/v2\/media?parent=1410786179"}],"wp:term":[{"taxonomy":"product_brand","embeddable":true,"href":"https:\/\/dinhosreef.com\/en\/wp-json\/wp\/v2\/product_brand?post=1410786179"},{"taxonomy":"product_cat","embeddable":true,"href":"https:\/\/dinhosreef.com\/en\/wp-json\/wp\/v2\/product_cat?post=1410786179"},{"taxonomy":"product_tag","embeddable":true,"href":"https:\/\/dinhosreef.com\/en\/wp-json\/wp\/v2\/product_tag?post=1410786179"}],"curies":[{"name":"wp","href":"https:\/\/api.w.org\/{rel}","templated":true}]}}