{"id":1410786181,"date":"2025-09-26T12:22:58","date_gmt":"2025-09-26T15:22:58","guid":{"rendered":"https:\/\/dinhosreef.com\/produto\/alimento-poytara-tenebrio-40g-natural-line\/"},"modified":"2026-04-14T12:23:11","modified_gmt":"2026-04-14T15:23:11","slug":"alimento-poytara-tenebrio-40g-natural-line","status":"publish","type":"product","link":"https:\/\/dinhosreef.com\/en\/product\/alimento-poytara-tenebrio-40g-natural-line\/","title":{"rendered":"Alimento Poytara Ten\u00e9brio 40g Natural Line"},"content":{"rendered":"<p>Ten\u00e9brio Natural Line \u00e9 um alimento espec\u00edfico, natural e saud\u00e1vel, que pode ser utilizado como complemento nutricional a dieta b\u00e1sica de peixes, r\u00e9pteis, quel\u00f4nios e aves. Um alimento altamente palat\u00e1vel, fonte de prote\u00edna de f\u00e1cil digest\u00e3o que auxilia para uma dieta variada, nutritiva e energ\u00e9tica.<\/p>\n<p>\u00c9 um alimento que oferece praticidade, em sua forma natural desidratado \u00e9 um complemento perfeito para a alimenta\u00e7\u00e3o, fornecendo nutrientes essenciais para as fases de crescimento, desenvolvimento e reprodu\u00e7\u00e3o.<\/p>\n<p>Este petisco proteico natural tem alta palatabilidade, auxilia no est\u00edmulo do comportamento natural de ca\u00e7a e forrageamento, importante no enriquecimento ambiental e atrai at\u00e9 esp\u00e9cies mais seletivas.<\/p>","protected":false},"excerpt":{"rendered":"<p>Ten\u00e9brio Natural Line \u00e9 um alimento espec\u00edfico, natural e saud\u00e1vel, que pode ser utilizado como complemento nutricional a dieta b\u00e1sica de peixes, r\u00e9pteis, quel\u00f4nios e aves. Um alimento altamente palat\u00e1vel, fonte de prote\u00edna de f\u00e1cil digest\u00e3o que auxilia para uma dieta variada, nutritiva e energ\u00e9tica. \u00c9 um alimento que oferece praticidade, em sua forma natural [&hellip;]<\/p>\n","protected":false},"featured_media":1410786180,"comment_status":"open","ping_status":"closed","template":"","meta":{"googlesitekit_rrm_CAow0N7NCw:productID":"","content-type":"","pmpro_default_level":"","_themeisle_gutenberg_block_has_review":false},"product_brand":[380],"product_cat":[359],"product_tag":[],"class_list":{"0":"post-1410786181","1":"product","2":"type-product","3":"status-publish","4":"has-post-thumbnail","6":"product_brand-poytara","7":"product_cat-racao-racao","8":"pmpro-has-access","10":"first","11":"instock","12":"taxable","13":"shipping-taxable","14":"purchasable","15":"product-type-simple"},"_links":{"self":[{"href":"https:\/\/dinhosreef.com\/en\/wp-json\/wp\/v2\/product\/1410786181","targetHints":{"allow":["GET"]}}],"collection":[{"href":"https:\/\/dinhosreef.com\/en\/wp-json\/wp\/v2\/product"}],"about":[{"href":"https:\/\/dinhosreef.com\/en\/wp-json\/wp\/v2\/types\/product"}],"replies":[{"embeddable":true,"href":"https:\/\/dinhosreef.com\/en\/wp-json\/wp\/v2\/comments?post=1410786181"}],"wp:featuredmedia":[{"embeddable":true,"href":"https:\/\/dinhosreef.com\/en\/wp-json\/wp\/v2\/media\/1410786180"}],"wp:attachment":[{"href":"https:\/\/dinhosreef.com\/en\/wp-json\/wp\/v2\/media?parent=1410786181"}],"wp:term":[{"taxonomy":"product_brand","embeddable":true,"href":"https:\/\/dinhosreef.com\/en\/wp-json\/wp\/v2\/product_brand?post=1410786181"},{"taxonomy":"product_cat","embeddable":true,"href":"https:\/\/dinhosreef.com\/en\/wp-json\/wp\/v2\/product_cat?post=1410786181"},{"taxonomy":"product_tag","embeddable":true,"href":"https:\/\/dinhosreef.com\/en\/wp-json\/wp\/v2\/product_tag?post=1410786181"}],"curies":[{"name":"wp","href":"https:\/\/api.w.org\/{rel}","templated":true}]}}